{"id":5866,"date":"2022-11-05T12:27:45","date_gmt":"2022-11-05T12:27:45","guid":{"rendered":"https:\/\/www.beta.novaktenniscenter.com\/expertski-tim\/teniski-treneri\/zoran-grbovic\/"},"modified":"2022-11-08T12:44:46","modified_gmt":"2022-11-08T12:44:46","slug":"zoran-grbovic","status":"publish","type":"page","link":"https:\/\/ntc.server.develop.in.rs\/sr\/expertski-tim\/fitnes-tim\/zoran-grbovic\/","title":{"rendered":"Zoran Grbovi\u0107"},"content":{"rendered":"<h4>Teniski trener<\/h4>\r\n\r\n<span>Zavr\u0161io Vi\u0161u trenersku \u0161kolu \u2013 smer \u201cSportska gimnastika\u201d, kao i Fakultet sporta i fizi\u010dkog vaspitanja u Beogradu.<\/span>\r\n<span>Zoran je radio 4 godine u Gr\u010dkoj kao trener gimnastike, a a potom kao kondicioni trener vaterpolo reprezentacije Srbije i gimnasti\u010dke reprezentacije Srbije.<\/span>\r\n<span>Grbovi\u0107 je sara\u0111ivao sa vrhunskim sportistima iz svih sportova i disciplina.<\/span>\r\n<span>Zoran je prisutan u vrhunskom profesionalnom tenisu ve\u0107 30 godina.<\/span>\r\n<span>Bio je deo tima Dejvis Kupa i radio sa vi\u0161e generacija tenisera u svim kategorijama.<\/span>\r\n<span>Grbovi\u0107 je trenirao Novaka \u0110okovi\u0107a, Nenada Zimonji\u0107a, Viktora Troickog, Jelenu Jankovi\u0107, Iliju Bozoljca, Ivana Bjelicu, Aleksandra Slovi\u0107a, i mnoge druge velike teniske \u0161ampione.<\/span>\r\n\r\n\r\n","protected":false},"excerpt":{"rendered":"<p>Teniski trener Zavr\u0161io Vi\u0161u trenersku \u0161kolu \u2013 smer \u201cSportska gimnastika\u201d, kao i Fakultet sporta i fizi\u010dkog vaspitanja u Beogradu. Zoran je radio 4 godine u Gr\u010dkoj kao trener gimnastike, a a potom kao kondicioni trener vaterpolo reprezentacije Srbije i gimnasti\u010dke reprezentacije Srbije. Grbovi\u0107 je sara\u0111ivao sa vrhunskim sportistima iz svih sportova i disciplina. Zoran je [&hellip;]<\/p>\n","protected":false},"author":1,"featured_media":5878,"parent":4129,"menu_order":0,"comment_status":"closed","ping_status":"closed","template":"template-single-coach.php","meta":[],"godina":[],"acf":[],"_links":{"self":[{"href":"https:\/\/ntc.server.develop.in.rs\/sr\/wp-json\/wp\/v2\/pages\/5866"}],"collection":[{"href":"https:\/\/ntc.server.develop.in.rs\/sr\/wp-json\/wp\/v2\/pages"}],"about":[{"href":"https:\/\/ntc.server.develop.in.rs\/sr\/wp-json\/wp\/v2\/types\/page"}],"author":[{"embeddable":true,"href":"https:\/\/ntc.server.develop.in.rs\/sr\/wp-json\/wp\/v2\/users\/1"}],"replies":[{"embeddable":true,"href":"https:\/\/ntc.server.develop.in.rs\/sr\/wp-json\/wp\/v2\/comments?post=5866"}],"version-history":[{"count":1,"href":"https:\/\/ntc.server.develop.in.rs\/sr\/wp-json\/wp\/v2\/pages\/5866\/revisions"}],"predecessor-version":[{"id":5867,"href":"https:\/\/ntc.server.develop.in.rs\/sr\/wp-json\/wp\/v2\/pages\/5866\/revisions\/5867"}],"up":[{"embeddable":true,"href":"https:\/\/ntc.server.develop.in.rs\/sr\/wp-json\/wp\/v2\/pages\/4129"}],"wp:featuredmedia":[{"embeddable":true,"href":"https:\/\/ntc.server.develop.in.rs\/sr\/wp-json\/wp\/v2\/media\/5878"}],"wp:attachment":[{"href":"https:\/\/ntc.server.develop.in.rs\/sr\/wp-json\/wp\/v2\/media?parent=5866"}],"wp:term":[{"taxonomy":"godina","embeddable":true,"href":"https:\/\/ntc.server.develop.in.rs\/sr\/wp-json\/wp\/v2\/godina?post=5866"}],"curies":[{"name":"wp","href":"https:\/\/api.w.org\/{rel}","templated":true}]}}