{"id":5508,"date":"2022-08-24T13:23:28","date_gmt":"2022-08-24T13:23:28","guid":{"rendered":"https:\/\/www.beta.novaktenniscenter.com\/expertski-tim\/fitnes-tim\/miljan-grbovic\/"},"modified":"2022-08-27T05:58:44","modified_gmt":"2022-08-27T05:58:44","slug":"miljan-grbovic","status":"publish","type":"page","link":"https:\/\/ntc.server.develop.in.rs\/sr\/expertski-tim\/fitnes-tim\/miljan-grbovic\/","title":{"rendered":"Miljan Grbovic\u0301"},"content":{"rendered":"<h4>Glavni fitnes trener<\/h4>\r\n\r\n<span>Miljan Grbovi\u0107 je magistar i doktor sportske gimnastike, dugogodi\u0161nji profesor na Fakultetu sporta i fizi\u010dkog vaspitanja, trener i kondicioni trener mnogih ostvarenih sportista. Usavr\u0161avao se na GCOLIFK-u u Moskvi i INEFC-u u Barseloni. U toku svoje bogate karijere bio je trener \u017eenske reprezentacije Jugoslavije, Srbije i Beograda. Kao kondicioni trener radio je sa sportskim ekipama koje su ostvarile vrhunske rezultate. Trenirao je vaterpolo reprezentaciju Jugoslavije (Olimpijski pobednici 1988), juniorsku vaterpolo reprezentaciju Jugoslavije (prvaci Evrope), stonotenisku reprezentaciju Jugoslavije. <\/span>\r\n\r\n<span>Mu\u0161ku rukometnu reprezentaciju Jugoslavije spremao je za Evropsko prvenstvo 1996. kada su osvojili 3. mesto.\u017densku rukometnu reprezentaciju Srbije i Crne Gore spremao je za Svetsko prvenstvo 2006., a sa odbojka\u0161kim reprezentacijama Srbije i Crne Gore radio je od 2003. do 2006., osvojiv\u0161i razne medalje. Grbovi\u0107 je bio i kondicioni trener odbojka\u0161ke reprezentacije Srbije od 2006-2013, fudbalske reprezentacije Gane 2012., na Afri\u010dkom kupu gde su osvojili 3. mesto. Sa ko\u0161arka\u0161kom reprezentacijom Slovenije radio je 2017., kada su postali Evropski prvaci. Kondicioni trener stonoteniske \u017eenske reprezentacije Kine bio je 2018., na Olimpijskim azijskim igrama. Kineske stonoteniserke tada su postale ekipni i individualni prvaci.<\/span>\r\n\r\n<span>Svoje ogromno iskustvo, Miljan Grbovi\u0107 sada koristi i u teniskom centru Novak gde radi kao\r\nrukovodilac teretane pripremaju\u0107i vrhunske sportiste za najvi\u0161e rezultate.<\/span>","protected":false},"excerpt":{"rendered":"<p>Glavni fitnes trener Miljan Grbovi\u0107 je magistar i doktor sportske gimnastike, dugogodi\u0161nji profesor na Fakultetu sporta i fizi\u010dkog vaspitanja, trener i kondicioni trener mnogih ostvarenih sportista. Usavr\u0161avao se na GCOLIFK-u u Moskvi i INEFC-u u Barseloni. U toku svoje bogate karijere bio je trener \u017eenske reprezentacije Jugoslavije, Srbije i Beograda. Kao kondicioni trener radio je [&hellip;]<\/p>\n","protected":false},"author":1,"featured_media":5502,"parent":4129,"menu_order":0,"comment_status":"closed","ping_status":"closed","template":"template-single-coach.php","meta":[],"godina":[],"acf":[],"_links":{"self":[{"href":"https:\/\/ntc.server.develop.in.rs\/sr\/wp-json\/wp\/v2\/pages\/5508"}],"collection":[{"href":"https:\/\/ntc.server.develop.in.rs\/sr\/wp-json\/wp\/v2\/pages"}],"about":[{"href":"https:\/\/ntc.server.develop.in.rs\/sr\/wp-json\/wp\/v2\/types\/page"}],"author":[{"embeddable":true,"href":"https:\/\/ntc.server.develop.in.rs\/sr\/wp-json\/wp\/v2\/users\/1"}],"replies":[{"embeddable":true,"href":"https:\/\/ntc.server.develop.in.rs\/sr\/wp-json\/wp\/v2\/comments?post=5508"}],"version-history":[{"count":4,"href":"https:\/\/ntc.server.develop.in.rs\/sr\/wp-json\/wp\/v2\/pages\/5508\/revisions"}],"predecessor-version":[{"id":5514,"href":"https:\/\/ntc.server.develop.in.rs\/sr\/wp-json\/wp\/v2\/pages\/5508\/revisions\/5514"}],"up":[{"embeddable":true,"href":"https:\/\/ntc.server.develop.in.rs\/sr\/wp-json\/wp\/v2\/pages\/4129"}],"wp:featuredmedia":[{"embeddable":true,"href":"https:\/\/ntc.server.develop.in.rs\/sr\/wp-json\/wp\/v2\/media\/5502"}],"wp:attachment":[{"href":"https:\/\/ntc.server.develop.in.rs\/sr\/wp-json\/wp\/v2\/media?parent=5508"}],"wp:term":[{"taxonomy":"godina","embeddable":true,"href":"https:\/\/ntc.server.develop.in.rs\/sr\/wp-json\/wp\/v2\/godina?post=5508"}],"curies":[{"name":"wp","href":"https:\/\/api.w.org\/{rel}","templated":true}]}}