{"id":5453,"date":"2022-07-12T20:30:28","date_gmt":"2022-07-12T20:30:28","guid":{"rendered":"https:\/\/www.beta.novaktenniscenter.com\/expertski-tim\/teniski-treneri\/vasilija-vojinovic\/"},"modified":"2022-08-11T13:41:02","modified_gmt":"2022-08-11T13:41:02","slug":"vasilija-vojinovic","status":"publish","type":"page","link":"https:\/\/ntc.server.develop.in.rs\/sr\/expertski-tim\/teniski-treneri\/vasilija-vojinovic\/","title":{"rendered":"Vasilija Vojinovi\u0107"},"content":{"rendered":"<h4>Teniski trener<\/h4>\r\n\r\n<span>Vasilija Vojinovic\u0301 je ro\u0111ena u Beogradu.<\/span>\r\n<span>Trenirala je u TK Crvena zvezda i postala reprezentativna \u0161ampionka Srbije U14 i U18, kao i pobednica Prvenstva Beograda do 14 godina.<\/span>\r\n<span>Srednju \u0161kolu zavr\u0161ila je u Beogradu (Sportsku gimnaziju), a potom i Pravni fakultet za privredu i pravosu\u0111e. Trenersku karijeru zapo\u010dela je 2018. godine, u \u201eKosta Navarino rizortu\u201d u Gr\u010dkoj. <\/span>\r\n<span>2020. radila je kao teniski trener u \u201eKolonijalnom suncu\u201c. <\/span>","protected":false},"excerpt":{"rendered":"<p>Teniski trener Vasilija Vojinovic\u0301 je ro\u0111ena u Beogradu. Trenirala je u TK Crvena zvezda i postala reprezentativna \u0161ampionka Srbije U14 i U18, kao i pobednica Prvenstva Beograda do 14 godina. Srednju \u0161kolu zavr\u0161ila je u Beogradu (Sportsku gimnaziju), a potom i Pravni fakultet za privredu i pravosu\u0111e. Trenersku karijeru zapo\u010dela je 2018. godine, u \u201eKosta [&hellip;]<\/p>\n","protected":false},"author":1,"featured_media":4664,"parent":4125,"menu_order":0,"comment_status":"closed","ping_status":"closed","template":"template-single-coach.php","meta":[],"godina":[],"acf":[],"_links":{"self":[{"href":"https:\/\/ntc.server.develop.in.rs\/sr\/wp-json\/wp\/v2\/pages\/5453"}],"collection":[{"href":"https:\/\/ntc.server.develop.in.rs\/sr\/wp-json\/wp\/v2\/pages"}],"about":[{"href":"https:\/\/ntc.server.develop.in.rs\/sr\/wp-json\/wp\/v2\/types\/page"}],"author":[{"embeddable":true,"href":"https:\/\/ntc.server.develop.in.rs\/sr\/wp-json\/wp\/v2\/users\/1"}],"replies":[{"embeddable":true,"href":"https:\/\/ntc.server.develop.in.rs\/sr\/wp-json\/wp\/v2\/comments?post=5453"}],"version-history":[{"count":2,"href":"https:\/\/ntc.server.develop.in.rs\/sr\/wp-json\/wp\/v2\/pages\/5453\/revisions"}],"predecessor-version":[{"id":5456,"href":"https:\/\/ntc.server.develop.in.rs\/sr\/wp-json\/wp\/v2\/pages\/5453\/revisions\/5456"}],"up":[{"embeddable":true,"href":"https:\/\/ntc.server.develop.in.rs\/sr\/wp-json\/wp\/v2\/pages\/4125"}],"wp:featuredmedia":[{"embeddable":true,"href":"https:\/\/ntc.server.develop.in.rs\/sr\/wp-json\/wp\/v2\/media\/4664"}],"wp:attachment":[{"href":"https:\/\/ntc.server.develop.in.rs\/sr\/wp-json\/wp\/v2\/media?parent=5453"}],"wp:term":[{"taxonomy":"godina","embeddable":true,"href":"https:\/\/ntc.server.develop.in.rs\/sr\/wp-json\/wp\/v2\/godina?post=5453"}],"curies":[{"name":"wp","href":"https:\/\/api.w.org\/{rel}","templated":true}]}}