{"id":5451,"date":"2022-07-12T20:23:44","date_gmt":"2022-07-12T20:23:44","guid":{"rendered":"https:\/\/www.beta.novaktenniscenter.com\/expertski-tim\/teniski-treneri\/robert-rac-sabo\/"},"modified":"2022-10-19T16:29:46","modified_gmt":"2022-10-19T16:29:46","slug":"robert-rac-sabo","status":"publish","type":"page","link":"https:\/\/ntc.server.develop.in.rs\/sr\/expertski-tim\/teniski-treneri\/robert-rac-sabo\/","title":{"rendered":"Robert Rac-Sabo"},"content":{"rendered":"<h4>Teniski trener<\/h4>\r\n\r\n<span>Ro\u0111en u Vrbasu, TK Elite Novi Sad<\/span>\r\n<span>Diplomirao na Univerzitetu sporta u Beogradu, Srbija<\/span>\r\n<span>C i D licencirani trener Teniske federacije Srbije, tako\u0111e poseduje GPTCA licencu<\/span>\r\n<span>Proveo je 6 godina u Bushido, sportskoj \u0161koli za decu<\/span>\r\n<span>9 godina trenerskog iskustva u nekoliko teniskih klubova, kao \u0161to su TK Vrbas, TK Agrimes, TK \u0110ukic\u0301, itd.<\/span>","protected":false},"excerpt":{"rendered":"<p>Teniski trener Ro\u0111en u Vrbasu, TK Elite Novi Sad Diplomirao na Univerzitetu sporta u Beogradu, Srbija C i D licencirani trener Teniske federacije Srbije, tako\u0111e poseduje GPTCA licencu Proveo je 6 godina u Bushido, sportskoj \u0161koli za decu 9 godina trenerskog iskustva u nekoliko teniskih klubova, kao \u0161to su TK Vrbas, TK Agrimes, TK \u0110ukic\u0301, [&hellip;]<\/p>\n","protected":false},"author":1,"featured_media":4662,"parent":4125,"menu_order":0,"comment_status":"closed","ping_status":"closed","template":"template-single-coach.php","meta":[],"godina":[],"acf":[],"_links":{"self":[{"href":"https:\/\/ntc.server.develop.in.rs\/sr\/wp-json\/wp\/v2\/pages\/5451"}],"collection":[{"href":"https:\/\/ntc.server.develop.in.rs\/sr\/wp-json\/wp\/v2\/pages"}],"about":[{"href":"https:\/\/ntc.server.develop.in.rs\/sr\/wp-json\/wp\/v2\/types\/page"}],"author":[{"embeddable":true,"href":"https:\/\/ntc.server.develop.in.rs\/sr\/wp-json\/wp\/v2\/users\/1"}],"replies":[{"embeddable":true,"href":"https:\/\/ntc.server.develop.in.rs\/sr\/wp-json\/wp\/v2\/comments?post=5451"}],"version-history":[{"count":2,"href":"https:\/\/ntc.server.develop.in.rs\/sr\/wp-json\/wp\/v2\/pages\/5451\/revisions"}],"predecessor-version":[{"id":5793,"href":"https:\/\/ntc.server.develop.in.rs\/sr\/wp-json\/wp\/v2\/pages\/5451\/revisions\/5793"}],"up":[{"embeddable":true,"href":"https:\/\/ntc.server.develop.in.rs\/sr\/wp-json\/wp\/v2\/pages\/4125"}],"wp:featuredmedia":[{"embeddable":true,"href":"https:\/\/ntc.server.develop.in.rs\/sr\/wp-json\/wp\/v2\/media\/4662"}],"wp:attachment":[{"href":"https:\/\/ntc.server.develop.in.rs\/sr\/wp-json\/wp\/v2\/media?parent=5451"}],"wp:term":[{"taxonomy":"godina","embeddable":true,"href":"https:\/\/ntc.server.develop.in.rs\/sr\/wp-json\/wp\/v2\/godina?post=5451"}],"curies":[{"name":"wp","href":"https:\/\/api.w.org\/{rel}","templated":true}]}}