{"id":5448,"date":"2022-07-12T20:19:42","date_gmt":"2022-07-12T20:19:42","guid":{"rendered":"https:\/\/www.beta.novaktenniscenter.com\/expertski-tim\/teniski-treneri\/nikola-dzaleta\/"},"modified":"2022-08-11T13:39:01","modified_gmt":"2022-08-11T13:39:01","slug":"nikola-dzaleta","status":"publish","type":"page","link":"https:\/\/ntc.server.develop.in.rs\/sr\/expertski-tim\/teniski-treneri\/nikola-dzaleta\/","title":{"rendered":"Nikola D\u017ealeta"},"content":{"rendered":"<h4>Teniski trener<\/h4>\r\n\r\n<span>Ro\u0111en u Beogradu, kao dete je dosta vremena provodio u Libiji, TK Partizan<\/span>\r\n<span>Teniska licenca Srpske federacije nivoa \u201eB\u201c i \u201eC\u201c<\/span>\r\n<span>Po\u010deo je da igra tenis sa 6 godina i profesionalno se takmi\u010dio 10 godina<\/span>\r\n<span>10 najboljih u Srbiji tokom svoje juniorske karijere<\/span>\r\n<span>\u010clan juniorske reprezentacije Srbije<\/span>\r\n<span>Veliki partner za Fed kup tim Srbije 2010. i 2011. i nekoliko profesionalnih igra\u010da (uklju\u010dujuc\u0301i biv\u0161u broj 1. Jelenu Jankovic\u0301)<\/span>\r\n<span>Diploma sportskog menad\u017ementa<\/span>","protected":false},"excerpt":{"rendered":"<p>Teniski trener Ro\u0111en u Beogradu, kao dete je dosta vremena provodio u Libiji, TK Partizan Teniska licenca Srpske federacije nivoa \u201eB\u201c i \u201eC\u201c Po\u010deo je da igra tenis sa 6 godina i profesionalno se takmi\u010dio 10 godina 10 najboljih u Srbiji tokom svoje juniorske karijere \u010clan juniorske reprezentacije Srbije Veliki partner za Fed kup tim [&hellip;]<\/p>\n","protected":false},"author":1,"featured_media":4655,"parent":4125,"menu_order":0,"comment_status":"closed","ping_status":"closed","template":"template-single-coach.php","meta":[],"godina":[],"acf":[],"_links":{"self":[{"href":"https:\/\/ntc.server.develop.in.rs\/sr\/wp-json\/wp\/v2\/pages\/5448"}],"collection":[{"href":"https:\/\/ntc.server.develop.in.rs\/sr\/wp-json\/wp\/v2\/pages"}],"about":[{"href":"https:\/\/ntc.server.develop.in.rs\/sr\/wp-json\/wp\/v2\/types\/page"}],"author":[{"embeddable":true,"href":"https:\/\/ntc.server.develop.in.rs\/sr\/wp-json\/wp\/v2\/users\/1"}],"replies":[{"embeddable":true,"href":"https:\/\/ntc.server.develop.in.rs\/sr\/wp-json\/wp\/v2\/comments?post=5448"}],"version-history":[{"count":1,"href":"https:\/\/ntc.server.develop.in.rs\/sr\/wp-json\/wp\/v2\/pages\/5448\/revisions"}],"predecessor-version":[{"id":5452,"href":"https:\/\/ntc.server.develop.in.rs\/sr\/wp-json\/wp\/v2\/pages\/5448\/revisions\/5452"}],"up":[{"embeddable":true,"href":"https:\/\/ntc.server.develop.in.rs\/sr\/wp-json\/wp\/v2\/pages\/4125"}],"wp:featuredmedia":[{"embeddable":true,"href":"https:\/\/ntc.server.develop.in.rs\/sr\/wp-json\/wp\/v2\/media\/4655"}],"wp:attachment":[{"href":"https:\/\/ntc.server.develop.in.rs\/sr\/wp-json\/wp\/v2\/media?parent=5448"}],"wp:term":[{"taxonomy":"godina","embeddable":true,"href":"https:\/\/ntc.server.develop.in.rs\/sr\/wp-json\/wp\/v2\/godina?post=5448"}],"curies":[{"name":"wp","href":"https:\/\/api.w.org\/{rel}","templated":true}]}}