{"id":5447,"date":"2022-07-12T20:06:52","date_gmt":"2022-07-12T20:06:52","guid":{"rendered":"https:\/\/www.beta.novaktenniscenter.com\/expertski-tim\/teniski-treneri\/mico-miladinovic\/"},"modified":"2022-08-11T13:38:20","modified_gmt":"2022-08-11T13:38:20","slug":"mico-miladinovic","status":"publish","type":"page","link":"https:\/\/ntc.server.develop.in.rs\/sr\/expertski-tim\/teniski-treneri\/mico-miladinovic\/","title":{"rendered":"Mi\u0107o Miladinovi\u0107"},"content":{"rendered":"<h4>Teniski trener<\/h4>\r\n\r\n<span>Mi\u0107o Miladinovi\u0107 je iskusan trener sa 18 godina duga\u010dkom karijerom. Radio je sa preko 600 polaznika, treniraju\u0107i igra\u010de od 12 do 14 godina. Osniva\u010d je Play Smart teniskog programa za mlade igra\u010de i iskusno radi sa njima na implementaciji mentalnih priprema i neurofunkcionalnog treninga.<\/span>\r\n<span>Miladinovi\u0107 poseduje sertifikate visokih treninga i obuka:<\/span>\r\n<span>Licence D i C za teniskog trenera, dodeljene od strane Teniske asocijacije Srbije;<\/span>\r\n<span>Reiki &#8211; zavr\u0161en prvi i drugi nivo;<\/span>\r\n<span>&#8222;NTC Learning System&#8220; sertifikat;<\/span>\r\n\r\n<span>Dosada\u0161nje iskustvo Mi\u0107a Miladinovi\u0107a je op\u0161irno:<\/span>\r\n<span>&#8211; Radio je kao trener u TK &#8222;Sloboda&#8220; u \u010ca\u010dku, od 2003. do 2008. Bio je na poziciji glavnog teniskog trenera u TK &#8222;Haron&#8220;, \u010ca\u010dak, od 2009 do 2013. u sportskoj akademiji &#8222;Marcus Quay&#8220;, u Mumbaju, radio je kao teniski trener od januara do decembra 2013. U TK &#8222;Haron&#8220; u Beogradu, radio je kao glavni trener od 2014. U Teniskoj asocijaciji Srbije bavio se trenerskim poslom u osnovnim \u0161kolama. Tako\u0111e, Mi\u0107o se bavio i organizacijom letnjih kampova \u0161irom zemlje. <\/span>","protected":false},"excerpt":{"rendered":"<p>Teniski trener Mi\u0107o Miladinovi\u0107 je iskusan trener sa 18 godina duga\u010dkom karijerom. Radio je sa preko 600 polaznika, treniraju\u0107i igra\u010de od 12 do 14 godina. Osniva\u010d je Play Smart teniskog programa za mlade igra\u010de i iskusno radi sa njima na implementaciji mentalnih priprema i neurofunkcionalnog treninga. Miladinovi\u0107 poseduje sertifikate visokih treninga i obuka: Licence D [&hellip;]<\/p>\n","protected":false},"author":1,"featured_media":4644,"parent":4125,"menu_order":0,"comment_status":"closed","ping_status":"closed","template":"template-single-coach.php","meta":[],"godina":[],"acf":[],"_links":{"self":[{"href":"https:\/\/ntc.server.develop.in.rs\/sr\/wp-json\/wp\/v2\/pages\/5447"}],"collection":[{"href":"https:\/\/ntc.server.develop.in.rs\/sr\/wp-json\/wp\/v2\/pages"}],"about":[{"href":"https:\/\/ntc.server.develop.in.rs\/sr\/wp-json\/wp\/v2\/types\/page"}],"author":[{"embeddable":true,"href":"https:\/\/ntc.server.develop.in.rs\/sr\/wp-json\/wp\/v2\/users\/1"}],"replies":[{"embeddable":true,"href":"https:\/\/ntc.server.develop.in.rs\/sr\/wp-json\/wp\/v2\/comments?post=5447"}],"version-history":[{"count":2,"href":"https:\/\/ntc.server.develop.in.rs\/sr\/wp-json\/wp\/v2\/pages\/5447\/revisions"}],"predecessor-version":[{"id":5450,"href":"https:\/\/ntc.server.develop.in.rs\/sr\/wp-json\/wp\/v2\/pages\/5447\/revisions\/5450"}],"up":[{"embeddable":true,"href":"https:\/\/ntc.server.develop.in.rs\/sr\/wp-json\/wp\/v2\/pages\/4125"}],"wp:featuredmedia":[{"embeddable":true,"href":"https:\/\/ntc.server.develop.in.rs\/sr\/wp-json\/wp\/v2\/media\/4644"}],"wp:attachment":[{"href":"https:\/\/ntc.server.develop.in.rs\/sr\/wp-json\/wp\/v2\/media?parent=5447"}],"wp:term":[{"taxonomy":"godina","embeddable":true,"href":"https:\/\/ntc.server.develop.in.rs\/sr\/wp-json\/wp\/v2\/godina?post=5447"}],"curies":[{"name":"wp","href":"https:\/\/api.w.org\/{rel}","templated":true}]}}