{"id":5433,"date":"2022-07-12T20:03:28","date_gmt":"2022-07-12T20:03:28","guid":{"rendered":"https:\/\/www.beta.novaktenniscenter.com\/expertski-tim\/teniski-treneri\/marko-sorovic\/"},"modified":"2022-08-11T13:33:39","modified_gmt":"2022-08-11T13:33:39","slug":"marko-sorovic","status":"publish","type":"page","link":"https:\/\/ntc.server.develop.in.rs\/sr\/expertski-tim\/teniski-treneri\/marko-sorovic\/","title":{"rendered":"Marko Sorovi\u0107"},"content":{"rendered":"<h4>Teniski trener<\/h4>\r\n\r\n<span>Marko \u0160orovi\u0107 je iskusan trener i sparing partner dece i juniora. Ro\u0111en je u Sjedinjenim Ameri\u010dkim Dr\u017eavama, dr\u017eavi Kolorado. Bio je profesionalni teniser, sertifikovan od strane USPTA (\u201eUdru\u017eenje profesionalnih tenisera SAD\u201c) i formalno rangirani junior. <\/span>\r\n<span>Svoju trenersku karijeru Marko zapo\u010dinje 2011. na \u201eD\u017eejn Forman\u201c teniskoj akademiji, gde radi sa decom od 5 do 17 godina.<\/span>\r\n<span>U teniskom centru \u201eTenis 305\u201c u Majamiju, Marko radi kao trener od 2013. do 2016. Tamo trenira najbolje rangirane juniore od 9 do 17 godina. Sa polaznicima, \u0160orovi\u0107 radi na pripremama za turnire kao trener i sparing partner.<\/span>\r\n<span>Od 2016. do 2017., \u0160orovi\u0107 je glavni trener u \u201eD\u017eodi Valet Aleksandar\u201c privatnoj Montesori \u0161koli, kao trener fizi\u010dkog vaspitanja, specijalizovan za tenis. <\/span>\r\n<span>Od 2017. do 2019., radi u teniskom klubu \u201eHaron\u201c u Beogradu. Ima funkciju trenera, sparing partnera i li\u010dnog trenera Nikole Matovi\u0107a, tre\u0107erangiranog U12 igra\u010da i polufinaliste dr\u017eavnog prvenstva.<\/span>\r\n<span>Do 2022., \u0160orovi\u0107 radi u teniskom timu \u201eGame Point\u201c, kao trener, sparing partner i pratilac ITF igra\u010dima.\r\nDiplomirao je na \u201eMajami Dejd\u201c koled\u017eu i Me\u0111unarodnom univerzitetu na Floridi.<\/span>","protected":false},"excerpt":{"rendered":"<p>Teniski trener Marko \u0160orovi\u0107 je iskusan trener i sparing partner dece i juniora. Ro\u0111en je u Sjedinjenim Ameri\u010dkim Dr\u017eavama, dr\u017eavi Kolorado. Bio je profesionalni teniser, sertifikovan od strane USPTA (\u201eUdru\u017eenje profesionalnih tenisera SAD\u201c) i formalno rangirani junior. Svoju trenersku karijeru Marko zapo\u010dinje 2011. na \u201eD\u017eejn Forman\u201c teniskoj akademiji, gde radi sa decom od 5 do [&hellip;]<\/p>\n","protected":false},"author":1,"featured_media":4637,"parent":4125,"menu_order":0,"comment_status":"closed","ping_status":"closed","template":"template-single-coach.php","meta":[],"godina":[],"acf":[],"_links":{"self":[{"href":"https:\/\/ntc.server.develop.in.rs\/sr\/wp-json\/wp\/v2\/pages\/5433"}],"collection":[{"href":"https:\/\/ntc.server.develop.in.rs\/sr\/wp-json\/wp\/v2\/pages"}],"about":[{"href":"https:\/\/ntc.server.develop.in.rs\/sr\/wp-json\/wp\/v2\/types\/page"}],"author":[{"embeddable":true,"href":"https:\/\/ntc.server.develop.in.rs\/sr\/wp-json\/wp\/v2\/users\/1"}],"replies":[{"embeddable":true,"href":"https:\/\/ntc.server.develop.in.rs\/sr\/wp-json\/wp\/v2\/comments?post=5433"}],"version-history":[{"count":2,"href":"https:\/\/ntc.server.develop.in.rs\/sr\/wp-json\/wp\/v2\/pages\/5433\/revisions"}],"predecessor-version":[{"id":5442,"href":"https:\/\/ntc.server.develop.in.rs\/sr\/wp-json\/wp\/v2\/pages\/5433\/revisions\/5442"}],"up":[{"embeddable":true,"href":"https:\/\/ntc.server.develop.in.rs\/sr\/wp-json\/wp\/v2\/pages\/4125"}],"wp:featuredmedia":[{"embeddable":true,"href":"https:\/\/ntc.server.develop.in.rs\/sr\/wp-json\/wp\/v2\/media\/4637"}],"wp:attachment":[{"href":"https:\/\/ntc.server.develop.in.rs\/sr\/wp-json\/wp\/v2\/media?parent=5433"}],"wp:term":[{"taxonomy":"godina","embeddable":true,"href":"https:\/\/ntc.server.develop.in.rs\/sr\/wp-json\/wp\/v2\/godina?post=5433"}],"curies":[{"name":"wp","href":"https:\/\/api.w.org\/{rel}","templated":true}]}}