{"id":5432,"date":"2022-07-12T20:00:06","date_gmt":"2022-07-12T20:00:06","guid":{"rendered":"https:\/\/www.beta.novaktenniscenter.com\/expertski-tim\/teniski-treneri\/maja-tosic\/"},"modified":"2022-08-11T13:32:20","modified_gmt":"2022-08-11T13:32:20","slug":"maja-tosic","status":"publish","type":"page","link":"https:\/\/ntc.server.develop.in.rs\/sr\/expertski-tim\/teniski-treneri\/maja-tosic\/","title":{"rendered":"Maja To\u0161i\u0107"},"content":{"rendered":"<h4>Teniski trener<\/h4>\r\n\r\n<span>Ro\u0111en u Sarajevu, odrastao u Beogradu, TK Partizan<\/span>\r\n<span>Tenis je po\u010deo da igra 1989. godine u TK Partizan u Beogradu, Srbija i takmi\u010dio se od 1991. do 1999. godine.<\/span>\r\n<span>Diplomirao na Beogradskoj sportskoj akademiji (tenis) 2008.<\/span>\r\n<span>Po\u010deo je da radi kao teniski trener i koordinator za de\u010diji tenis u TK Top u Beogradu 2008. godine.<\/span>\r\n<span>Od 2013. godine sa Teniskom licencom Saveza Srbije nivo \u201cC\u201d po\u010deo je da vodi programe za decu od 10 godina sa odli\u010dnim rezultatom. Deca koju je Maja trenirala osvojila su mnoge titule na nivou od 10.<\/span>\r\n<span>Maja ima 12 godina trenerskog iskustva.<\/span>","protected":false},"excerpt":{"rendered":"<p>Teniski trener Ro\u0111en u Sarajevu, odrastao u Beogradu, TK Partizan Tenis je po\u010deo da igra 1989. godine u TK Partizan u Beogradu, Srbija i takmi\u010dio se od 1991. do 1999. godine. Diplomirao na Beogradskoj sportskoj akademiji (tenis) 2008. Po\u010deo je da radi kao teniski trener i koordinator za de\u010diji tenis u TK Top u Beogradu [&hellip;]<\/p>\n","protected":false},"author":1,"featured_media":4627,"parent":4125,"menu_order":0,"comment_status":"closed","ping_status":"closed","template":"template-single-coach.php","meta":[],"godina":[],"acf":[],"_links":{"self":[{"href":"https:\/\/ntc.server.develop.in.rs\/sr\/wp-json\/wp\/v2\/pages\/5432"}],"collection":[{"href":"https:\/\/ntc.server.develop.in.rs\/sr\/wp-json\/wp\/v2\/pages"}],"about":[{"href":"https:\/\/ntc.server.develop.in.rs\/sr\/wp-json\/wp\/v2\/types\/page"}],"author":[{"embeddable":true,"href":"https:\/\/ntc.server.develop.in.rs\/sr\/wp-json\/wp\/v2\/users\/1"}],"replies":[{"embeddable":true,"href":"https:\/\/ntc.server.develop.in.rs\/sr\/wp-json\/wp\/v2\/comments?post=5432"}],"version-history":[{"count":2,"href":"https:\/\/ntc.server.develop.in.rs\/sr\/wp-json\/wp\/v2\/pages\/5432\/revisions"}],"predecessor-version":[{"id":5440,"href":"https:\/\/ntc.server.develop.in.rs\/sr\/wp-json\/wp\/v2\/pages\/5432\/revisions\/5440"}],"up":[{"embeddable":true,"href":"https:\/\/ntc.server.develop.in.rs\/sr\/wp-json\/wp\/v2\/pages\/4125"}],"wp:featuredmedia":[{"embeddable":true,"href":"https:\/\/ntc.server.develop.in.rs\/sr\/wp-json\/wp\/v2\/media\/4627"}],"wp:attachment":[{"href":"https:\/\/ntc.server.develop.in.rs\/sr\/wp-json\/wp\/v2\/media?parent=5432"}],"wp:term":[{"taxonomy":"godina","embeddable":true,"href":"https:\/\/ntc.server.develop.in.rs\/sr\/wp-json\/wp\/v2\/godina?post=5432"}],"curies":[{"name":"wp","href":"https:\/\/api.w.org\/{rel}","templated":true}]}}