{"id":5431,"date":"2022-07-12T19:54:20","date_gmt":"2022-07-12T19:54:20","guid":{"rendered":"https:\/\/www.beta.novaktenniscenter.com\/expertski-tim\/teniski-treneri\/maja-hutalarovic\/"},"modified":"2022-08-11T13:31:48","modified_gmt":"2022-08-11T13:31:48","slug":"maja-hutalarovic","status":"publish","type":"page","link":"https:\/\/ntc.server.develop.in.rs\/sr\/expertski-tim\/teniski-treneri\/maja-hutalarovic\/","title":{"rendered":"Maja Hutalarovi\u0107"},"content":{"rendered":"<h4>Teniski trener<\/h4>\r\n\r\n<span>Najbolji rang u karijeri: Top 10 teniserki U14 i U16<\/span>\r\n\r\n<span>Maja se tenisom bavi ve\u0107 16 godina. Svoj put zapo\u010dela je pod vo\u0111stvom najboljih. Trenirala je na akademiji \u201eJanko Tipsarevi\u0107\u201c i akademiji \u201eBogdan Obradovi\u0107\u201c, dok joj je kondicioni trener bio Zoran Grbovi\u0107. <\/span>\r\n<span>Svoje najve\u0107e igra\u010dke uspehe, Maja je ostvarila u kategorijama ispod 14 i 16 godina. U tim kategorijama, Hutalarovi\u0107 je bila u najboljih 10. Maja je bila i sparing partner Andree Obradovi\u0107, reprezentativke Srbije do 12, 14 i 16 godina.<\/span>\r\n<span>Svoju trenersku karijeru zapo\u010dinje 2017. godine u teniskom centru Novak. Svoje trenersko iskustvo, Maja je obogatila i u teniskom klubu \u201e\u0110uki\u0107\u201c i TK \u201eKolonijal\u201c.  Osim toga, sara\u0111ivala je sa 7 teniskih kampova \u0161irom Srbije.\r\nU NTC, Maja najvi\u0161e u\u017eiva u radu sa malom decom, mladim predtakmi\u010darima i rekreativnim igra\u010dima.<\/span>\r\n<span>Zavr\u0161ila je master na FON-u, menad\u017ement i organizacija, smer &#8211; Upravljanje projektima. Poseduje C licencu i GPTCA licencu.<\/span>\r\n","protected":false},"excerpt":{"rendered":"<p>Teniski trener Najbolji rang u karijeri: Top 10 teniserki U14 i U16 Maja se tenisom bavi ve\u0107 16 godina. Svoj put zapo\u010dela je pod vo\u0111stvom najboljih. Trenirala je na akademiji \u201eJanko Tipsarevi\u0107\u201c i akademiji \u201eBogdan Obradovi\u0107\u201c, dok joj je kondicioni trener bio Zoran Grbovi\u0107. Svoje najve\u0107e igra\u010dke uspehe, Maja je ostvarila u kategorijama ispod 14 [&hellip;]<\/p>\n","protected":false},"author":1,"featured_media":4619,"parent":4125,"menu_order":0,"comment_status":"closed","ping_status":"closed","template":"template-single-coach.php","meta":[],"godina":[],"acf":[],"_links":{"self":[{"href":"https:\/\/ntc.server.develop.in.rs\/sr\/wp-json\/wp\/v2\/pages\/5431"}],"collection":[{"href":"https:\/\/ntc.server.develop.in.rs\/sr\/wp-json\/wp\/v2\/pages"}],"about":[{"href":"https:\/\/ntc.server.develop.in.rs\/sr\/wp-json\/wp\/v2\/types\/page"}],"author":[{"embeddable":true,"href":"https:\/\/ntc.server.develop.in.rs\/sr\/wp-json\/wp\/v2\/users\/1"}],"replies":[{"embeddable":true,"href":"https:\/\/ntc.server.develop.in.rs\/sr\/wp-json\/wp\/v2\/comments?post=5431"}],"version-history":[{"count":2,"href":"https:\/\/ntc.server.develop.in.rs\/sr\/wp-json\/wp\/v2\/pages\/5431\/revisions"}],"predecessor-version":[{"id":5438,"href":"https:\/\/ntc.server.develop.in.rs\/sr\/wp-json\/wp\/v2\/pages\/5431\/revisions\/5438"}],"up":[{"embeddable":true,"href":"https:\/\/ntc.server.develop.in.rs\/sr\/wp-json\/wp\/v2\/pages\/4125"}],"wp:featuredmedia":[{"embeddable":true,"href":"https:\/\/ntc.server.develop.in.rs\/sr\/wp-json\/wp\/v2\/media\/4619"}],"wp:attachment":[{"href":"https:\/\/ntc.server.develop.in.rs\/sr\/wp-json\/wp\/v2\/media?parent=5431"}],"wp:term":[{"taxonomy":"godina","embeddable":true,"href":"https:\/\/ntc.server.develop.in.rs\/sr\/wp-json\/wp\/v2\/godina?post=5431"}],"curies":[{"name":"wp","href":"https:\/\/api.w.org\/{rel}","templated":true}]}}