{"id":5430,"date":"2022-07-12T19:48:26","date_gmt":"2022-07-12T19:48:26","guid":{"rendered":"https:\/\/www.beta.novaktenniscenter.com\/expertski-tim\/teniski-treneri\/darko-milosevic\/"},"modified":"2022-08-11T13:30:36","modified_gmt":"2022-08-11T13:30:36","slug":"darko-milosevic","status":"publish","type":"page","link":"https:\/\/ntc.server.develop.in.rs\/sr\/expertski-tim\/teniski-treneri\/darko-milosevic\/","title":{"rendered":"Darko Milo\u0161evi\u0107"},"content":{"rendered":"<h4>Teniski trener<\/h4>\r\n\r\n<span>Ro\u0111en i odrastao u Ni\u0161u, Srbija gde je zapo\u010deo svoj teniski put u TK Radni\u010dki<\/span>\r\n<span>Kao junior u\u010destvovao je na brojnim ITF turnirima<\/span>\r\n<span>Kao trener trenirao je mnoge uspe\u0161ne ITF i VTA igra\u010dice uklju\u010dujuc\u0301i Lolu Radivojevic\u0301 (125 ITF), Nedu Kozic\u0301 (390 VTA), Ivanu Jorovic\u0301 (86 VTA) i Aleksandru Krunic\u0301 (39 VTA)<\/span>\r\n<span>Imao je i ulogu glavnog trenera u nekoliko teniskih klubova kao \u0161to su TA \u017divkovic\u0301 (Ni\u0161, Srbija), TK Nec (Podgorica, Crna Gora), TK Sportissimo (Kru\u0161evac, Srbija)<\/span>","protected":false},"excerpt":{"rendered":"<p>Teniski trener Ro\u0111en i odrastao u Ni\u0161u, Srbija gde je zapo\u010deo svoj teniski put u TK Radni\u010dki Kao junior u\u010destvovao je na brojnim ITF turnirima Kao trener trenirao je mnoge uspe\u0161ne ITF i VTA igra\u010dice uklju\u010dujuc\u0301i Lolu Radivojevic\u0301 (125 ITF), Nedu Kozic\u0301 (390 VTA), Ivanu Jorovic\u0301 (86 VTA) i Aleksandru Krunic\u0301 (39 VTA) Imao je [&hellip;]<\/p>\n","protected":false},"author":1,"featured_media":4610,"parent":4125,"menu_order":0,"comment_status":"closed","ping_status":"closed","template":"template-single-coach.php","meta":[],"godina":[],"acf":[],"_links":{"self":[{"href":"https:\/\/ntc.server.develop.in.rs\/sr\/wp-json\/wp\/v2\/pages\/5430"}],"collection":[{"href":"https:\/\/ntc.server.develop.in.rs\/sr\/wp-json\/wp\/v2\/pages"}],"about":[{"href":"https:\/\/ntc.server.develop.in.rs\/sr\/wp-json\/wp\/v2\/types\/page"}],"author":[{"embeddable":true,"href":"https:\/\/ntc.server.develop.in.rs\/sr\/wp-json\/wp\/v2\/users\/1"}],"replies":[{"embeddable":true,"href":"https:\/\/ntc.server.develop.in.rs\/sr\/wp-json\/wp\/v2\/comments?post=5430"}],"version-history":[{"count":2,"href":"https:\/\/ntc.server.develop.in.rs\/sr\/wp-json\/wp\/v2\/pages\/5430\/revisions"}],"predecessor-version":[{"id":5436,"href":"https:\/\/ntc.server.develop.in.rs\/sr\/wp-json\/wp\/v2\/pages\/5430\/revisions\/5436"}],"up":[{"embeddable":true,"href":"https:\/\/ntc.server.develop.in.rs\/sr\/wp-json\/wp\/v2\/pages\/4125"}],"wp:featuredmedia":[{"embeddable":true,"href":"https:\/\/ntc.server.develop.in.rs\/sr\/wp-json\/wp\/v2\/media\/4610"}],"wp:attachment":[{"href":"https:\/\/ntc.server.develop.in.rs\/sr\/wp-json\/wp\/v2\/media?parent=5430"}],"wp:term":[{"taxonomy":"godina","embeddable":true,"href":"https:\/\/ntc.server.develop.in.rs\/sr\/wp-json\/wp\/v2\/godina?post=5430"}],"curies":[{"name":"wp","href":"https:\/\/api.w.org\/{rel}","templated":true}]}}