{"id":5429,"date":"2022-07-12T19:42:52","date_gmt":"2022-07-12T19:42:52","guid":{"rendered":"https:\/\/www.beta.novaktenniscenter.com\/expertski-tim\/teniski-treneri\/branislav-pralica\/"},"modified":"2022-08-11T13:29:49","modified_gmt":"2022-08-11T13:29:49","slug":"branislav-pralica","status":"publish","type":"page","link":"https:\/\/ntc.server.develop.in.rs\/sr\/expertski-tim\/teniski-treneri\/branislav-pralica\/","title":{"rendered":"Branislav Pralica"},"content":{"rendered":"<h4>Teniski trener<\/h4>\r\n\r\n<span>Ro\u0111en u Beogradu, TK Partizan<\/span>\r\n<span>Teniski trener u Teniskom centru Novak od aprila 2019.<\/span>\r\n<span>Teniski trener sa 15 godina iskustva, specijalizovan za mla\u0111e igra\u010de od 10-16 godina<\/span>\r\n<span>Obrazovanje: Univerzitet u Beogradu, Fakultet sporta i fizi\u010dkog vaspitanja, smer: Klimatizacija<\/span>","protected":false},"excerpt":{"rendered":"<p>Teniski trener Ro\u0111en u Beogradu, TK Partizan Teniski trener u Teniskom centru Novak od aprila 2019. Teniski trener sa 15 godina iskustva, specijalizovan za mla\u0111e igra\u010de od 10-16 godina Obrazovanje: Univerzitet u Beogradu, Fakultet sporta i fizi\u010dkog vaspitanja, smer: Klimatizacija<\/p>\n","protected":false},"author":1,"featured_media":4603,"parent":4125,"menu_order":0,"comment_status":"closed","ping_status":"closed","template":"template-single-coach.php","meta":[],"godina":[],"acf":[],"_links":{"self":[{"href":"https:\/\/ntc.server.develop.in.rs\/sr\/wp-json\/wp\/v2\/pages\/5429"}],"collection":[{"href":"https:\/\/ntc.server.develop.in.rs\/sr\/wp-json\/wp\/v2\/pages"}],"about":[{"href":"https:\/\/ntc.server.develop.in.rs\/sr\/wp-json\/wp\/v2\/types\/page"}],"author":[{"embeddable":true,"href":"https:\/\/ntc.server.develop.in.rs\/sr\/wp-json\/wp\/v2\/users\/1"}],"replies":[{"embeddable":true,"href":"https:\/\/ntc.server.develop.in.rs\/sr\/wp-json\/wp\/v2\/comments?post=5429"}],"version-history":[{"count":1,"href":"https:\/\/ntc.server.develop.in.rs\/sr\/wp-json\/wp\/v2\/pages\/5429\/revisions"}],"predecessor-version":[{"id":5434,"href":"https:\/\/ntc.server.develop.in.rs\/sr\/wp-json\/wp\/v2\/pages\/5429\/revisions\/5434"}],"up":[{"embeddable":true,"href":"https:\/\/ntc.server.develop.in.rs\/sr\/wp-json\/wp\/v2\/pages\/4125"}],"wp:featuredmedia":[{"embeddable":true,"href":"https:\/\/ntc.server.develop.in.rs\/sr\/wp-json\/wp\/v2\/media\/4603"}],"wp:attachment":[{"href":"https:\/\/ntc.server.develop.in.rs\/sr\/wp-json\/wp\/v2\/media?parent=5429"}],"wp:term":[{"taxonomy":"godina","embeddable":true,"href":"https:\/\/ntc.server.develop.in.rs\/sr\/wp-json\/wp\/v2\/godina?post=5429"}],"curies":[{"name":"wp","href":"https:\/\/api.w.org\/{rel}","templated":true}]}}