{"id":5422,"date":"2022-07-12T19:35:45","date_gmt":"2022-07-12T19:35:45","guid":{"rendered":"https:\/\/www.beta.novaktenniscenter.com\/expertski-tim\/teniski-treneri\/borislav-borovic\/"},"modified":"2022-11-03T20:05:48","modified_gmt":"2022-11-03T20:05:48","slug":"borislav-borovic","status":"publish","type":"page","link":"https:\/\/ntc.server.develop.in.rs\/sr\/expertski-tim\/teniski-treneri\/borislav-borovic\/","title":{"rendered":"Borislav Borovi\u0107 Vlaji\u0107"},"content":{"rendered":"<h4>Teniski trener<\/h4>\r\n\r\n\r\n<span>Najbolji rang u karijeri: Top 5 igra\u010da u Srbiji do 12, 14, 16 i 18 godina, kao i u seniorskoj kategoriji<\/span>\r\n\r\n<span>Ro\u0111en u Beogradu, a tenisom se bavi od 9. godine. <\/span>\r\n<span>Boris se profesionalno bavio tenisom do 21. godine, posti\u017eu\u0107i uspehe u svim starosnim kategorijama, a nakon toga po\u010dinje da radi kao trener u TC &#8222;Olimp&#8220;. <\/span>\r\n<span>2008. godine, Borovi\u0107-Vlaji\u0107 formira sopstvenu tenisku akademiju &#8222;Belgrade Tennis Academy&#8220;, nakon \u0161to je stekao nivoe C i B licence za teniskog trenera.<\/span>\r\n<span>U svojoj teniskoj akademiji, trenirao je mnoge profesionalne tenisere od 12 do 23 godine, a neki od njih su:<\/span>\r\n<span>Bojana Jovanovski (sparking partneri 2009.) <\/span>\r\n<span>Iva Ivkovi\u0107 (ITF) (glavni trener 2011.) <\/span>\r\n<span>Iva Ivkovi\u0107 (ITF-ETA), Jovana Keni\u0107 (ITF-ETA), Petra Kuzmanovi\u0107  (ITF-ETA) (saradnja od 2012. do 2015.)<\/span>\r\n<span>Milos Radenkovic (ITF) (saradnja 2015.)  <\/span>\r\n<span>Aleksa Smiljani\u0107 (junior u12) (saradnja od 2014. do 2016.)<\/span>\r\n<span>Vitomir Markovi\u0107 (ATP), Milica \u010cubranovi\u0107 (WTA), glavni trener An\u0111ele Dejanovi\u0107 (koled\u017e igra\u010dica) (saradnja od 2016. do 2017.)<\/span>\r\n<span>Ren Yi (veliki talenat Kine u12) (saradnja 2018.) <\/span>","protected":false},"excerpt":{"rendered":"<p>Teniski trener Najbolji rang u karijeri: Top 5 igra\u010da u Srbiji do 12, 14, 16 i 18 godina, kao i u seniorskoj kategoriji Ro\u0111en u Beogradu, a tenisom se bavi od 9. godine. Boris se profesionalno bavio tenisom do 21. godine, posti\u017eu\u0107i uspehe u svim starosnim kategorijama, a nakon toga po\u010dinje da radi kao trener [&hellip;]<\/p>\n","protected":false},"author":1,"featured_media":4594,"parent":4125,"menu_order":0,"comment_status":"closed","ping_status":"closed","template":"template-single-coach.php","meta":[],"godina":[],"acf":[],"_links":{"self":[{"href":"https:\/\/ntc.server.develop.in.rs\/sr\/wp-json\/wp\/v2\/pages\/5422"}],"collection":[{"href":"https:\/\/ntc.server.develop.in.rs\/sr\/wp-json\/wp\/v2\/pages"}],"about":[{"href":"https:\/\/ntc.server.develop.in.rs\/sr\/wp-json\/wp\/v2\/types\/page"}],"author":[{"embeddable":true,"href":"https:\/\/ntc.server.develop.in.rs\/sr\/wp-json\/wp\/v2\/users\/1"}],"replies":[{"embeddable":true,"href":"https:\/\/ntc.server.develop.in.rs\/sr\/wp-json\/wp\/v2\/comments?post=5422"}],"version-history":[{"count":4,"href":"https:\/\/ntc.server.develop.in.rs\/sr\/wp-json\/wp\/v2\/pages\/5422\/revisions"}],"predecessor-version":[{"id":5838,"href":"https:\/\/ntc.server.develop.in.rs\/sr\/wp-json\/wp\/v2\/pages\/5422\/revisions\/5838"}],"up":[{"embeddable":true,"href":"https:\/\/ntc.server.develop.in.rs\/sr\/wp-json\/wp\/v2\/pages\/4125"}],"wp:featuredmedia":[{"embeddable":true,"href":"https:\/\/ntc.server.develop.in.rs\/sr\/wp-json\/wp\/v2\/media\/4594"}],"wp:attachment":[{"href":"https:\/\/ntc.server.develop.in.rs\/sr\/wp-json\/wp\/v2\/media?parent=5422"}],"wp:term":[{"taxonomy":"godina","embeddable":true,"href":"https:\/\/ntc.server.develop.in.rs\/sr\/wp-json\/wp\/v2\/godina?post=5422"}],"curies":[{"name":"wp","href":"https:\/\/api.w.org\/{rel}","templated":true}]}}