{"id":5418,"date":"2022-07-12T19:31:17","date_gmt":"2022-07-12T19:31:17","guid":{"rendered":"https:\/\/www.beta.novaktenniscenter.com\/expertski-tim\/teniski-treneri\/aleksandar-slovic\/"},"modified":"2022-11-05T12:16:32","modified_gmt":"2022-11-05T12:16:32","slug":"aleksandar-slovic","status":"publish","type":"page","link":"https:\/\/ntc.server.develop.in.rs\/sr\/expertski-tim\/teniski-treneri\/aleksandar-slovic\/","title":{"rendered":"Aleksandar Slovi\u0107"},"content":{"rendered":"<h4>Trener visokih performansi<\/h4>\r\n\r\n<span>Najbolji rang u karijeri: 513. mesto na ATP rang listi &#8211; singl kategorija (ostvario 2010. godine);\r\n279. mesto na ATP rang listi &#8211; dubl kategorija<\/span>\r\n\r\n<span>Aleksandar Slovi\u0107 bio je seniorski prvak dr\u017eave 2002. godine. Kao igra\u010d, osvojio je 3 ITF fju\u010ders turnira. Osvaja\u010d je Svetskih studentskih igara (World University Games), a svoj najbolji plasman (513. mesto) ostvario je 2010. godine.<\/span>\r\n<span>Aleksandar je diplomirani Ekonomista, a diplomu je stekao na Univerzitetu u Va\u0161ingtonu. Njegova trenerska karijera bogata je brojnim uspesima:<\/span>\r\n<span>2011-2014 Slovi\u0107 je trenirao Nikolu Milojevi\u0107a koji je postao 1. junior na svetu u januaru 2013.\r\n2014-2015 bio je anga\u017eovan od strane Kineske teniske asocijacije za rad sa \u017eenskom ekipom od 100. &#8211; 400. mesta na WTA listi.<\/span>\r\n<span>2015-2021 radio je kao privatni trener kineske igra\u010dice Wang Xinyu, osvaja\u010dice 2 juniorska grend slema u dublu (Australijan Open i Vimbldon) i polufinalistkinje u singlu na istim grend slemovima. U toku rada sa Slovi\u0107em, Kineskinja je postala 2. igra\u010dica na ITF juniorskoj listi i 130. na WTA listi. <\/span>\r\n<span>Aleksandar Slovi\u0107 je danas \u010dlan trenerskog tima TC Novak u Beogradu gde je postavljen za trenera najbolje juniorke Srbije, sedamnaestogodi\u0161nje Lole Radivojevi\u0107.<\/span>\r\n","protected":false},"excerpt":{"rendered":"<p>Trener visokih performansi Najbolji rang u karijeri: 513. mesto na ATP rang listi &#8211; singl kategorija (ostvario 2010. godine); 279. mesto na ATP rang listi &#8211; dubl kategorija Aleksandar Slovi\u0107 bio je seniorski prvak dr\u017eave 2002. godine. Kao igra\u010d, osvojio je 3 ITF fju\u010ders turnira. Osvaja\u010d je Svetskih studentskih igara (World University Games), a svoj [&hellip;]<\/p>\n","protected":false},"author":1,"featured_media":4586,"parent":4125,"menu_order":0,"comment_status":"closed","ping_status":"closed","template":"template-single-coach.php","meta":[],"godina":[],"acf":[],"_links":{"self":[{"href":"https:\/\/ntc.server.develop.in.rs\/sr\/wp-json\/wp\/v2\/pages\/5418"}],"collection":[{"href":"https:\/\/ntc.server.develop.in.rs\/sr\/wp-json\/wp\/v2\/pages"}],"about":[{"href":"https:\/\/ntc.server.develop.in.rs\/sr\/wp-json\/wp\/v2\/types\/page"}],"author":[{"embeddable":true,"href":"https:\/\/ntc.server.develop.in.rs\/sr\/wp-json\/wp\/v2\/users\/1"}],"replies":[{"embeddable":true,"href":"https:\/\/ntc.server.develop.in.rs\/sr\/wp-json\/wp\/v2\/comments?post=5418"}],"version-history":[{"count":3,"href":"https:\/\/ntc.server.develop.in.rs\/sr\/wp-json\/wp\/v2\/pages\/5418\/revisions"}],"predecessor-version":[{"id":5848,"href":"https:\/\/ntc.server.develop.in.rs\/sr\/wp-json\/wp\/v2\/pages\/5418\/revisions\/5848"}],"up":[{"embeddable":true,"href":"https:\/\/ntc.server.develop.in.rs\/sr\/wp-json\/wp\/v2\/pages\/4125"}],"wp:featuredmedia":[{"embeddable":true,"href":"https:\/\/ntc.server.develop.in.rs\/sr\/wp-json\/wp\/v2\/media\/4586"}],"wp:attachment":[{"href":"https:\/\/ntc.server.develop.in.rs\/sr\/wp-json\/wp\/v2\/media?parent=5418"}],"wp:term":[{"taxonomy":"godina","embeddable":true,"href":"https:\/\/ntc.server.develop.in.rs\/sr\/wp-json\/wp\/v2\/godina?post=5418"}],"curies":[{"name":"wp","href":"https:\/\/api.w.org\/{rel}","templated":true}]}}