{"id":5416,"date":"2022-07-12T19:11:10","date_gmt":"2022-07-12T19:11:10","guid":{"rendered":"https:\/\/www.beta.novaktenniscenter.com\/expertski-tim\/teniski-treneri\/marko-pavlovic\/"},"modified":"2022-08-11T13:23:08","modified_gmt":"2022-08-11T13:23:08","slug":"marko-pavlovic","status":"publish","type":"page","link":"https:\/\/ntc.server.develop.in.rs\/sr\/expertski-tim\/teniski-treneri\/marko-pavlovic\/","title":{"rendered":"Marko Pavlovi\u0107"},"content":{"rendered":"<h4>Teniski trener<\/h4>\r\n\r\n<span>Najbolji rang u karijeri: 1815. mesto na ATP rang listi &#8211; singl kategorija (ostvario 2021. godine)<\/span>\r\n\r\n<span>Pavlovi\u0107 je svoju tenisku karijeru zapo\u010deo sa 5 godina. Jedan je od najboljih igra\u010da svoje generacije u Srbiji. Osvojio je preko 20 dr\u017eavnih turnira i bio rangiran kao prvi igra\u010d Srbije (do 18 godina).<\/span>\r\n<span>Marko je 2017. godine osvojio dr\u017eavni \u0161ampionat do 18 godina. Postao je profesionalac sa 18 godina, upisao je svoj najvi\u0161i rang 2021., dostigav\u0161i 1815. mesto, a osvojio je ATP poene i u dublu. Poslednje 2 godine, radi kao trener i prati igra\u010de na turnire. S vremena na vreme, kada se uka\u017ee prilika, Pavlovi\u0107 i sam u\u010destvuje na turnirima. Njegov trenutni ATP rang je 2370.<\/span>\r\n<span>Diplomirao je biznis i menad\u017ement na Univerzitetu u Beogradu. Poseduje i tenisersku trenersku diplomu GPTCA.\r\nBio je sparing partner Marku Tepavcu (174. na ATP rang listi) i Jovani Jak\u0161i\u0107 (102. na WTA rang listi), radio kao trener u TK Crvena Zvezda za decu do 14 godina i trenirao Elenu Milovanovi\u0107 (850. na WTA rang listi).<\/span>\r\n","protected":false},"excerpt":{"rendered":"<p>Teniski trener Najbolji rang u karijeri: 1815. mesto na ATP rang listi &#8211; singl kategorija (ostvario 2021. godine) Pavlovi\u0107 je svoju tenisku karijeru zapo\u010deo sa 5 godina. Jedan je od najboljih igra\u010da svoje generacije u Srbiji. Osvojio je preko 20 dr\u017eavnih turnira i bio rangiran kao prvi igra\u010d Srbije (do 18 godina). Marko je 2017. [&hellip;]<\/p>\n","protected":false},"author":1,"featured_media":4578,"parent":4125,"menu_order":0,"comment_status":"closed","ping_status":"closed","template":"template-single-coach.php","meta":[],"godina":[],"acf":[],"_links":{"self":[{"href":"https:\/\/ntc.server.develop.in.rs\/sr\/wp-json\/wp\/v2\/pages\/5416"}],"collection":[{"href":"https:\/\/ntc.server.develop.in.rs\/sr\/wp-json\/wp\/v2\/pages"}],"about":[{"href":"https:\/\/ntc.server.develop.in.rs\/sr\/wp-json\/wp\/v2\/types\/page"}],"author":[{"embeddable":true,"href":"https:\/\/ntc.server.develop.in.rs\/sr\/wp-json\/wp\/v2\/users\/1"}],"replies":[{"embeddable":true,"href":"https:\/\/ntc.server.develop.in.rs\/sr\/wp-json\/wp\/v2\/comments?post=5416"}],"version-history":[{"count":1,"href":"https:\/\/ntc.server.develop.in.rs\/sr\/wp-json\/wp\/v2\/pages\/5416\/revisions"}],"predecessor-version":[{"id":5419,"href":"https:\/\/ntc.server.develop.in.rs\/sr\/wp-json\/wp\/v2\/pages\/5416\/revisions\/5419"}],"up":[{"embeddable":true,"href":"https:\/\/ntc.server.develop.in.rs\/sr\/wp-json\/wp\/v2\/pages\/4125"}],"wp:featuredmedia":[{"embeddable":true,"href":"https:\/\/ntc.server.develop.in.rs\/sr\/wp-json\/wp\/v2\/media\/4578"}],"wp:attachment":[{"href":"https:\/\/ntc.server.develop.in.rs\/sr\/wp-json\/wp\/v2\/media?parent=5416"}],"wp:term":[{"taxonomy":"godina","embeddable":true,"href":"https:\/\/ntc.server.develop.in.rs\/sr\/wp-json\/wp\/v2\/godina?post=5416"}],"curies":[{"name":"wp","href":"https:\/\/api.w.org\/{rel}","templated":true}]}}