{"id":5415,"date":"2022-07-12T19:08:23","date_gmt":"2022-07-12T19:08:23","guid":{"rendered":"https:\/\/www.beta.novaktenniscenter.com\/expertski-tim\/teniski-treneri\/pavle-bulic\/"},"modified":"2022-08-11T13:20:25","modified_gmt":"2022-08-11T13:20:25","slug":"pavle-bulic","status":"publish","type":"page","link":"https:\/\/ntc.server.develop.in.rs\/sr\/expertski-tim\/teniski-treneri\/pavle-bulic\/","title":{"rendered":"Pavle Buli\u0107"},"content":{"rendered":"<h4>Teniski trener<\/h4>\r\n<span>Pavle Buli\u0107 je nekada\u0161nji teniser koji trenutno radi kao trener sa vi\u0161egodi\u0161njim iskustvom. Kao teniser, bio je prvi igra\u010d Beograda do 16 godina, kao i prvi igra\u010d Srbije do 18 godina. Bio je drugoplasirani na nacionalnom mastersu do 18 godina i drugoplasirani u dublu na nacionalnom \u0161ampionatu do 18 godina.<\/span> \r\n<span>Buli\u0107 je bio u top 10 seniora u Srbiji. Kao trener, stekao je znatno iskustvo u razli\u010ditim klubovima i sa mnogo profesionalaca:<\/span>\r\n<span>2016. godine, Pavle je radio u teniskom klubu &#8222;Drill&#8220;. Od 2017. do 2019. godine, Buli\u0107 je radio kao trener i sparing partner u teniskom klubu &#8222;SetNet&#8220;. 2019. godine dobio je poziciju trenera na Kipru, a 2020. postao trener i sparing partner u Teniskoj federaciji Srbije.<\/span>\r\n<span>Od igra\u010da, sara\u0111ivao je sa Mihailom Topi\u0107em (broj 1 &#8222;green level&#8220; tenis &#8211; 10 godina, dr\u017eavni \u0161ampion Srbije do 12 godina, broj 1 u Srbiji do 12 godina). Buli\u0107 je sa Mihailom radio 3 godine. Sa Ivanom Jorovi\u0107 (najbolji ITF rang 1., najbolji WTA rang 86.) je sparing partner od 2020. godine i jo\u0161 uvek sara\u0111uju. Sa Savom Radovi\u0107em (prvi igra\u010d Srbije do 14 godina) radio je godinu i po dana. Sa Teom Gregoriou (prva igra\u010dica Kipra do 12 godina) trenira svakog leta na Kipru<\/span>","protected":false},"excerpt":{"rendered":"<p>Teniski trener Pavle Buli\u0107 je nekada\u0161nji teniser koji trenutno radi kao trener sa vi\u0161egodi\u0161njim iskustvom. Kao teniser, bio je prvi igra\u010d Beograda do 16 godina, kao i prvi igra\u010d Srbije do 18 godina. Bio je drugoplasirani na nacionalnom mastersu do 18 godina i drugoplasirani u dublu na nacionalnom \u0161ampionatu do 18 godina. Buli\u0107 je bio [&hellip;]<\/p>\n","protected":false},"author":1,"featured_media":4573,"parent":4125,"menu_order":0,"comment_status":"closed","ping_status":"closed","template":"template-single-coach.php","meta":[],"godina":[],"acf":[],"_links":{"self":[{"href":"https:\/\/ntc.server.develop.in.rs\/sr\/wp-json\/wp\/v2\/pages\/5415"}],"collection":[{"href":"https:\/\/ntc.server.develop.in.rs\/sr\/wp-json\/wp\/v2\/pages"}],"about":[{"href":"https:\/\/ntc.server.develop.in.rs\/sr\/wp-json\/wp\/v2\/types\/page"}],"author":[{"embeddable":true,"href":"https:\/\/ntc.server.develop.in.rs\/sr\/wp-json\/wp\/v2\/users\/1"}],"replies":[{"embeddable":true,"href":"https:\/\/ntc.server.develop.in.rs\/sr\/wp-json\/wp\/v2\/comments?post=5415"}],"version-history":[{"count":1,"href":"https:\/\/ntc.server.develop.in.rs\/sr\/wp-json\/wp\/v2\/pages\/5415\/revisions"}],"predecessor-version":[{"id":5417,"href":"https:\/\/ntc.server.develop.in.rs\/sr\/wp-json\/wp\/v2\/pages\/5415\/revisions\/5417"}],"up":[{"embeddable":true,"href":"https:\/\/ntc.server.develop.in.rs\/sr\/wp-json\/wp\/v2\/pages\/4125"}],"wp:featuredmedia":[{"embeddable":true,"href":"https:\/\/ntc.server.develop.in.rs\/sr\/wp-json\/wp\/v2\/media\/4573"}],"wp:attachment":[{"href":"https:\/\/ntc.server.develop.in.rs\/sr\/wp-json\/wp\/v2\/media?parent=5415"}],"wp:term":[{"taxonomy":"godina","embeddable":true,"href":"https:\/\/ntc.server.develop.in.rs\/sr\/wp-json\/wp\/v2\/godina?post=5415"}],"curies":[{"name":"wp","href":"https:\/\/api.w.org\/{rel}","templated":true}]}}