{"id":5412,"date":"2022-07-12T18:46:25","date_gmt":"2022-07-12T18:46:25","guid":{"rendered":"https:\/\/www.beta.novaktenniscenter.com\/expertski-tim\/teniski-treneri\/katarina-krneta\/"},"modified":"2022-10-19T16:27:23","modified_gmt":"2022-10-19T16:27:23","slug":"katarina-krneta","status":"publish","type":"page","link":"https:\/\/ntc.server.develop.in.rs\/sr\/expertski-tim\/teniski-treneri\/katarina-krneta\/","title":{"rendered":"Katarina Krneta"},"content":{"rendered":"<h4>Trener visokih performansi<\/h4>\r\n\r\n<span>Najbolji rang u karijeri: 220. mesto na WTA rang listi &#8211; singl kategorija (ostvarila 2003. godine)\r\n151. mesto na WTA rang listi &#8211; dubl kategorija (ostvarila 2003. godine)<\/span>\r\n\r\n<span>Ro\u0111ena u Beogradu, a tenisom se bavila u TK Crvena zvezda<\/span>\r\n<span>Trenersku karijeru je zapo\u010dela u TC Ofenbaher u Nema\u010dkoj od 2005. do 2006.<\/span>\r\n<span>Od 2006. do 2009. godine zadu\u017eena za juniorski program u TK Crvena zvezda u Beogradu, Srbija<\/span>\r\n<span>Glavni trener Fed kup tima Srbije od 2010-2012<\/span>\r\n<span>Nacionalni trener za juniorke do 18 godina od 2008. do 2017. godine gde je trenirala vrhunske VTA igra\u010dice kao \u0161to su Aleksandra Krunic\u0301, Nina Stojanovic\u0301 i Draginja Vukovic\u0301<\/span>\r\n","protected":false},"excerpt":{"rendered":"<p>Trener visokih performansi Najbolji rang u karijeri: 220. mesto na WTA rang listi &#8211; singl kategorija (ostvarila 2003. godine) 151. mesto na WTA rang listi &#8211; dubl kategorija (ostvarila 2003. godine) Ro\u0111ena u Beogradu, a tenisom se bavila u TK Crvena zvezda Trenersku karijeru je zapo\u010dela u TC Ofenbaher u Nema\u010dkoj od 2005. do 2006. [&hellip;]<\/p>\n","protected":false},"author":1,"featured_media":4567,"parent":4125,"menu_order":0,"comment_status":"closed","ping_status":"closed","template":"template-single-coach.php","meta":[],"godina":[],"acf":[],"_links":{"self":[{"href":"https:\/\/ntc.server.develop.in.rs\/sr\/wp-json\/wp\/v2\/pages\/5412"}],"collection":[{"href":"https:\/\/ntc.server.develop.in.rs\/sr\/wp-json\/wp\/v2\/pages"}],"about":[{"href":"https:\/\/ntc.server.develop.in.rs\/sr\/wp-json\/wp\/v2\/types\/page"}],"author":[{"embeddable":true,"href":"https:\/\/ntc.server.develop.in.rs\/sr\/wp-json\/wp\/v2\/users\/1"}],"replies":[{"embeddable":true,"href":"https:\/\/ntc.server.develop.in.rs\/sr\/wp-json\/wp\/v2\/comments?post=5412"}],"version-history":[{"count":3,"href":"https:\/\/ntc.server.develop.in.rs\/sr\/wp-json\/wp\/v2\/pages\/5412\/revisions"}],"predecessor-version":[{"id":5791,"href":"https:\/\/ntc.server.develop.in.rs\/sr\/wp-json\/wp\/v2\/pages\/5412\/revisions\/5791"}],"up":[{"embeddable":true,"href":"https:\/\/ntc.server.develop.in.rs\/sr\/wp-json\/wp\/v2\/pages\/4125"}],"wp:featuredmedia":[{"embeddable":true,"href":"https:\/\/ntc.server.develop.in.rs\/sr\/wp-json\/wp\/v2\/media\/4567"}],"wp:attachment":[{"href":"https:\/\/ntc.server.develop.in.rs\/sr\/wp-json\/wp\/v2\/media?parent=5412"}],"wp:term":[{"taxonomy":"godina","embeddable":true,"href":"https:\/\/ntc.server.develop.in.rs\/sr\/wp-json\/wp\/v2\/godina?post=5412"}],"curies":[{"name":"wp","href":"https:\/\/api.w.org\/{rel}","templated":true}]}}