{"id":5401,"date":"2022-07-12T18:42:54","date_gmt":"2022-07-12T18:42:54","guid":{"rendered":"https:\/\/www.beta.novaktenniscenter.com\/expertski-tim\/teniski-treneri\/veljko-radojicic\/"},"modified":"2022-08-11T13:16:18","modified_gmt":"2022-08-11T13:16:18","slug":"veljko-radojicic","status":"publish","type":"page","link":"https:\/\/ntc.server.develop.in.rs\/sr\/expertski-tim\/teniski-treneri\/veljko-radojicic\/","title":{"rendered":"Veljko Radoji\u010di\u0107"},"content":{"rendered":"<h4>Trener visokih performansi<\/h4>\r\n<span>Vi\u0161e od dve decenije, Veljko je jedan od najboljih \u017eenskih trenera koje Srbija ima na teniskoj sceni. Odmah nakon juniorske karijere pre\u0161ao je u trenerske vode i napravio rezultatska \u010duda. <\/span>\r\n<span>Veljko je radio sa velikim \u0161ampionima srpskog \u017eenskog tenisa, potvr\u0111enim na me\u0111unarodnoj sceni. Me\u0111u njim je najve\u0107e ime biv\u0161i prvi reket sveta Jelena Jankovi\u0107. <\/span>\r\n<span>Pored Jelene trenirao je reprezentativke Srbije: Bojanu Jovanovski, Ninu Stojanovi\u0107, Anu Timoti\u0107, kao i reprezentativku Crne Gore Danku Kovini\u0107. Na listi dr\u017eavnih \u0161ampionski koje je trenirao nalaze se: Tijana Koprivica, Jelena Raji\u0107, Iva Bani\u0107evi\u0107, Milica \u010cubranovi\u0107, Ljiljana Nanu\u0161evi\u0107, Lola Radivojevi\u0107.<\/span>\r\n<span>Trenutno se nalazi na mestu glavnog trenera reprezentativke Srbije Ivane Jorovi\u0107.<\/span>\r\n<span>Radoji\u010di\u0107 je bio selektor svih juniorskih selekcija Srbije, trener Fed kup tima Srbije. Sada je na poziciji glavnog trenera Bili D\u017ein King kup reprezentacije na\u0161e zemlje.<\/span>","protected":false},"excerpt":{"rendered":"<p>Trener visokih performansi Vi\u0161e od dve decenije, Veljko je jedan od najboljih \u017eenskih trenera koje Srbija ima na teniskoj sceni. Odmah nakon juniorske karijere pre\u0161ao je u trenerske vode i napravio rezultatska \u010duda. Veljko je radio sa velikim \u0161ampionima srpskog \u017eenskog tenisa, potvr\u0111enim na me\u0111unarodnoj sceni. Me\u0111u njim je najve\u0107e ime biv\u0161i prvi reket sveta [&hellip;]<\/p>\n","protected":false},"author":1,"featured_media":4561,"parent":4125,"menu_order":0,"comment_status":"closed","ping_status":"closed","template":"template-single-coach.php","meta":[],"godina":[],"acf":[],"_links":{"self":[{"href":"https:\/\/ntc.server.develop.in.rs\/sr\/wp-json\/wp\/v2\/pages\/5401"}],"collection":[{"href":"https:\/\/ntc.server.develop.in.rs\/sr\/wp-json\/wp\/v2\/pages"}],"about":[{"href":"https:\/\/ntc.server.develop.in.rs\/sr\/wp-json\/wp\/v2\/types\/page"}],"author":[{"embeddable":true,"href":"https:\/\/ntc.server.develop.in.rs\/sr\/wp-json\/wp\/v2\/users\/1"}],"replies":[{"embeddable":true,"href":"https:\/\/ntc.server.develop.in.rs\/sr\/wp-json\/wp\/v2\/comments?post=5401"}],"version-history":[{"count":2,"href":"https:\/\/ntc.server.develop.in.rs\/sr\/wp-json\/wp\/v2\/pages\/5401\/revisions"}],"predecessor-version":[{"id":5405,"href":"https:\/\/ntc.server.develop.in.rs\/sr\/wp-json\/wp\/v2\/pages\/5401\/revisions\/5405"}],"up":[{"embeddable":true,"href":"https:\/\/ntc.server.develop.in.rs\/sr\/wp-json\/wp\/v2\/pages\/4125"}],"wp:featuredmedia":[{"embeddable":true,"href":"https:\/\/ntc.server.develop.in.rs\/sr\/wp-json\/wp\/v2\/media\/4561"}],"wp:attachment":[{"href":"https:\/\/ntc.server.develop.in.rs\/sr\/wp-json\/wp\/v2\/media?parent=5401"}],"wp:term":[{"taxonomy":"godina","embeddable":true,"href":"https:\/\/ntc.server.develop.in.rs\/sr\/wp-json\/wp\/v2\/godina?post=5401"}],"curies":[{"name":"wp","href":"https:\/\/api.w.org\/{rel}","templated":true}]}}