{"id":5400,"date":"2022-07-12T18:39:44","date_gmt":"2022-07-12T18:39:44","guid":{"rendered":"https:\/\/www.beta.novaktenniscenter.com\/expertski-tim\/teniski-treneri\/ivan-bjelica\/"},"modified":"2022-08-11T13:16:22","modified_gmt":"2022-08-11T13:16:22","slug":"ivan-bjelica","status":"publish","type":"page","link":"https:\/\/ntc.server.develop.in.rs\/sr\/expertski-tim\/teniski-treneri\/ivan-bjelica\/","title":{"rendered":"Ivan Bjelica"},"content":{"rendered":"<h4>Trener visokih performansi<\/h4>\r\n<span>Najbolji rang u karijeri: 290. mesto na ATP rang listi &#8211; singl kategorija (ostvario 2012. godine);\r\n347. mesto na ATP rang listi &#8211; dubl kategorija (ostvario 2011. godine);<\/span>\r\n\r\n<span>Ivan Bjelica bio je seniorski prvak dr\u017eave 2009 godine. U\u010destvovao je u 22 finala u singlu na ITF Men&#8217;s Circuit (danas poznatom kao ITF World Tennis Tour) i osvojio 12 titula. <\/span>\r\n<span>Kao teniser sa stipendijom, Bjelica je zavr\u0161io Bankarstvo i finansije na Univerzitetu u Misisipiju. U Americi 2008. godine dobio je nagradu &#8222;All-American singles honors&#8220;. Tako\u0111e, Ivan je u\u010destvovao u timskom tenisu i osvojio nema\u010dku Bundes ligu sa dva razli\u010dita kluba. Najbolji rang u singlu ostvario je 2011. godine kada je bio 290. teniser sveta.<\/span>\r\n<span>Na svetsku tenisku scenu Bjelica je nastupio 1990. godine, a u svojoj seniorskoj karijeri odigrao je preko 1000 me\u010deva.<\/span>\r\n<span>Ivanova trenerska karijera bogata je visokim rezultatima:<\/span>\r\n<span>Trenirao je Kaju Kenepi, nekada\u0161nju 15. igra\u010dicu na WTA rang listi. Kao Kajin trener, do\u0161ao je do \u010detvrtog kola Rolan Garosa i drugog kola US Open-a. <\/span>\r\n<span>Bjelica je trenirao i Pe\u0111u Krstina, nekada\u0161njeg 159. igra\u010da sveta, kao i bra\u0107u Mateja i Ivana Sabanove.<\/span>\r\n","protected":false},"excerpt":{"rendered":"<p>Trener visokih performansi Najbolji rang u karijeri: 290. mesto na ATP rang listi &#8211; singl kategorija (ostvario 2012. godine); 347. mesto na ATP rang listi &#8211; dubl kategorija (ostvario 2011. godine); Ivan Bjelica bio je seniorski prvak dr\u017eave 2009 godine. U\u010destvovao je u 22 finala u singlu na ITF Men&#8217;s Circuit (danas poznatom kao ITF [&hellip;]<\/p>\n","protected":false},"author":1,"featured_media":4555,"parent":4125,"menu_order":0,"comment_status":"closed","ping_status":"closed","template":"template-single-coach.php","meta":[],"godina":[],"acf":[],"_links":{"self":[{"href":"https:\/\/ntc.server.develop.in.rs\/sr\/wp-json\/wp\/v2\/pages\/5400"}],"collection":[{"href":"https:\/\/ntc.server.develop.in.rs\/sr\/wp-json\/wp\/v2\/pages"}],"about":[{"href":"https:\/\/ntc.server.develop.in.rs\/sr\/wp-json\/wp\/v2\/types\/page"}],"author":[{"embeddable":true,"href":"https:\/\/ntc.server.develop.in.rs\/sr\/wp-json\/wp\/v2\/users\/1"}],"replies":[{"embeddable":true,"href":"https:\/\/ntc.server.develop.in.rs\/sr\/wp-json\/wp\/v2\/comments?post=5400"}],"version-history":[{"count":3,"href":"https:\/\/ntc.server.develop.in.rs\/sr\/wp-json\/wp\/v2\/pages\/5400\/revisions"}],"predecessor-version":[{"id":5406,"href":"https:\/\/ntc.server.develop.in.rs\/sr\/wp-json\/wp\/v2\/pages\/5400\/revisions\/5406"}],"up":[{"embeddable":true,"href":"https:\/\/ntc.server.develop.in.rs\/sr\/wp-json\/wp\/v2\/pages\/4125"}],"wp:featuredmedia":[{"embeddable":true,"href":"https:\/\/ntc.server.develop.in.rs\/sr\/wp-json\/wp\/v2\/media\/4555"}],"wp:attachment":[{"href":"https:\/\/ntc.server.develop.in.rs\/sr\/wp-json\/wp\/v2\/media?parent=5400"}],"wp:term":[{"taxonomy":"godina","embeddable":true,"href":"https:\/\/ntc.server.develop.in.rs\/sr\/wp-json\/wp\/v2\/godina?post=5400"}],"curies":[{"name":"wp","href":"https:\/\/api.w.org\/{rel}","templated":true}]}}