{"id":5393,"date":"2022-07-12T17:58:20","date_gmt":"2022-07-12T17:58:20","guid":{"rendered":"https:\/\/www.beta.novaktenniscenter.com\/expertski-tim\/teniski-treneri\/ilija-bozoljac\/"},"modified":"2022-08-11T12:54:38","modified_gmt":"2022-08-11T12:54:38","slug":"ilija-bozoljac","status":"publish","type":"page","link":"https:\/\/ntc.server.develop.in.rs\/sr\/expertski-tim\/teniski-treneri\/ilija-bozoljac\/","title":{"rendered":"Ilija Bozoljac"},"content":{"rendered":"<h4>Trener visokih performansi<\/h4>\r\n<span>Najbolji rang u karijeri: 101. mesto na ATP rang listi &#8211; singl kategorija (ostvario 2007. godine);\r\n99. mesto na ATP rang listi &#8211; dubl kategorija (ostvario 2016. godine);<\/span>\r\n\r\n<span>Za Dejvis kup tim Srbije Bozoljac je odigrao 13 me\u010deva i zabele\u017eio 7 pobeda. Bio je igra\u010d u Dejvis kup selekciji Srbije 2010. kada je na\u0161 tim osvojio \u201csalataru\u201d.<\/span>\r\n<span>Na pragu prvih 100 igra\u010da planete na\u0161ao se 2007. godine &#8211; dospeo je do 101. pozicije (29. januara). Na\u017ealost, par pehova zdravstvene prirode zaustavilo je Iliju u daljem pohodu na jo\u0161 vi\u0161i plasman.<\/span>\r\n<span>Ilija Bozoljac je na profesionalnu tenisku scenu zakora\u010dio 2002. godine. Tokom svoje karijere osvojio je 4 \u010delend\u017eer turnira u singl kategoriji i 15 \u010delend\u017eer turnira u dubl kategoriji.<\/span>\r\n<span>Kao trener, Bozoljac je radio sa Andreom Petkovi\u0107, Jelenom Jankovi\u0107, Damirom D\u017eumhurom\u2026<\/span>\r\n<span>Ilijin stil igre krasio je jak servis, kao i atipi\u010dni dvoru\u010dni forhend.<\/span>","protected":false},"excerpt":{"rendered":"<p>Trener visokih performansi Najbolji rang u karijeri: 101. mesto na ATP rang listi &#8211; singl kategorija (ostvario 2007. godine); 99. mesto na ATP rang listi &#8211; dubl kategorija (ostvario 2016. godine); Za Dejvis kup tim Srbije Bozoljac je odigrao 13 me\u010deva i zabele\u017eio 7 pobeda. Bio je igra\u010d u Dejvis kup selekciji Srbije 2010. kada [&hellip;]<\/p>\n","protected":false},"author":1,"featured_media":4548,"parent":4125,"menu_order":0,"comment_status":"closed","ping_status":"closed","template":"template-single-coach.php","meta":[],"godina":[],"acf":[],"_links":{"self":[{"href":"https:\/\/ntc.server.develop.in.rs\/sr\/wp-json\/wp\/v2\/pages\/5393"}],"collection":[{"href":"https:\/\/ntc.server.develop.in.rs\/sr\/wp-json\/wp\/v2\/pages"}],"about":[{"href":"https:\/\/ntc.server.develop.in.rs\/sr\/wp-json\/wp\/v2\/types\/page"}],"author":[{"embeddable":true,"href":"https:\/\/ntc.server.develop.in.rs\/sr\/wp-json\/wp\/v2\/users\/1"}],"replies":[{"embeddable":true,"href":"https:\/\/ntc.server.develop.in.rs\/sr\/wp-json\/wp\/v2\/comments?post=5393"}],"version-history":[{"count":2,"href":"https:\/\/ntc.server.develop.in.rs\/sr\/wp-json\/wp\/v2\/pages\/5393\/revisions"}],"predecessor-version":[{"id":5397,"href":"https:\/\/ntc.server.develop.in.rs\/sr\/wp-json\/wp\/v2\/pages\/5393\/revisions\/5397"}],"up":[{"embeddable":true,"href":"https:\/\/ntc.server.develop.in.rs\/sr\/wp-json\/wp\/v2\/pages\/4125"}],"wp:featuredmedia":[{"embeddable":true,"href":"https:\/\/ntc.server.develop.in.rs\/sr\/wp-json\/wp\/v2\/media\/4548"}],"wp:attachment":[{"href":"https:\/\/ntc.server.develop.in.rs\/sr\/wp-json\/wp\/v2\/media?parent=5393"}],"wp:term":[{"taxonomy":"godina","embeddable":true,"href":"https:\/\/ntc.server.develop.in.rs\/sr\/wp-json\/wp\/v2\/godina?post=5393"}],"curies":[{"name":"wp","href":"https:\/\/api.w.org\/{rel}","templated":true}]}}