{"id":5392,"date":"2022-07-01T21:55:55","date_gmt":"2022-07-01T21:55:55","guid":{"rendered":"https:\/\/www.beta.novaktenniscenter.com\/expertski-tim\/teniski-treneri\/boris-bosnjakovic\/"},"modified":"2022-08-11T12:53:39","modified_gmt":"2022-08-11T12:53:39","slug":"boris-bosnjakovic","status":"publish","type":"page","link":"https:\/\/ntc.server.develop.in.rs\/sr\/expertski-tim\/teniski-treneri\/boris-bosnjakovic\/","title":{"rendered":"Boris Bo\u0161njakovi\u0107"},"content":{"rendered":"<h4>Trener visokih performansi<\/h4>\r\n<span>Ro\u0111en u Novom Sadu, TK Vojvodina<\/span>\r\n<span>Selektor Dejvis kup tima Srbije od 2010. do 2013. godine, koji je osvojio titulu 2010. \u010clanovi tima koje je Boris trenirao bili su Novak \u0110okovic\u0301, Nenad Zimonjic\u0301, Janko Tipsarevic\u0301 i Viktor Troicki.<\/span>\r\n<span>Trenirao je mnoge ATP i VTA igra\u010dice u poslednjih 20 godina<\/span>\r\n<span>Kao igra\u010d je dostigao rekord u karijeri od 740 ATP i 80 ITF i bio je \u010dlan jugoslovenskog Dejvis kup tima.<\/span>\r\n<span>Diplomirao je na Univerzitetu Brigham Jang u Juti, SAD sa diplomom iz nauke, gde je igrao broj 1 u timu sve \u010detiri godine i bio jedan od najboljih koled\u017e igra\u010da u NCAA u Sjedinjenim Ameri\u010dkim Dr\u017eavama<\/span>","protected":false},"excerpt":{"rendered":"<p>Trener visokih performansi Ro\u0111en u Novom Sadu, TK Vojvodina Selektor Dejvis kup tima Srbije od 2010. do 2013. godine, koji je osvojio titulu 2010. \u010clanovi tima koje je Boris trenirao bili su Novak \u0110okovic\u0301, Nenad Zimonjic\u0301, Janko Tipsarevic\u0301 i Viktor Troicki. Trenirao je mnoge ATP i VTA igra\u010dice u poslednjih 20 godina Kao igra\u010d je [&hellip;]<\/p>\n","protected":false},"author":1,"featured_media":4543,"parent":4125,"menu_order":0,"comment_status":"closed","ping_status":"closed","template":"template-single-coach.php","meta":[],"godina":[],"acf":[],"_links":{"self":[{"href":"https:\/\/ntc.server.develop.in.rs\/sr\/wp-json\/wp\/v2\/pages\/5392"}],"collection":[{"href":"https:\/\/ntc.server.develop.in.rs\/sr\/wp-json\/wp\/v2\/pages"}],"about":[{"href":"https:\/\/ntc.server.develop.in.rs\/sr\/wp-json\/wp\/v2\/types\/page"}],"author":[{"embeddable":true,"href":"https:\/\/ntc.server.develop.in.rs\/sr\/wp-json\/wp\/v2\/users\/1"}],"replies":[{"embeddable":true,"href":"https:\/\/ntc.server.develop.in.rs\/sr\/wp-json\/wp\/v2\/comments?post=5392"}],"version-history":[{"count":2,"href":"https:\/\/ntc.server.develop.in.rs\/sr\/wp-json\/wp\/v2\/pages\/5392\/revisions"}],"predecessor-version":[{"id":5395,"href":"https:\/\/ntc.server.develop.in.rs\/sr\/wp-json\/wp\/v2\/pages\/5392\/revisions\/5395"}],"up":[{"embeddable":true,"href":"https:\/\/ntc.server.develop.in.rs\/sr\/wp-json\/wp\/v2\/pages\/4125"}],"wp:featuredmedia":[{"embeddable":true,"href":"https:\/\/ntc.server.develop.in.rs\/sr\/wp-json\/wp\/v2\/media\/4543"}],"wp:attachment":[{"href":"https:\/\/ntc.server.develop.in.rs\/sr\/wp-json\/wp\/v2\/media?parent=5392"}],"wp:term":[{"taxonomy":"godina","embeddable":true,"href":"https:\/\/ntc.server.develop.in.rs\/sr\/wp-json\/wp\/v2\/godina?post=5392"}],"curies":[{"name":"wp","href":"https:\/\/api.w.org\/{rel}","templated":true}]}}