{"id":5379,"date":"2022-08-10T18:03:50","date_gmt":"2022-08-10T18:03:50","guid":{"rendered":"https:\/\/www.beta.novaktenniscenter.com\/expertski-tim\/fitnes-tim\/nemanja-todorovic\/"},"modified":"2022-08-11T21:18:09","modified_gmt":"2022-08-11T21:18:09","slug":"nemanja-todorovic","status":"publish","type":"page","link":"https:\/\/ntc.server.develop.in.rs\/sr\/expertski-tim\/fitnes-tim\/nemanja-todorovic\/","title":{"rendered":"Nemanja Todorovi\u0107"},"content":{"rendered":"<h4>Fitnes trener<\/h4>\r\n\r\n<span>Nemanja Todorovi\u0107 je fitnes trener sa bogatim iskustvom. <\/span>\r\n<span>Svoju karijeru zapo\u010deo je 2012. godine, kao nastavnik fizi\u010dkog vaspitanja u osnovnoj \u0161koli \u201eStojan Novakovi\u0107\u201d, u Blacu. Radio je na upoznavanju u\u010denika sa na\u010delima sporta, sportskog \u017eivota i njihovom va\u017eno\u0161\u0107u za zdravlje i kvalitet \u017eivota. Kroz rekreativne aktivnosti, Todorovi\u0107 je radio na izgradnji samopouzdanja i interpersonalnih odnosa kod dece.<\/span>\r\n<span>Od 2014. do 2016 godine, Nemanja radi kao fitnes instruktor u \u201eFitnes First\u201d klubu u Dubaiju. Od 2016. do danas, Nemanja radi kao fitnes trener i trener snage u teniskoj akademiji \u201e\u017divkovi\u0107\u201d. \r\nU akademiji, Todorovi\u0107 radi na fizi\u010dkoj pripremi sportista, prevenciji povreda, uspostavljanju uspe\u0161ne saradnje izme\u0111u igra\u010da i drugih trenera i njihove komunikacije.<\/span>\r\n<span>Diplomirao je na Fakultetu sporta i fizi\u010dkog vaspitanja u Ni\u0161u 2011. godine. <\/span>  \r\n\r\n","protected":false},"excerpt":{"rendered":"<p>Fitnes trener Nemanja Todorovi\u0107 je fitnes trener sa bogatim iskustvom. Svoju karijeru zapo\u010deo je 2012. godine, kao nastavnik fizi\u010dkog vaspitanja u osnovnoj \u0161koli \u201eStojan Novakovi\u0107\u201d, u Blacu. Radio je na upoznavanju u\u010denika sa na\u010delima sporta, sportskog \u017eivota i njihovom va\u017eno\u0161\u0107u za zdravlje i kvalitet \u017eivota. Kroz rekreativne aktivnosti, Todorovi\u0107 je radio na izgradnji samopouzdanja i [&hellip;]<\/p>\n","protected":false},"author":1,"featured_media":5208,"parent":4129,"menu_order":0,"comment_status":"closed","ping_status":"closed","template":"template-single-coach.php","meta":[],"godina":[],"acf":[],"_links":{"self":[{"href":"https:\/\/ntc.server.develop.in.rs\/sr\/wp-json\/wp\/v2\/pages\/5379"}],"collection":[{"href":"https:\/\/ntc.server.develop.in.rs\/sr\/wp-json\/wp\/v2\/pages"}],"about":[{"href":"https:\/\/ntc.server.develop.in.rs\/sr\/wp-json\/wp\/v2\/types\/page"}],"author":[{"embeddable":true,"href":"https:\/\/ntc.server.develop.in.rs\/sr\/wp-json\/wp\/v2\/users\/1"}],"replies":[{"embeddable":true,"href":"https:\/\/ntc.server.develop.in.rs\/sr\/wp-json\/wp\/v2\/comments?post=5379"}],"version-history":[{"count":3,"href":"https:\/\/ntc.server.develop.in.rs\/sr\/wp-json\/wp\/v2\/pages\/5379\/revisions"}],"predecessor-version":[{"id":5478,"href":"https:\/\/ntc.server.develop.in.rs\/sr\/wp-json\/wp\/v2\/pages\/5379\/revisions\/5478"}],"up":[{"embeddable":true,"href":"https:\/\/ntc.server.develop.in.rs\/sr\/wp-json\/wp\/v2\/pages\/4129"}],"wp:featuredmedia":[{"embeddable":true,"href":"https:\/\/ntc.server.develop.in.rs\/sr\/wp-json\/wp\/v2\/media\/5208"}],"wp:attachment":[{"href":"https:\/\/ntc.server.develop.in.rs\/sr\/wp-json\/wp\/v2\/media?parent=5379"}],"wp:term":[{"taxonomy":"godina","embeddable":true,"href":"https:\/\/ntc.server.develop.in.rs\/sr\/wp-json\/wp\/v2\/godina?post=5379"}],"curies":[{"name":"wp","href":"https:\/\/api.w.org\/{rel}","templated":true}]}}