{"id":5378,"date":"2022-07-20T16:59:47","date_gmt":"2022-07-20T16:59:47","guid":{"rendered":"https:\/\/www.beta.novaktenniscenter.com\/expertski-tim\/fitnes-tim\/tamara-jelic\/"},"modified":"2022-08-11T21:17:55","modified_gmt":"2022-08-11T21:17:55","slug":"tamara-jelic","status":"publish","type":"page","link":"https:\/\/ntc.server.develop.in.rs\/sr\/expertski-tim\/fitnes-tim\/tamara-jelic\/","title":{"rendered":"Tamara Jelic"},"content":{"rendered":"<h4>Fitnes trener<\/h4>\r\n\r\n<span>Tamara Jeli\u0107 je profesor sporta i fizi\u010dkog vaspitanja sa bogatim trenerskim iskustvom u radu sa decom \u0161kolskog i mla\u0111eg \u0161kolskog uzrasta. Tamara je dokazani stru\u010dnjak za rad sa mladim sportistima u oblastima op\u0161te motorike, koordinacije i korektivne gimnastike. <\/span>\r\n<span>Aktivna je rukometa\u0161ica poslednjih 20 godina i osvaja\u010d je bronzane medalje na Evropskom univerzitetskom prvenstvu u Portugalu. Poseduje i dvogodi\u0161nje iskustvo u igranju za reprezentaciju Srbije u futsalu. <\/span>\r\n<span>2021. zavr\u0161ila je Fakultet sporta i fizi\u010dkog vaspitanja, a njeno bogato iskustvo se\u017ee od uloge aktivne sportistkinje do uloge trenera i mentora. Radila je kao rukometni trener u RK &#8222;Feniks&#8220; od 2010. do 2012. Bila je golman futsal reprezentaciji Srbije, a onda i rukometni trener za golmane mla\u0111e selekcije u \u017dRK &#8222;Crvena Zvezda&#8220;, funkcija koju obavlja i danas. Tamara je i bu\u0161ido trener u &#8222;Bushido kids&#8220; klubu.<\/span>\r\n<span>Bavi se individualnim radom sa igra\u010dima, na polju fizi\u010dke pripreme.<\/span>","protected":false},"excerpt":{"rendered":"<p>Fitnes trener Tamara Jeli\u0107 je profesor sporta i fizi\u010dkog vaspitanja sa bogatim trenerskim iskustvom u radu sa decom \u0161kolskog i mla\u0111eg \u0161kolskog uzrasta. Tamara je dokazani stru\u010dnjak za rad sa mladim sportistima u oblastima op\u0161te motorike, koordinacije i korektivne gimnastike. Aktivna je rukometa\u0161ica poslednjih 20 godina i osvaja\u010d je bronzane medalje na Evropskom univerzitetskom prvenstvu [&hellip;]<\/p>\n","protected":false},"author":1,"featured_media":4729,"parent":4129,"menu_order":0,"comment_status":"closed","ping_status":"closed","template":"template-single-coach.php","meta":[],"godina":[],"acf":[],"_links":{"self":[{"href":"https:\/\/ntc.server.develop.in.rs\/sr\/wp-json\/wp\/v2\/pages\/5378"}],"collection":[{"href":"https:\/\/ntc.server.develop.in.rs\/sr\/wp-json\/wp\/v2\/pages"}],"about":[{"href":"https:\/\/ntc.server.develop.in.rs\/sr\/wp-json\/wp\/v2\/types\/page"}],"author":[{"embeddable":true,"href":"https:\/\/ntc.server.develop.in.rs\/sr\/wp-json\/wp\/v2\/users\/1"}],"replies":[{"embeddable":true,"href":"https:\/\/ntc.server.develop.in.rs\/sr\/wp-json\/wp\/v2\/comments?post=5378"}],"version-history":[{"count":3,"href":"https:\/\/ntc.server.develop.in.rs\/sr\/wp-json\/wp\/v2\/pages\/5378\/revisions"}],"predecessor-version":[{"id":5477,"href":"https:\/\/ntc.server.develop.in.rs\/sr\/wp-json\/wp\/v2\/pages\/5378\/revisions\/5477"}],"up":[{"embeddable":true,"href":"https:\/\/ntc.server.develop.in.rs\/sr\/wp-json\/wp\/v2\/pages\/4129"}],"wp:featuredmedia":[{"embeddable":true,"href":"https:\/\/ntc.server.develop.in.rs\/sr\/wp-json\/wp\/v2\/media\/4729"}],"wp:attachment":[{"href":"https:\/\/ntc.server.develop.in.rs\/sr\/wp-json\/wp\/v2\/media?parent=5378"}],"wp:term":[{"taxonomy":"godina","embeddable":true,"href":"https:\/\/ntc.server.develop.in.rs\/sr\/wp-json\/wp\/v2\/godina?post=5378"}],"curies":[{"name":"wp","href":"https:\/\/api.w.org\/{rel}","templated":true}]}}