{"id":5377,"date":"2022-07-20T16:39:26","date_gmt":"2022-07-20T16:39:26","guid":{"rendered":"https:\/\/www.beta.novaktenniscenter.com\/expertski-tim\/fitnes-tim\/strahinja-tomovic\/"},"modified":"2022-08-11T21:17:22","modified_gmt":"2022-08-11T21:17:22","slug":"strahinja-tomovic","status":"publish","type":"page","link":"https:\/\/ntc.server.develop.in.rs\/sr\/expertski-tim\/fitnes-tim\/strahinja-tomovic\/","title":{"rendered":"Strahinja Tomovi\u0107"},"content":{"rendered":"<h4>Fitnes trener<\/h4>\r\n\r\n<span>Strahinja Tomovi\u0107 je biv\u0161i ko\u0161arka\u0161, a danas se na vrhunskom nivou bavi fizi\u010dkom pripremom igra\u010da. Trenutno radi sa Damirom D\u017eumhurom (najvi\u0161i plasman, 23. mesto na ATP rang listi). Tomovi\u0107 sa D\u017eumhurom sara\u0111uje od 2016. godine. Kao personalni trener radio je sa mnogo profesionalnih tenisera &#8211;  Du\u0161anom Lajovi\u0107em, Vasekom Pospi\u0161ilom, Nikolom \u0106a\u0107i\u0107em, Hamadom Me\u0111edovi\u0107em, Nikolom Milojevi\u0107em, Pe\u0111om Krstinom.<\/span>\r\n<span>Stru\u010dnjak je za motori\u010dke pripreme, prevencije povreda i rehabilitaciju. Tako\u0111e, Tomovi\u0107 je radio i na teniskoj akademiji &#8222;Tipsarevi\u0107&#8220;, kao glavni trener za motori\u010dke pripreme.<\/span>","protected":false},"excerpt":{"rendered":"<p>Fitnes trener Strahinja Tomovi\u0107 je biv\u0161i ko\u0161arka\u0161, a danas se na vrhunskom nivou bavi fizi\u010dkom pripremom igra\u010da. Trenutno radi sa Damirom D\u017eumhurom (najvi\u0161i plasman, 23. mesto na ATP rang listi). Tomovi\u0107 sa D\u017eumhurom sara\u0111uje od 2016. godine. Kao personalni trener radio je sa mnogo profesionalnih tenisera &#8211; Du\u0161anom Lajovi\u0107em, Vasekom Pospi\u0161ilom, Nikolom \u0106a\u0107i\u0107em, Hamadom Me\u0111edovi\u0107em, [&hellip;]<\/p>\n","protected":false},"author":1,"featured_media":4701,"parent":4129,"menu_order":0,"comment_status":"closed","ping_status":"closed","template":"template-single-coach.php","meta":[],"godina":[],"acf":[],"_links":{"self":[{"href":"https:\/\/ntc.server.develop.in.rs\/sr\/wp-json\/wp\/v2\/pages\/5377"}],"collection":[{"href":"https:\/\/ntc.server.develop.in.rs\/sr\/wp-json\/wp\/v2\/pages"}],"about":[{"href":"https:\/\/ntc.server.develop.in.rs\/sr\/wp-json\/wp\/v2\/types\/page"}],"author":[{"embeddable":true,"href":"https:\/\/ntc.server.develop.in.rs\/sr\/wp-json\/wp\/v2\/users\/1"}],"replies":[{"embeddable":true,"href":"https:\/\/ntc.server.develop.in.rs\/sr\/wp-json\/wp\/v2\/comments?post=5377"}],"version-history":[{"count":3,"href":"https:\/\/ntc.server.develop.in.rs\/sr\/wp-json\/wp\/v2\/pages\/5377\/revisions"}],"predecessor-version":[{"id":5476,"href":"https:\/\/ntc.server.develop.in.rs\/sr\/wp-json\/wp\/v2\/pages\/5377\/revisions\/5476"}],"up":[{"embeddable":true,"href":"https:\/\/ntc.server.develop.in.rs\/sr\/wp-json\/wp\/v2\/pages\/4129"}],"wp:featuredmedia":[{"embeddable":true,"href":"https:\/\/ntc.server.develop.in.rs\/sr\/wp-json\/wp\/v2\/media\/4701"}],"wp:attachment":[{"href":"https:\/\/ntc.server.develop.in.rs\/sr\/wp-json\/wp\/v2\/media?parent=5377"}],"wp:term":[{"taxonomy":"godina","embeddable":true,"href":"https:\/\/ntc.server.develop.in.rs\/sr\/wp-json\/wp\/v2\/godina?post=5377"}],"curies":[{"name":"wp","href":"https:\/\/api.w.org\/{rel}","templated":true}]}}