{"id":5370,"date":"2022-07-20T16:33:37","date_gmt":"2022-07-20T16:33:37","guid":{"rendered":"https:\/\/www.beta.novaktenniscenter.com\/expertski-tim\/fitnes-tim\/milos-sokolovic\/"},"modified":"2022-08-11T21:17:07","modified_gmt":"2022-08-11T21:17:07","slug":"milos-sokolovic","status":"publish","type":"page","link":"https:\/\/ntc.server.develop.in.rs\/sr\/expertski-tim\/fitnes-tim\/milos-sokolovic\/","title":{"rendered":"Milo\u0161 Sokolovi\u0107"},"content":{"rendered":"<h4>Fitnes trener<\/h4>\r\n<span>Milo\u0161 Sokolovi\u0107 je nekada\u0161nji profesionalni sportista u Omladinskom atletskom klubu &#8222;Beograd&#8220;. Od 1991. do 2011. godine, postigao je velike uspehe u skoku u dalj i trostrukom skoku, postav\u0161i i \u0161ampion Srbije. Vi\u0161e puta bio je u reprezentaciji Srbije.<\/span>\r\n<span>Od 2006. do 2011. godine radio je kao trener mla\u0111ih kategorija u OAK &#8222;Beograd&#8220;, bave\u0107i se njihovom fizi\u010dkom pripremom. Od 2011. do 2014. godine, Sokolovi\u0107 radi kao glavni fitnes trener u TC &#8222;Novak&#8220;, bave\u0107i se fizi\u010dkom pripremom tenisera svih starosnih grupa, planiranjem i programiranjem forme sportista i pra\u0107enjem igra\u010da na turnire.<\/span>\r\n<span>Od 2012. do 2015. godine, Milo\u0161 u TC &#8222;Novak&#8220; radio je kao li\u010dni kondicioni trener \u0110or\u0111a \u0110okovi\u0107a, odgovoran za njegove fizi\u010dke pripreme, planiranje i programiranje njegove forme. Od 2015. do 2020. godine, bio je personalni trener u &#8222;BEO GYM&#8220; centru, rade\u0107i sa profesionalnim sportistima razli\u010ditih sportova i starosnih grupa. Od 2020. do danas, Milo\u0161 je rukovode\u0107i u Novak Tenis Centru i obavlja funkciju glavnog fitnes trenera.<\/span>\r\n<span>Sokolovi\u0107 kao dugogodi\u0161nji saradnik Novak Tenis Centra ima puno poverenje na\u0161e organizacije, budu\u0107i da u svojoj trenerskoj karijeri ima igra\u010dice koje su u prvih 50 na ITF rang listi, nekoliko igra\u010da iz top 50 na evropskim rang listama do 12, 14 i 16 godina, kao i nekoliko \u0161ampiona Srbije.<\/span>\r\n<span>Rukovodi teretanom Novak Tenis Centra, glavni je fitnes trener i radi kako sa teniserima, tako i sa teniserkama.<\/span>\r\n","protected":false},"excerpt":{"rendered":"<p>Fitnes trener Milo\u0161 Sokolovi\u0107 je nekada\u0161nji profesionalni sportista u Omladinskom atletskom klubu &#8222;Beograd&#8220;. Od 1991. do 2011. godine, postigao je velike uspehe u skoku u dalj i trostrukom skoku, postav\u0161i i \u0161ampion Srbije. Vi\u0161e puta bio je u reprezentaciji Srbije. Od 2006. do 2011. godine radio je kao trener mla\u0111ih kategorija u OAK &#8222;Beograd&#8220;, bave\u0107i [&hellip;]<\/p>\n","protected":false},"author":1,"featured_media":4691,"parent":4129,"menu_order":0,"comment_status":"closed","ping_status":"closed","template":"template-single-coach.php","meta":[],"godina":[],"acf":[],"_links":{"self":[{"href":"https:\/\/ntc.server.develop.in.rs\/sr\/wp-json\/wp\/v2\/pages\/5370"}],"collection":[{"href":"https:\/\/ntc.server.develop.in.rs\/sr\/wp-json\/wp\/v2\/pages"}],"about":[{"href":"https:\/\/ntc.server.develop.in.rs\/sr\/wp-json\/wp\/v2\/types\/page"}],"author":[{"embeddable":true,"href":"https:\/\/ntc.server.develop.in.rs\/sr\/wp-json\/wp\/v2\/users\/1"}],"replies":[{"embeddable":true,"href":"https:\/\/ntc.server.develop.in.rs\/sr\/wp-json\/wp\/v2\/comments?post=5370"}],"version-history":[{"count":3,"href":"https:\/\/ntc.server.develop.in.rs\/sr\/wp-json\/wp\/v2\/pages\/5370\/revisions"}],"predecessor-version":[{"id":5473,"href":"https:\/\/ntc.server.develop.in.rs\/sr\/wp-json\/wp\/v2\/pages\/5370\/revisions\/5473"}],"up":[{"embeddable":true,"href":"https:\/\/ntc.server.develop.in.rs\/sr\/wp-json\/wp\/v2\/pages\/4129"}],"wp:featuredmedia":[{"embeddable":true,"href":"https:\/\/ntc.server.develop.in.rs\/sr\/wp-json\/wp\/v2\/media\/4691"}],"wp:attachment":[{"href":"https:\/\/ntc.server.develop.in.rs\/sr\/wp-json\/wp\/v2\/media?parent=5370"}],"wp:term":[{"taxonomy":"godina","embeddable":true,"href":"https:\/\/ntc.server.develop.in.rs\/sr\/wp-json\/wp\/v2\/godina?post=5370"}],"curies":[{"name":"wp","href":"https:\/\/api.w.org\/{rel}","templated":true}]}}