{"id":5362,"date":"2022-07-20T16:53:04","date_gmt":"2022-07-20T16:53:04","guid":{"rendered":"https:\/\/www.beta.novaktenniscenter.com\/expertski-tim\/fizio-tim\/predrag-sapina\/"},"modified":"2022-10-19T16:32:38","modified_gmt":"2022-10-19T16:32:38","slug":"predrag-sapina","status":"publish","type":"page","link":"https:\/\/ntc.server.develop.in.rs\/sr\/expertski-tim\/fizio-tim\/predrag-sapina\/","title":{"rendered":"Predrag Sapina"},"content":{"rendered":"<h4>Fizio tim<\/h4>\r\n\r\n<span>Predrag \u0160apina je Visoki strukovni fizioterapeut sa diplomom Visoke strukovne medicinske \u0161kole u Beogradu, ekstenzivnim iskustvom i profesionalnim kompetencijama. <\/span>\r\n<span>1999. godine, \u0160apina je radio na ortopedskom institutu &#8222;Banjica&#8220;, kao fizioterapeut na preoperativnoj pripremi pacijenata kao i rehabilitaciji posle neoperativnog i operativnog le\u010denja pacijenata. To je podrazumevalo vra\u0107anje obima pokreta, re\u0161avanje kontraktura, ja\u010danje mi\u0161i\u0107ne snage, obuku hoda sa \u0161takama, uspostavljanje pravilne \u0161eme hoda i pokreta u zglobu, kao i ispravljanje deformiteta ki\u010dme kod dece. <\/span>\r\n<span>U svet sporta ulazi 2000. godine kada postaje glavni fizioterapeut prvog tima OKK &#8222;Beograd&#8220;. 2002. godine \u0160apina postaje deo stru\u010dnog \u0161taba KK &#8222;Beopetrol&#8220;, kao glavni fizioterapeut i na toj poziciji ostaje do 2004. 2005. godine na Evropskom prvenstvu u ko\u0161arci do 20 godina, u Rusiji, radio je na mestu glavnog fizioterapeuta Nacionalnog tima Srbije. Srbija je prvenstvo zavr\u0161ila na tre\u0107em mestu i osvojila bronzanu medalju.<\/span>\r\n<span>Od 2007. do 2019. Predrag radi kao glavni fizioterapeut jedne od najtrofejnijih era KK &#8222;Partizan&#8220; koji se takmi\u010dio u Evroligi, stigav\u0161i u tom periodu i do &#8222;Fajnal fora&#8220;. Takodje, 8 puta su osvojili dr\u017eavno prvenstvo i 6 puta bili \u0161ampioni regionalne NLB lige.<\/span>\r\n<span>2019. godine Predrag radi kao glavni fizioterapeut profesionalnog tenisera Matije Pecoti\u0107a, \u010dlana Dejvis kup reprezentacije Hrvatske. U 2021. i 2022. godini, Predrag postaje nezamenjiv \u010dlan medicinskog tima teniskih turnira &#8211; ATP Challenger-a u Beogradu, WTA Serbia Ladies Open u Beogradu, ATP Serbia Open u Beogradu.<\/span>","protected":false},"excerpt":{"rendered":"<p>Fizio tim Predrag \u0160apina je Visoki strukovni fizioterapeut sa diplomom Visoke strukovne medicinske \u0161kole u Beogradu, ekstenzivnim iskustvom i profesionalnim kompetencijama. 1999. godine, \u0160apina je radio na ortopedskom institutu &#8222;Banjica&#8220;, kao fizioterapeut na preoperativnoj pripremi pacijenata kao i rehabilitaciji posle neoperativnog i operativnog le\u010denja pacijenata. To je podrazumevalo vra\u0107anje obima pokreta, re\u0161avanje kontraktura, ja\u010danje mi\u0161i\u0107ne [&hellip;]<\/p>\n","protected":false},"author":1,"featured_media":4736,"parent":4132,"menu_order":0,"comment_status":"closed","ping_status":"closed","template":"template-single-coach.php","meta":[],"godina":[],"acf":[],"_links":{"self":[{"href":"https:\/\/ntc.server.develop.in.rs\/sr\/wp-json\/wp\/v2\/pages\/5362"}],"collection":[{"href":"https:\/\/ntc.server.develop.in.rs\/sr\/wp-json\/wp\/v2\/pages"}],"about":[{"href":"https:\/\/ntc.server.develop.in.rs\/sr\/wp-json\/wp\/v2\/types\/page"}],"author":[{"embeddable":true,"href":"https:\/\/ntc.server.develop.in.rs\/sr\/wp-json\/wp\/v2\/users\/1"}],"replies":[{"embeddable":true,"href":"https:\/\/ntc.server.develop.in.rs\/sr\/wp-json\/wp\/v2\/comments?post=5362"}],"version-history":[{"count":3,"href":"https:\/\/ntc.server.develop.in.rs\/sr\/wp-json\/wp\/v2\/pages\/5362\/revisions"}],"predecessor-version":[{"id":5795,"href":"https:\/\/ntc.server.develop.in.rs\/sr\/wp-json\/wp\/v2\/pages\/5362\/revisions\/5795"}],"up":[{"embeddable":true,"href":"https:\/\/ntc.server.develop.in.rs\/sr\/wp-json\/wp\/v2\/pages\/4132"}],"wp:featuredmedia":[{"embeddable":true,"href":"https:\/\/ntc.server.develop.in.rs\/sr\/wp-json\/wp\/v2\/media\/4736"}],"wp:attachment":[{"href":"https:\/\/ntc.server.develop.in.rs\/sr\/wp-json\/wp\/v2\/media?parent=5362"}],"wp:term":[{"taxonomy":"godina","embeddable":true,"href":"https:\/\/ntc.server.develop.in.rs\/sr\/wp-json\/wp\/v2\/godina?post=5362"}],"curies":[{"name":"wp","href":"https:\/\/api.w.org\/{rel}","templated":true}]}}