{"id":5361,"date":"2022-07-20T16:56:17","date_gmt":"2022-07-20T16:56:17","guid":{"rendered":"https:\/\/www.beta.novaktenniscenter.com\/expertski-tim\/fizio-tim\/sasa-jezdic\/"},"modified":"2022-10-19T16:38:13","modified_gmt":"2022-10-19T16:38:13","slug":"sasa-jezdic","status":"publish","type":"page","link":"https:\/\/ntc.server.develop.in.rs\/sr\/expertski-tim\/fizio-tim\/sasa-jezdic\/","title":{"rendered":"Sasa Jezdic"},"content":{"rendered":"<h4>Fizio tim<\/h4>\r\n\r\n<span>Sa\u0161a Jezdi\u0107 je visoko specijalizovani fizioterapeut sa diplomama Vi\u0161e medicinske \u0161kole u Beogradu, smera fizikalne terapije (1998.), kao i Univerziteta u Luizijani, gde se specijalizovao za kinezio terapiju, kao sportski terapeut (2004.).<\/span>\r\n<span>Izgradnja Sa\u0161inog bogatog portfolija po\u010dinje 1998. godine, sa pozicijom vi\u0161eg fizioterapeuta u juniorskom ko\u0161arka\u0161kom timu Crvene Zvezde. Ve\u0107 1999., Sa\u0161a nastavlja karijeru u &#8222;ACU-TENS&#8220; klinici za fizikalnu medicinu i rehabilitaciju, a u avgustu 2002. odlazi na univerzitet u Ameriku i usavr\u0161ava se kao sportski terapeut. Od 2004. do 2005. godine, Jezdi\u0107 je proveo u bolnici &#8222;St. Francis Cabrini&#8220; u Luizijani, gde je radio kao sertifikovani sportski terapeut. Potom, 2005. godine odlazi u Nju Jork, gde tako\u0111e radi kao sertifikovani sportski terapeut. Od 2009. do 2020. godine, Sa\u0161a u svojoj klinici u Beogradu radi i posti\u017ee sjajne rezultate, u\u010destvuju\u0107i u stru\u010dnom timu Novaka \u0110okovi\u0107a kao povremeni fizioterapeut na velikim turnirima kao \u0161to su Australijan Open 2013, masters u Monte Karlu 2013, Toronto 2012.<\/span>\r\n<span>Od 2020., Sa\u0161a je fizioterapeut u Novak Tenis Centru pru\u017eaju\u0107i svoju bogatu ekspertizu za kreiranje protokola fizikalne terapije, prevenciju, evaluaciju i tretman sportskih povreda, kao i personalni trening.<\/span>\r\n","protected":false},"excerpt":{"rendered":"<p>Fizio tim Sa\u0161a Jezdi\u0107 je visoko specijalizovani fizioterapeut sa diplomama Vi\u0161e medicinske \u0161kole u Beogradu, smera fizikalne terapije (1998.), kao i Univerziteta u Luizijani, gde se specijalizovao za kinezio terapiju, kao sportski terapeut (2004.). Izgradnja Sa\u0161inog bogatog portfolija po\u010dinje 1998. godine, sa pozicijom vi\u0161eg fizioterapeuta u juniorskom ko\u0161arka\u0161kom timu Crvene Zvezde. Ve\u0107 1999., Sa\u0161a nastavlja [&hellip;]<\/p>\n","protected":false},"author":1,"featured_media":4738,"parent":4132,"menu_order":0,"comment_status":"closed","ping_status":"closed","template":"template-single-coach.php","meta":[],"godina":[],"acf":[],"_links":{"self":[{"href":"https:\/\/ntc.server.develop.in.rs\/sr\/wp-json\/wp\/v2\/pages\/5361"}],"collection":[{"href":"https:\/\/ntc.server.develop.in.rs\/sr\/wp-json\/wp\/v2\/pages"}],"about":[{"href":"https:\/\/ntc.server.develop.in.rs\/sr\/wp-json\/wp\/v2\/types\/page"}],"author":[{"embeddable":true,"href":"https:\/\/ntc.server.develop.in.rs\/sr\/wp-json\/wp\/v2\/users\/1"}],"replies":[{"embeddable":true,"href":"https:\/\/ntc.server.develop.in.rs\/sr\/wp-json\/wp\/v2\/comments?post=5361"}],"version-history":[{"count":3,"href":"https:\/\/ntc.server.develop.in.rs\/sr\/wp-json\/wp\/v2\/pages\/5361\/revisions"}],"predecessor-version":[{"id":5799,"href":"https:\/\/ntc.server.develop.in.rs\/sr\/wp-json\/wp\/v2\/pages\/5361\/revisions\/5799"}],"up":[{"embeddable":true,"href":"https:\/\/ntc.server.develop.in.rs\/sr\/wp-json\/wp\/v2\/pages\/4132"}],"wp:featuredmedia":[{"embeddable":true,"href":"https:\/\/ntc.server.develop.in.rs\/sr\/wp-json\/wp\/v2\/media\/4738"}],"wp:attachment":[{"href":"https:\/\/ntc.server.develop.in.rs\/sr\/wp-json\/wp\/v2\/media?parent=5361"}],"wp:term":[{"taxonomy":"godina","embeddable":true,"href":"https:\/\/ntc.server.develop.in.rs\/sr\/wp-json\/wp\/v2\/godina?post=5361"}],"curies":[{"name":"wp","href":"https:\/\/api.w.org\/{rel}","templated":true}]}}