{"id":5353,"date":"2022-07-20T16:48:44","date_gmt":"2022-07-20T16:48:44","guid":{"rendered":"https:\/\/www.beta.novaktenniscenter.com\/expertski-tim\/fizio-tim\/miljan-amanovic\/"},"modified":"2022-10-19T16:34:54","modified_gmt":"2022-10-19T16:34:54","slug":"miljan-amanovic","status":"publish","type":"page","link":"https:\/\/ntc.server.develop.in.rs\/sr\/expertski-tim\/fizio-tim\/miljan-amanovic\/","title":{"rendered":"Miljan Amanovi\u0107"},"content":{"rendered":"<h4>Fizio tim<\/h4>\r\n<span>Miljan Amanovi\u0107 je fizioterapeut sa ekstenzivnim profesionalnim iskustvom. Diplomu fizioterapeuta sa Visoke strukovne medicinske \u0161kole u Beogradu stekao je 1999. Nakon toga, Amanovi\u0107 je nizao zna\u010dajne profesionalne uspehe sa najve\u0107im imenima srpskog sporta:<\/span>\r\n<span>Aktivni je \u010dlan Dejvis kup reprezentacije Srbije. Od 2007. do 2017. radio je kao fizioterapeut Novaka \u0110okovi\u0107a. Potom je godinu dana sara\u0111ivao sa jo\u0161 jednom teniskom zvezdom, Milo\u0161em Raoni\u0107em. Od 2018. godine, ponovo radi kao fizioterapeut Novaka \u0110okovi\u0107a, najboljeg tenisera svih vremena.<\/span>\r\n<span>Miljan je sara\u0111ivao i sa ko\u0161arka\u0161ima, Nikolom Jestratijevi\u0107em (od 2002. do 2003.) i Vladimirom Radmanovi\u0107em (od 2001. do 2002.) i bio deo tima fizioterapeuta na Olimpijskim igrama 2008., 2012., 2016., kao i 2021. godine.<\/span>\r\n","protected":false},"excerpt":{"rendered":"<p>Fizio tim Miljan Amanovi\u0107 je fizioterapeut sa ekstenzivnim profesionalnim iskustvom. Diplomu fizioterapeuta sa Visoke strukovne medicinske \u0161kole u Beogradu stekao je 1999. Nakon toga, Amanovi\u0107 je nizao zna\u010dajne profesionalne uspehe sa najve\u0107im imenima srpskog sporta: Aktivni je \u010dlan Dejvis kup reprezentacije Srbije. Od 2007. do 2017. radio je kao fizioterapeut Novaka \u0110okovi\u0107a. Potom je godinu [&hellip;]<\/p>\n","protected":false},"author":1,"featured_media":4734,"parent":4132,"menu_order":0,"comment_status":"closed","ping_status":"closed","template":"template-single-coach.php","meta":[],"godina":[],"acf":[],"_links":{"self":[{"href":"https:\/\/ntc.server.develop.in.rs\/sr\/wp-json\/wp\/v2\/pages\/5353"}],"collection":[{"href":"https:\/\/ntc.server.develop.in.rs\/sr\/wp-json\/wp\/v2\/pages"}],"about":[{"href":"https:\/\/ntc.server.develop.in.rs\/sr\/wp-json\/wp\/v2\/types\/page"}],"author":[{"embeddable":true,"href":"https:\/\/ntc.server.develop.in.rs\/sr\/wp-json\/wp\/v2\/users\/1"}],"replies":[{"embeddable":true,"href":"https:\/\/ntc.server.develop.in.rs\/sr\/wp-json\/wp\/v2\/comments?post=5353"}],"version-history":[{"count":4,"href":"https:\/\/ntc.server.develop.in.rs\/sr\/wp-json\/wp\/v2\/pages\/5353\/revisions"}],"predecessor-version":[{"id":5797,"href":"https:\/\/ntc.server.develop.in.rs\/sr\/wp-json\/wp\/v2\/pages\/5353\/revisions\/5797"}],"up":[{"embeddable":true,"href":"https:\/\/ntc.server.develop.in.rs\/sr\/wp-json\/wp\/v2\/pages\/4132"}],"wp:featuredmedia":[{"embeddable":true,"href":"https:\/\/ntc.server.develop.in.rs\/sr\/wp-json\/wp\/v2\/media\/4734"}],"wp:attachment":[{"href":"https:\/\/ntc.server.develop.in.rs\/sr\/wp-json\/wp\/v2\/media?parent=5353"}],"wp:term":[{"taxonomy":"godina","embeddable":true,"href":"https:\/\/ntc.server.develop.in.rs\/sr\/wp-json\/wp\/v2\/godina?post=5353"}],"curies":[{"name":"wp","href":"https:\/\/api.w.org\/{rel}","templated":true}]}}