{"id":5346,"date":"2022-07-20T18:56:55","date_gmt":"2022-07-20T18:56:55","guid":{"rendered":"https:\/\/www.beta.novaktenniscenter.com\/expertski-tim\/yoga-tim\/nevena-mandic\/"},"modified":"2022-08-11T21:24:09","modified_gmt":"2022-08-11T21:24:09","slug":"nevena-mandic","status":"publish","type":"page","link":"https:\/\/ntc.server.develop.in.rs\/sr\/expertski-tim\/yoga\/nevena-mandic\/","title":{"rendered":"Nevena Mandi\u0107"},"content":{"rendered":"<h4>Yoga<\/h4>\r\n<span>Nevena Mandi\u0107 je profesionalni joga instruktor ve\u0107 11 godina. Svoje zvanje stekla je na Medjunarodnoj akademiji u okviru Joga saveza Srbije, kod prof. dr. Predraga Niki\u0107a. Svoje stru\u010dne kompetencije Nevena je pro\u0161irila kroz obuke &#8222;hata&#8220; joge, joge u korporacijama, art joge, a poseduje i zvanje energoterapeuta i &#8222;Peat&#8220; prakti\u010dara.<\/span>\r\n\r\n<span>Aktivno se bavi razli\u010ditim stilovima joge i podu\u010dava ih dugi niz godina. Poznavalac je &#8222;hata&#8220;, &#8222;aerial&#8220; (joga u svili), &#8222;jin&#8220; i &#8222;vinyasa&#8220; stilova. U\u010desnik je Medjunarodnih festivala art yoge.<\/span>\r\n\r\n<span>2018. godine pod podr\u0161kom Ministarstva prosvete sprovodi joga \u010dasove za decu od 5. do 8. razreda osnovne \u0161kole. U periodu od 2011. do 2021. god. organizuje joga izlete u Srbiji i inostranstvu.<\/span>","protected":false},"excerpt":{"rendered":"<p>Yoga Nevena Mandi\u0107 je profesionalni joga instruktor ve\u0107 11 godina. Svoje zvanje stekla je na Medjunarodnoj akademiji u okviru Joga saveza Srbije, kod prof. dr. Predraga Niki\u0107a. Svoje stru\u010dne kompetencije Nevena je pro\u0161irila kroz obuke &#8222;hata&#8220; joge, joge u korporacijama, art joge, a poseduje i zvanje energoterapeuta i &#8222;Peat&#8220; prakti\u010dara. Aktivno se bavi razli\u010ditim stilovima [&hellip;]<\/p>\n","protected":false},"author":1,"featured_media":4840,"parent":5067,"menu_order":0,"comment_status":"closed","ping_status":"closed","template":"template-single-coach.php","meta":[],"godina":[],"acf":[],"_links":{"self":[{"href":"https:\/\/ntc.server.develop.in.rs\/sr\/wp-json\/wp\/v2\/pages\/5346"}],"collection":[{"href":"https:\/\/ntc.server.develop.in.rs\/sr\/wp-json\/wp\/v2\/pages"}],"about":[{"href":"https:\/\/ntc.server.develop.in.rs\/sr\/wp-json\/wp\/v2\/types\/page"}],"author":[{"embeddable":true,"href":"https:\/\/ntc.server.develop.in.rs\/sr\/wp-json\/wp\/v2\/users\/1"}],"replies":[{"embeddable":true,"href":"https:\/\/ntc.server.develop.in.rs\/sr\/wp-json\/wp\/v2\/comments?post=5346"}],"version-history":[{"count":4,"href":"https:\/\/ntc.server.develop.in.rs\/sr\/wp-json\/wp\/v2\/pages\/5346\/revisions"}],"predecessor-version":[{"id":5487,"href":"https:\/\/ntc.server.develop.in.rs\/sr\/wp-json\/wp\/v2\/pages\/5346\/revisions\/5487"}],"up":[{"embeddable":true,"href":"https:\/\/ntc.server.develop.in.rs\/sr\/wp-json\/wp\/v2\/pages\/5067"}],"wp:featuredmedia":[{"embeddable":true,"href":"https:\/\/ntc.server.develop.in.rs\/sr\/wp-json\/wp\/v2\/media\/4840"}],"wp:attachment":[{"href":"https:\/\/ntc.server.develop.in.rs\/sr\/wp-json\/wp\/v2\/media?parent=5346"}],"wp:term":[{"taxonomy":"godina","embeddable":true,"href":"https:\/\/ntc.server.develop.in.rs\/sr\/wp-json\/wp\/v2\/godina?post=5346"}],"curies":[{"name":"wp","href":"https:\/\/api.w.org\/{rel}","templated":true}]}}