{"id":5332,"date":"2022-08-09T09:18:57","date_gmt":"2022-08-09T09:18:57","guid":{"rendered":"https:\/\/www.beta.novaktenniscenter.com\/ntc-pro-tim\/igraci\/mihailo-topic\/"},"modified":"2022-08-11T11:51:13","modified_gmt":"2022-08-11T11:51:13","slug":"mihailo-topic","status":"publish","type":"page","link":"https:\/\/ntc.server.develop.in.rs\/sr\/ntc-pro-tim\/igraci\/mihailo-topic\/","title":{"rendered":"Mihailo Topi\u0107"},"content":{"rendered":"<div class=\"player_img\">\r\n<img decoding=\"async\" loading=\"lazy\" src=\"\/wp-content\/uploads\/2022\/08\/Mihajlo_Topic\u0301_IMG.png\" alt=\"\" width=\"825\" height=\"713\" class=\"alignnone size-full wp-image-5174\" srcset=\"https:\/\/ntc.server.develop.in.rs\/wp-content\/uploads\/2022\/08\/Mihajlo_Topic\u0301_IMG.png 825w, https:\/\/ntc.server.develop.in.rs\/wp-content\/uploads\/2022\/08\/Mihajlo_Topic\u0301_IMG-300x259.png 300w, https:\/\/ntc.server.develop.in.rs\/wp-content\/uploads\/2022\/08\/Mihajlo_Topic\u0301_IMG-768x664.png 768w\" sizes=\"(max-width: 825px) 100vw, 825px\" \/>\r\n<\/div>\r\n\r\n<div class=\"player_stats\">\r\n<div class=\"stat\">\r\n<h3>Godina<\/h3>\r\n<span>13<\/span>\r\n<span class=\"last\">16.6.2009.<\/span>\r\n\r\n<\/div>\r\n<div class=\"stat\">\r\n<h3>Te\u017eina<\/h3>\r\n<span>89.9<strong class=\"bs\">lbs<\/strong><\/span>\r\n<span class=\"last\">40.8<strong> kg<\/strong><\/span>\r\n<\/div>\r\n<div class=\"stat\">\r\n<h3>Visina<\/h3>\r\n<span>4&#8217;8&#8243;<\/span>\r\n<span class=\"last\">148.3<strong> cm<\/strong><\/span>\r\n<\/div>\r\n<div class=\"stat\">\r\n<h3>Mesto ro\u0111enja<\/h3>\r\n<span>Beograd<\/span>\r\n<span class=\"last\">Srbija<\/span>\r\n<\/div>\r\n<div class=\"stat\">\r\n<h3>Igra<\/h3>\r\n<h4>Right-Handed<br \/><br \/><br \/><\/h4>\r\n<\/div>\r\n<div class=\"stat\">\r\n<h3>Trener<\/h3>\r\n<span>Veljko<\/span>\r\n<span class=\"last\">Radoji\u0107i\u0107<\/span>\r\n<\/div>\r\n\r\n<div class=\"atp\">\r\n<h3>ITF Rank<\/h3>\r\n<span><\/span>\r\n<\/div>\r\n\r\n<div class=\"tournaments\">\r\n<h3>Turniri<\/h3>\r\n<ul>\r\n<li>ETA Bellevue Cup, U12 Ulcinj, Montenegro \u2013 won the tournament in single and final in\r\ndouble<\/li>\r\n<li>Dubrovnik Double Bowl, U13, won the tournament in single and double<\/li>\r\n<li>Christmas tournament &#8211; Tennis club Crvena Zvezda- quarterfinal<\/li>\r\n<\/ul>\r\n<\/div>\r\n\r\n\r\n<\/div>","protected":false},"excerpt":{"rendered":"<p>Godina 13 16.6.2009. Te\u017eina 89.9lbs 40.8 kg Visina 4&#8217;8&#8243; 148.3 cm Mesto ro\u0111enja Beograd Srbija Igra Right-Handed Trener Veljko Radoji\u0107i\u0107 ITF Rank Turniri ETA Bellevue Cup, U12 Ulcinj, Montenegro \u2013 won the tournament in single and final in double Dubrovnik Double Bowl, U13, won the tournament in single and double Christmas tournament &#8211; Tennis club [&hellip;]<\/p>\n","protected":false},"author":1,"featured_media":0,"parent":4142,"menu_order":0,"comment_status":"closed","ping_status":"closed","template":"template-singletrener.php","meta":[],"godina":[],"acf":[],"_links":{"self":[{"href":"https:\/\/ntc.server.develop.in.rs\/sr\/wp-json\/wp\/v2\/pages\/5332"}],"collection":[{"href":"https:\/\/ntc.server.develop.in.rs\/sr\/wp-json\/wp\/v2\/pages"}],"about":[{"href":"https:\/\/ntc.server.develop.in.rs\/sr\/wp-json\/wp\/v2\/types\/page"}],"author":[{"embeddable":true,"href":"https:\/\/ntc.server.develop.in.rs\/sr\/wp-json\/wp\/v2\/users\/1"}],"replies":[{"embeddable":true,"href":"https:\/\/ntc.server.develop.in.rs\/sr\/wp-json\/wp\/v2\/comments?post=5332"}],"version-history":[{"count":2,"href":"https:\/\/ntc.server.develop.in.rs\/sr\/wp-json\/wp\/v2\/pages\/5332\/revisions"}],"predecessor-version":[{"id":5336,"href":"https:\/\/ntc.server.develop.in.rs\/sr\/wp-json\/wp\/v2\/pages\/5332\/revisions\/5336"}],"up":[{"embeddable":true,"href":"https:\/\/ntc.server.develop.in.rs\/sr\/wp-json\/wp\/v2\/pages\/4142"}],"wp:attachment":[{"href":"https:\/\/ntc.server.develop.in.rs\/sr\/wp-json\/wp\/v2\/media?parent=5332"}],"wp:term":[{"taxonomy":"godina","embeddable":true,"href":"https:\/\/ntc.server.develop.in.rs\/sr\/wp-json\/wp\/v2\/godina?post=5332"}],"curies":[{"name":"wp","href":"https:\/\/api.w.org\/{rel}","templated":true}]}}