{"id":5327,"date":"2022-08-02T19:18:20","date_gmt":"2022-08-02T19:18:20","guid":{"rendered":"https:\/\/www.beta.novaktenniscenter.com\/ntc-pro-tim\/igraci\/nikola-dosic\/"},"modified":"2022-08-11T11:48:25","modified_gmt":"2022-08-11T11:48:25","slug":"nikola-dosic","status":"publish","type":"page","link":"https:\/\/ntc.server.develop.in.rs\/sr\/ntc-pro-tim\/igraci\/nikola-dosic\/","title":{"rendered":"Nikola \u0110o\u0161i\u0107"},"content":{"rendered":"<div class=\"player_img\">\r\n<img decoding=\"async\" loading=\"lazy\" src=\"\/wp-content\/uploads\/2022\/08\/Nikola_Dosic\u0301_IMG.png\" alt=\"\" width=\"825\" height=\"713\" class=\"alignnone size-full wp-image-5176\" srcset=\"https:\/\/ntc.server.develop.in.rs\/wp-content\/uploads\/2022\/08\/Nikola_Dosic\u0301_IMG.png 825w, https:\/\/ntc.server.develop.in.rs\/wp-content\/uploads\/2022\/08\/Nikola_Dosic\u0301_IMG-300x259.png 300w, https:\/\/ntc.server.develop.in.rs\/wp-content\/uploads\/2022\/08\/Nikola_Dosic\u0301_IMG-768x664.png 768w\" sizes=\"(max-width: 825px) 100vw, 825px\" \/>\r\n<\/div>\r\n\r\n<div class=\"player_stats\">\r\n<div class=\"stat\">\r\n<h3>Godina<\/h3>\r\n<span>14<\/span>\r\n<span class=\"last\">9.09.2007.<\/span>\r\n\r\n<\/div>\r\n<div class=\"stat\">\r\n<h3>Te\u017eina<\/h3>\r\n<span>174<strong class=\"bs\">lbs<\/strong><\/span>\r\n<span class=\"last\">79<strong> kg<\/strong><\/span>\r\n<\/div>\r\n<div class=\"stat\">\r\n<h3>Visina<\/h3>\r\n<span>5&#8217;9&#8243;<\/span>\r\n<span class=\"last\">180<strong> cm<\/strong><\/span>\r\n<\/div>\r\n<div class=\"stat\">\r\n<h3>Mesto ro\u0111enja<\/h3>\r\n<span><\/span>\r\n<span class=\"last\"><\/span>\r\n<\/div>\r\n<div class=\"stat\">\r\n<h3>Igra<\/h3>\r\n<h4>RIGHT-HANDED \/<br \/>\r\nTWO-HANDED<br \/>\r\nBACKHAND<\/h4>\r\n<\/div>\r\n<div class=\"stat\">\r\n<h3>Trener<\/h3>\r\n<span>Ivan<\/span>\r\n<span class=\"last\">Bjelica<\/span>\r\n<\/div>\r\n\r\n<div class=\"atp\">\r\n<h3>ITF Rank<\/h3>\r\n<span>433<\/span>\r\n<\/div>\r\n\r\n<div class=\"tournaments\">\r\n<h3>Turniri<\/h3>\r\n<ul>\r\n<li>ITF Kramfort &#8211; Singles Champion<\/li>\r\n<li>ITF Gent &#8211; Singles Champion<\/li>\r\n<li>European Championship U14 &#8211; Singles Champion<\/li>\r\n<li>Vinkovci U14 &#8211; Singles Champion<\/li>\r\n<li>Belgrade U14 &#8211; Singles Champion<\/li>\r\n<li>Novi Sad U14 &#8211; Singles Champion<\/li>\r\n<li>Swiss National Champion U12 and U14<\/li>\r\n<\/ul>\r\n<\/div>\r\n\r\n\r\n<\/div>","protected":false},"excerpt":{"rendered":"<p>Godina 14 9.09.2007. Te\u017eina 174lbs 79 kg Visina 5&#8217;9&#8243; 180 cm Mesto ro\u0111enja Igra RIGHT-HANDED \/ TWO-HANDED BACKHAND Trener Ivan Bjelica ITF Rank 433 Turniri ITF Kramfort &#8211; Singles Champion ITF Gent &#8211; Singles Champion European Championship U14 &#8211; Singles Champion Vinkovci U14 &#8211; Singles Champion Belgrade U14 &#8211; Singles Champion Novi Sad U14 &#8211; [&hellip;]<\/p>\n","protected":false},"author":1,"featured_media":0,"parent":4142,"menu_order":0,"comment_status":"closed","ping_status":"closed","template":"template-singletrener.php","meta":[],"godina":[],"acf":[],"_links":{"self":[{"href":"https:\/\/ntc.server.develop.in.rs\/sr\/wp-json\/wp\/v2\/pages\/5327"}],"collection":[{"href":"https:\/\/ntc.server.develop.in.rs\/sr\/wp-json\/wp\/v2\/pages"}],"about":[{"href":"https:\/\/ntc.server.develop.in.rs\/sr\/wp-json\/wp\/v2\/types\/page"}],"author":[{"embeddable":true,"href":"https:\/\/ntc.server.develop.in.rs\/sr\/wp-json\/wp\/v2\/users\/1"}],"replies":[{"embeddable":true,"href":"https:\/\/ntc.server.develop.in.rs\/sr\/wp-json\/wp\/v2\/comments?post=5327"}],"version-history":[{"count":1,"href":"https:\/\/ntc.server.develop.in.rs\/sr\/wp-json\/wp\/v2\/pages\/5327\/revisions"}],"predecessor-version":[{"id":5328,"href":"https:\/\/ntc.server.develop.in.rs\/sr\/wp-json\/wp\/v2\/pages\/5327\/revisions\/5328"}],"up":[{"embeddable":true,"href":"https:\/\/ntc.server.develop.in.rs\/sr\/wp-json\/wp\/v2\/pages\/4142"}],"wp:attachment":[{"href":"https:\/\/ntc.server.develop.in.rs\/sr\/wp-json\/wp\/v2\/media?parent=5327"}],"wp:term":[{"taxonomy":"godina","embeddable":true,"href":"https:\/\/ntc.server.develop.in.rs\/sr\/wp-json\/wp\/v2\/godina?post=5327"}],"curies":[{"name":"wp","href":"https:\/\/api.w.org\/{rel}","templated":true}]}}