{"id":5286,"date":"2022-07-12T17:36:22","date_gmt":"2022-07-12T17:36:22","guid":{"rendered":"https:\/\/www.beta.novaktenniscenter.com\/expertski-tim\/teniski-treneri\/viktor-troicki\/"},"modified":"2022-08-12T07:01:19","modified_gmt":"2022-08-12T07:01:19","slug":"viktor-troicki","status":"publish","type":"page","link":"https:\/\/ntc.server.develop.in.rs\/sr\/expertski-tim\/teniski-treneri\/viktor-troicki\/","title":{"rendered":"Viktor Troicki"},"content":{"rendered":"<h4>Glavni trener<\/h4>\r\n<span>Najbolji rang u karijeri: 12. mesto na ATP rang listi &#8211; singl kategorija (ostvario 2011. godine);\r\n49. mesto na ATP rang listi &#8211; dubl kategorija (ostvario 2010. godine);<\/span>\r\n\r\n<span>Troicki je sa reprezentacijom Srbije osvojio sve \u0161to se u tenisu mo\u017ee osvojiti:<\/span>\r\n<span>Dejvis kup je osvojio 2010. godine kada je upravo on doneo pobedni\u010dki poen na\u0161oj zemlji. Pod svodovima beogradske Arene, savladao je Francuza Lodru tre\u0107eg dana finalnog me\u010da. Bio je to poslednji,  peti susret koji je i odlu\u010divao \u0161ampiona. <\/span>\r\n<span>Svetski kup u Dizeldorfu osvojio je 2009. i 2012, dok je ATP kup osvojio 2020., na premijeri tog takmi\u010denja u Australiji. <\/span>\r\n<span>U decembru 2020 godine, Viktor je bio i selektor Dejvis kup reprezentacije. <\/span>\r\n<span>Osvojiv\u0161i ATP kup na njegovom sve\u010danom otvaranju, 2020. godine, Troicki je postao prvi igra\u010d u istoriji Open ere koji je osvojio sva tri najve\u0107a reprezentativna takmi\u010denja (pre toga &#8211; Dejvis kup 2010., kao i Svetski kup 2009. i 2012. godine).<\/span>\r\n<span>Troicki je na profesionalnoj teniskoj sceni proveo od 2003. do 2021. godine. Najbolji rang u singlu (12. mesto na svetu) zabele\u017eio je 06.06.2011. Najbolji plasman u dublu imao je u oktobru 2010. kada je bio rangiran kao 49. igra\u010d na ATP listi.<\/span>\r\n<span>Stil igre Viktora Troickog odlikovao je sna\u017ean servis, \u0161to je ujedno bio i najja\u010di element njegove igre.<\/span>","protected":false},"excerpt":{"rendered":"<p>Glavni trener Najbolji rang u karijeri: 12. mesto na ATP rang listi &#8211; singl kategorija (ostvario 2011. godine); 49. mesto na ATP rang listi &#8211; dubl kategorija (ostvario 2010. godine); Troicki je sa reprezentacijom Srbije osvojio sve \u0161to se u tenisu mo\u017ee osvojiti: Dejvis kup je osvojio 2010. godine kada je upravo on doneo pobedni\u010dki [&hellip;]<\/p>\n","protected":false},"author":1,"featured_media":4537,"parent":4125,"menu_order":0,"comment_status":"closed","ping_status":"closed","template":"template-single-coach.php","meta":[],"godina":[],"acf":[],"_links":{"self":[{"href":"https:\/\/ntc.server.develop.in.rs\/sr\/wp-json\/wp\/v2\/pages\/5286"}],"collection":[{"href":"https:\/\/ntc.server.develop.in.rs\/sr\/wp-json\/wp\/v2\/pages"}],"about":[{"href":"https:\/\/ntc.server.develop.in.rs\/sr\/wp-json\/wp\/v2\/types\/page"}],"author":[{"embeddable":true,"href":"https:\/\/ntc.server.develop.in.rs\/sr\/wp-json\/wp\/v2\/users\/1"}],"replies":[{"embeddable":true,"href":"https:\/\/ntc.server.develop.in.rs\/sr\/wp-json\/wp\/v2\/comments?post=5286"}],"version-history":[{"count":4,"href":"https:\/\/ntc.server.develop.in.rs\/sr\/wp-json\/wp\/v2\/pages\/5286\/revisions"}],"predecessor-version":[{"id":5497,"href":"https:\/\/ntc.server.develop.in.rs\/sr\/wp-json\/wp\/v2\/pages\/5286\/revisions\/5497"}],"up":[{"embeddable":true,"href":"https:\/\/ntc.server.develop.in.rs\/sr\/wp-json\/wp\/v2\/pages\/4125"}],"wp:featuredmedia":[{"embeddable":true,"href":"https:\/\/ntc.server.develop.in.rs\/sr\/wp-json\/wp\/v2\/media\/4537"}],"wp:attachment":[{"href":"https:\/\/ntc.server.develop.in.rs\/sr\/wp-json\/wp\/v2\/media?parent=5286"}],"wp:term":[{"taxonomy":"godina","embeddable":true,"href":"https:\/\/ntc.server.develop.in.rs\/sr\/wp-json\/wp\/v2\/godina?post=5286"}],"curies":[{"name":"wp","href":"https:\/\/api.w.org\/{rel}","templated":true}]}}