{"id":5046,"date":"2022-07-04T19:34:56","date_gmt":"2022-07-04T19:34:56","guid":{"rendered":"https:\/\/www.beta.novaktenniscenter.com\/coach-policy\/"},"modified":"2022-08-11T12:44:33","modified_gmt":"2022-08-11T12:44:33","slug":"politika-trenera","status":"publish","type":"page","link":"https:\/\/ntc.server.develop.in.rs\/sr\/politika-trenera\/","title":{"rendered":"Politika trenera"},"content":{"rendered":"<div class=\"coach_policy\">\r\n<h2 class=\"center\">\u201cTeniski Centar Novak\u201d promovi\u0161e visoke standarde moralnog i eti\u010dkog pona\u0161anja i\r\nprakse.Svi treneri moraju se pridr\u017eavati principa navedenih u nastavku:<\/h2>\r\n<div class=\"ul_wrapper\">\r\n<ul>\r\n \t<li><strong>1.<\/strong>Li\u010dno pona\u0161anje trenera mora biti na visokom nivou odr\u017eavaju\u0107i pozitivno ime i kodeks\r\nkluba. Svaki trener mora biti pozitivan uzor deci i skup dobrih primera u praksi.<\/li>\r\n \t<li><\/li>\r\n \t<li><strong>2.<\/strong>.Po\u0161tuj sebe i kolege, po\u0161tuj decu sa kojom radi\u0161, poptuj zajedni\u010dku imovinu.<\/li>\r\n \t<li><\/li>\r\n \t<li><strong>3.<\/strong>Po\u010dinjati i zavr\u0161avati treninge u predvi\u0111enom vremenskom roku (dolazak na trening 10\r\nmin ranije).<\/li>\r\n<\/ul>\r\n<ul>\r\n \t<li><strong>4.<\/strong>Biti svestan velikog uticaja na vaspitanje mladih sportista i zato nikada vrednosti pobede ne stavljati iznad vrednosti visokih ideala karaktera.<\/li>\r\n \t<li><strong>5.<\/strong> Treneri moraju po\u0161tovati kodeks pona\u0161anja, opho\u0111enja i odevanja u skladu sa pravilima i vrednostima centra. Treninge moraju obavljati u sportskoj opremi sa obele\u017ejem kluba, koju je klub du\u017ean da im obezbedi.<\/li>\r\n<\/ul>\r\n<ul>\r\n \t<li><strong>6.<\/strong>Treneri su obavezni da jednom nedeljno prisustvuju sastancima, kao i svim edukativnim\r\ni drugim sadr\u017eajima centra, o kojima \u0107e biti obave\u0161teni putem emaila ili poruke<\/li>\r\n \t<li><strong>7.<\/strong>Blagovremeno obave\u0161tavati roditelje o napredovanju i rezultatima njihove dece.<\/li>\r\n<\/ul>\r\n<ul>\r\n \t<li><strong>8.<\/strong>Treneri su du\u017eni da blagovremeno i verodostojno obaveste upravu centra o eventualnim\r\nproblemima sa igra\u010dima, roditeljima ili kolegama, a njihovo re\u0161avanje prepuste upravi\r\ncentra. <\/li>\r\n \t<li><strong>9.<\/strong>.Mole se treneri da redovno prate sajt, kao i svoje mail-ove preko kojih \u0107e dobijati\r\nobave\u0161tenja o svim de\u0161avanjima u centru.<\/li>\r\n<li><strong>10.<\/strong>Treneri su obavezni da vode racuna o zajednickoj prostoriji za ostavljanje loptica,\r\nnjenom odrzavanju i odlaganju loptica u istu nakon svakog treninga, kao i o inventaru\r\nkluba.<\/li>\r\n \t<li>Napomena: Bilo koje kr\u0161enje protokola, pravilnika i kodeksa pona\u0161anja bi\u0107e sankcionisano merama\r\nkoje odredi uprava kluba.<\/li>\r\n<\/ul>\r\n<\/div>\r\n<\/div>","protected":false},"excerpt":{"rendered":"<p>\u201cTeniski Centar Novak\u201d promovi\u0161e visoke standarde moralnog i eti\u010dkog pona\u0161anja i prakse.Svi treneri moraju se pridr\u017eavati principa navedenih u nastavku: 1.Li\u010dno pona\u0161anje trenera mora biti na visokom nivou odr\u017eavaju\u0107i pozitivno ime i kodeks kluba. Svaki trener mora biti pozitivan uzor deci i skup dobrih primera u praksi. 2..Po\u0161tuj sebe i kolege, po\u0161tuj decu sa kojom [&hellip;]<\/p>\n","protected":false},"author":1,"featured_media":0,"parent":0,"menu_order":0,"comment_status":"closed","ping_status":"closed","template":"template-nobreadcrumbs.php","meta":[],"godina":[],"acf":[],"_links":{"self":[{"href":"https:\/\/ntc.server.develop.in.rs\/sr\/wp-json\/wp\/v2\/pages\/5046"}],"collection":[{"href":"https:\/\/ntc.server.develop.in.rs\/sr\/wp-json\/wp\/v2\/pages"}],"about":[{"href":"https:\/\/ntc.server.develop.in.rs\/sr\/wp-json\/wp\/v2\/types\/page"}],"author":[{"embeddable":true,"href":"https:\/\/ntc.server.develop.in.rs\/sr\/wp-json\/wp\/v2\/users\/1"}],"replies":[{"embeddable":true,"href":"https:\/\/ntc.server.develop.in.rs\/sr\/wp-json\/wp\/v2\/comments?post=5046"}],"version-history":[{"count":4,"href":"https:\/\/ntc.server.develop.in.rs\/sr\/wp-json\/wp\/v2\/pages\/5046\/revisions"}],"predecessor-version":[{"id":5388,"href":"https:\/\/ntc.server.develop.in.rs\/sr\/wp-json\/wp\/v2\/pages\/5046\/revisions\/5388"}],"wp:attachment":[{"href":"https:\/\/ntc.server.develop.in.rs\/sr\/wp-json\/wp\/v2\/media?parent=5046"}],"wp:term":[{"taxonomy":"godina","embeddable":true,"href":"https:\/\/ntc.server.develop.in.rs\/sr\/wp-json\/wp\/v2\/godina?post=5046"}],"curies":[{"name":"wp","href":"https:\/\/api.w.org\/{rel}","templated":true}]}}