{"id":4146,"date":"2022-06-22T19:18:12","date_gmt":"2022-06-22T19:18:12","guid":{"rendered":"https:\/\/www.beta.novaktenniscenter.com\/?page_id=4146"},"modified":"2022-08-11T11:32:31","modified_gmt":"2022-08-11T11:32:31","slug":"faq","status":"publish","type":"page","link":"https:\/\/ntc.server.develop.in.rs\/sr\/faq\/","title":{"rendered":"FAQ"},"content":{"rendered":" <div class=\"accordion-body\">\r\n  <div class=\"accordion\">\r\n    <div class=\"container\">\r\n      <div class=\"label\">1. \u0160ta sadr\u017ei jednonedeljni program?<\/div>\r\n      <div class=\"content\">Standardni jednonedeljni program sadr\u017ei 14 sati tenisa i 6 sati fitnes treninga.\r\nOsim toga, program omogu\u0107ava pristup najmodernijim spravama za oporavak, kao i testiranja koja pru\u017eaju kompletan uvid u bio-fizi\u010dko stanje igra\u010da.\r\nProgram treninga mo\u017ee biti dodatno prilago\u0111en igra\u010du u slu\u010daju povrede ili posebnih potreba.\r\nTako\u0111e, programi su kreirani u skladu sa uzrastom, takmi\u010darskim rangom, nivoom fizi\u010dke spreme i drugih parametara koji se odre\u0111uju nakon testiranja od strane na\u0161eg tima stru\u010dnjaka.\r\n\r\n<\/div>\r\n    <\/div>\r\n    <hr \/>\r\n    <div class=\"container\">\r\n      <div class=\"label\"> 2. Da li postoji sme\u0161taj u centru?<\/div>\r\n      <div class=\"content\">Sme\u0161taj u okviru centra je u planu izgradnje. \r\nDo tada, na\u0161i partneri su hoteli koji su na 15 do 20 minuta pe\u0161acke distance od centra. U ovim hotelima, mo\u017eemo obezbediti boravak za svakog igraca, po posebnim cenama.\r\n\r\n<\/div>\r\n    <\/div>\r\n    <hr \/>\r\n    <div class=\"container\">\r\n      <div class=\"label\">3. Da li standardni program obuhvata I obroke u centru?<\/div>\r\n      <div class=\"content\"> Standard jednonedeljnog programa podrazumeva i dva obroka dnevno &#8211; doru\u010dak i ru\u010dak.<\/div>\r\n    <\/div>\r\n    <hr \/>\r\n    <div class=\"container\">\r\n      <div class=\"label\">4. Da li je centar Pet Friendly?<\/div>\r\n      <div class=\"content\">U na\u0161em teniskom centru, va\u0161i ljubimci su dobrodosli, ali im nije dozvoljen ulazak na teniske terene i u gym.<\/div>\r\n    <\/div>\r\n    <hr \/>\r\n    <div class=\"container\">\r\n      <div class=\"label\">5. Da li je pu\u0161enje zabranjeno?<\/div>\r\n      <div class=\"content\">Da, u na\u0161em teniskom centru je strogo zabranjeno pu\u0161enje, zbog na\u0161eg holisti\u010dkog pristupa zdravom \u017eivotu i balansu duha i tela.\r\nNa\u0161 kompletan program posve\u0107en je unapre\u0111enju zdravlja, a na\u0161a misija je promocija zdravog \u017eivota.\r\nKroz obroke u na\u0161em plant based restoranu, yogu, kao i same treninge, trudimo se da na\u0161 pristup bude u skladu sa vrednostima i na\u010dinom \u017eivota vrhunskih sportista. \r\nNa taj na\u010din, svaki pojedinac u na\u0161em centru ostvari\u0107e svoj puni potencijal.\r\n<\/div>\r\n    <\/div>\r\n    <hr \/>\r\n  <\/div><\/div>","protected":false},"excerpt":{"rendered":"<p>1. \u0160ta sadr\u017ei jednonedeljni program? Standardni jednonedeljni program sadr\u017ei 14 sati tenisa i 6 sati fitnes treninga. Osim toga, program omogu\u0107ava pristup najmodernijim spravama za oporavak, kao i testiranja koja pru\u017eaju kompletan uvid u bio-fizi\u010dko stanje igra\u010da. Program treninga mo\u017ee biti dodatno prilago\u0111en igra\u010du u slu\u010daju povrede ili posebnih potreba. Tako\u0111e, programi su kreirani u [&hellip;]<\/p>\n","protected":false},"author":1,"featured_media":0,"parent":0,"menu_order":0,"comment_status":"closed","ping_status":"closed","template":"","meta":[],"godina":[],"acf":[],"_links":{"self":[{"href":"https:\/\/ntc.server.develop.in.rs\/sr\/wp-json\/wp\/v2\/pages\/4146"}],"collection":[{"href":"https:\/\/ntc.server.develop.in.rs\/sr\/wp-json\/wp\/v2\/pages"}],"about":[{"href":"https:\/\/ntc.server.develop.in.rs\/sr\/wp-json\/wp\/v2\/types\/page"}],"author":[{"embeddable":true,"href":"https:\/\/ntc.server.develop.in.rs\/sr\/wp-json\/wp\/v2\/users\/1"}],"replies":[{"embeddable":true,"href":"https:\/\/ntc.server.develop.in.rs\/sr\/wp-json\/wp\/v2\/comments?post=4146"}],"version-history":[{"count":3,"href":"https:\/\/ntc.server.develop.in.rs\/sr\/wp-json\/wp\/v2\/pages\/4146\/revisions"}],"predecessor-version":[{"id":5314,"href":"https:\/\/ntc.server.develop.in.rs\/sr\/wp-json\/wp\/v2\/pages\/4146\/revisions\/5314"}],"wp:attachment":[{"href":"https:\/\/ntc.server.develop.in.rs\/sr\/wp-json\/wp\/v2\/media?parent=4146"}],"wp:term":[{"taxonomy":"godina","embeddable":true,"href":"https:\/\/ntc.server.develop.in.rs\/sr\/wp-json\/wp\/v2\/godina?post=4146"}],"curies":[{"name":"wp","href":"https:\/\/api.w.org\/{rel}","templated":true}]}}