{"id":4144,"date":"2022-06-22T19:17:42","date_gmt":"2022-06-22T19:17:42","guid":{"rendered":"https:\/\/www.beta.novaktenniscenter.com\/?page_id=4144"},"modified":"2022-09-16T19:47:24","modified_gmt":"2022-09-16T19:47:24","slug":"serbia-open","status":"publish","type":"page","link":"https:\/\/ntc.server.develop.in.rs\/sr\/ntc-pro-tim\/serbia-open\/","title":{"rendered":"Serbia open"},"content":{"rendered":"<div class=\"serbia_text\">\r\n<h2>\u0160ampion \u201cSerbia Open\u201d turnira\u00a022\u2019<br \/> je Andrej\r\nRubljov!\u00a0<\/h2>\r\n<p>Turnir\u00a0\u201cSerbia Open\u201d 2022\u2019, koji predstavlja\u00a0ATP 250. Seriju, je\u00a0ove\u00a0godine\u00a0odr\u017ean\u00a0u Teniskom\u00a0centru\u00a0\u201eNovak\u201c u\u00a0Beogradu, od 17. do 24.aprila.\u00a0<\/p>\r\n<p>U singlu je u\u010destvovalo 28 igra\u010da u glavnom \u017erebu, od kojih je trojica dobilo \u201evajldkard\u201c, a \u010detvorica tenisera obezdilo u\u010de\u0161\u0107e kroz kvalifikacioni deo turnira, koji se odr\u017eao 17. i 18. Aprila. U glavni \u017ereb singla ulazi i 19 igra\u010da na osnovu njihove pozicije na ATP listi, dok se u dubl konkurenciji takmi\u010di 16 parova igra\u010da.<\/p>\r\n\r\n<p>Sve me\u010deve ove godine publika \u0107e mo\u0107i da prati sa tribina od po\u010detka turnira, a prvi dan kvalifikacija, 17. april je bio besplatan za sve posetioce. Ove godine, turnir je imao i va\u017ean ekolo\u0161ki doprinos jer je od svake prodate karte  posa\u0111eno drvo, i to ne samo u Beogradu ve\u0107 i \u0161irom Srbije.  <\/p>\r\n<\/div>","protected":false},"excerpt":{"rendered":"<p>\u0160ampion \u201cSerbia Open\u201d turnira\u00a022\u2019 je Andrej Rubljov!\u00a0 Turnir\u00a0\u201cSerbia Open\u201d 2022\u2019, koji predstavlja\u00a0ATP 250. Seriju, je\u00a0ove\u00a0godine\u00a0odr\u017ean\u00a0u Teniskom\u00a0centru\u00a0\u201eNovak\u201c u\u00a0Beogradu, od 17. do 24.aprila.\u00a0 U singlu je u\u010destvovalo 28 igra\u010da u glavnom \u017erebu, od kojih je trojica dobilo \u201evajldkard\u201c, a \u010detvorica tenisera obezdilo u\u010de\u0161\u0107e kroz kvalifikacioni deo turnira, koji se odr\u017eao 17. i 18. Aprila. U glavni \u017ereb [&hellip;]<\/p>\n","protected":false},"author":1,"featured_media":0,"parent":4136,"menu_order":0,"comment_status":"closed","ping_status":"closed","template":"template-serbiaopen.php","meta":[],"godina":[],"acf":[],"_links":{"self":[{"href":"https:\/\/ntc.server.develop.in.rs\/sr\/wp-json\/wp\/v2\/pages\/4144"}],"collection":[{"href":"https:\/\/ntc.server.develop.in.rs\/sr\/wp-json\/wp\/v2\/pages"}],"about":[{"href":"https:\/\/ntc.server.develop.in.rs\/sr\/wp-json\/wp\/v2\/types\/page"}],"author":[{"embeddable":true,"href":"https:\/\/ntc.server.develop.in.rs\/sr\/wp-json\/wp\/v2\/users\/1"}],"replies":[{"embeddable":true,"href":"https:\/\/ntc.server.develop.in.rs\/sr\/wp-json\/wp\/v2\/comments?post=4144"}],"version-history":[{"count":10,"href":"https:\/\/ntc.server.develop.in.rs\/sr\/wp-json\/wp\/v2\/pages\/4144\/revisions"}],"predecessor-version":[{"id":5536,"href":"https:\/\/ntc.server.develop.in.rs\/sr\/wp-json\/wp\/v2\/pages\/4144\/revisions\/5536"}],"up":[{"embeddable":true,"href":"https:\/\/ntc.server.develop.in.rs\/sr\/wp-json\/wp\/v2\/pages\/4136"}],"wp:attachment":[{"href":"https:\/\/ntc.server.develop.in.rs\/sr\/wp-json\/wp\/v2\/media?parent=4144"}],"wp:term":[{"taxonomy":"godina","embeddable":true,"href":"https:\/\/ntc.server.develop.in.rs\/sr\/wp-json\/wp\/v2\/godina?post=4144"}],"curies":[{"name":"wp","href":"https:\/\/api.w.org\/{rel}","templated":true}]}}