{"id":4142,"date":"2022-06-22T19:17:26","date_gmt":"2022-06-22T19:17:26","guid":{"rendered":"https:\/\/www.beta.novaktenniscenter.com\/?page_id=4142"},"modified":"2022-08-11T11:44:18","modified_gmt":"2022-08-11T11:44:18","slug":"igraci","status":"publish","type":"page","link":"https:\/\/ntc.server.develop.in.rs\/sr\/ntc-pro-tim\/igraci\/","title":{"rendered":"Igra\u010di"},"content":{"rendered":"<div class=\"players\">\r\n<h1>Igra\u010di<\/h1>\r\n\r\n<div class=\"players_profiles\">\r\n<a href=\"\/sr\/ntc-pro-tim\/igraci\/hamad-mededovic\/\"><img decoding=\"async\" src=\"\/wp-content\/uploads\/2022\/08\/Hamad-Mededovic\u0301_ICON.png\"\/><\/a>\r\n<h3><a href=\"\/sr\/ntc-pro-tim\/igraci\/hamad-mededovic\/\">Hamad Me\u0111edovi\u0107<\/a><\/h3>\r\n<\/div>\r\n\r\n<div class=\"players_profiles\">\r\n<a href=\"\/sr\/ntc-pro-tim\/igraci\/marko-maksimovic\"><img decoding=\"async\" src=\"\/wp-content\/uploads\/2022\/08\/Marko_Maksimovic\u0301_ICON.png\"\/><\/a>\r\n<h3><a href=\"\/sr\/ntc-pro-tim\/igraci\/marko-maksimovic\">Marko Maksimovi\u0107<\/a><\/h3>\r\n<\/div>\r\n\r\n<div class=\"players_profiles\">\r\n<a href=\"\/sr\/ntc-pro-tim\/igraci\/nikola-dosic\/\"><img decoding=\"async\" src=\"\/wp-content\/uploads\/2022\/08\/Nikola_Dosic\u0301_ICON.png\"\/><\/a>\r\n<h3><a href=\"\/sr\/ntc-pro-tim\/igraci\/nikola-dosic\/\">Nikola \u0110o\u0161i\u0107<\/a><\/h3>\r\n<\/div>\r\n\r\n<div class=\"players_profiles\">\r\n<a href=\"\/sr\/ntc-pro-tim\/igraci\/lola-radivojevic\"><img decoding=\"async\" src=\"\/wp-content\/uploads\/2022\/08\/Lola_Radivojevic\u0301_ICON.png\"\/><\/a>\r\n<h3><a href=\"\/sr\/ntc-pro-tim\/igraci\/lola-radivojevic\">Lola Radivojevi\u0107<\/a><\/h3>\r\n<\/div>\r\n\r\n<div class=\"players_profiles\">\r\n<a href=\"\/sr\/ntc-pro-tim\/igraci\/mihailo-topic\"><img decoding=\"async\" src=\"\/wp-content\/uploads\/2022\/08\/Mihajlo_Topic\u0301_ICON.png\"\/><\/a>\r\n<h3><a href=\"\/sr\/ntc-pro-tim\/igraci\/mihailo-topic\">Mihailo Topi\u0107<\/a><\/h3>\r\n<\/div>\r\n\r\n<\/div>","protected":false},"excerpt":{"rendered":"<p>Igra\u010di Hamad Me\u0111edovi\u0107 Marko Maksimovi\u0107 Nikola \u0110o\u0161i\u0107 Lola Radivojevi\u0107 Mihailo Topi\u0107<\/p>\n","protected":false},"author":1,"featured_media":0,"parent":4136,"menu_order":0,"comment_status":"closed","ping_status":"closed","template":"template-players.php","meta":[],"godina":[],"acf":[],"_links":{"self":[{"href":"https:\/\/ntc.server.develop.in.rs\/sr\/wp-json\/wp\/v2\/pages\/4142"}],"collection":[{"href":"https:\/\/ntc.server.develop.in.rs\/sr\/wp-json\/wp\/v2\/pages"}],"about":[{"href":"https:\/\/ntc.server.develop.in.rs\/sr\/wp-json\/wp\/v2\/types\/page"}],"author":[{"embeddable":true,"href":"https:\/\/ntc.server.develop.in.rs\/sr\/wp-json\/wp\/v2\/users\/1"}],"replies":[{"embeddable":true,"href":"https:\/\/ntc.server.develop.in.rs\/sr\/wp-json\/wp\/v2\/comments?post=4142"}],"version-history":[{"count":4,"href":"https:\/\/ntc.server.develop.in.rs\/sr\/wp-json\/wp\/v2\/pages\/4142\/revisions"}],"predecessor-version":[{"id":5322,"href":"https:\/\/ntc.server.develop.in.rs\/sr\/wp-json\/wp\/v2\/pages\/4142\/revisions\/5322"}],"up":[{"embeddable":true,"href":"https:\/\/ntc.server.develop.in.rs\/sr\/wp-json\/wp\/v2\/pages\/4136"}],"wp:attachment":[{"href":"https:\/\/ntc.server.develop.in.rs\/sr\/wp-json\/wp\/v2\/media?parent=4142"}],"wp:term":[{"taxonomy":"godina","embeddable":true,"href":"https:\/\/ntc.server.develop.in.rs\/sr\/wp-json\/wp\/v2\/godina?post=4142"}],"curies":[{"name":"wp","href":"https:\/\/api.w.org\/{rel}","templated":true}]}}