{"id":4139,"date":"2022-06-22T19:16:48","date_gmt":"2022-06-22T19:16:48","guid":{"rendered":"https:\/\/www.beta.novaktenniscenter.com\/?page_id=4139"},"modified":"2022-11-29T18:45:05","modified_gmt":"2022-11-29T18:45:05","slug":"super-team-agency","status":"publish","type":"page","link":"https:\/\/ntc.server.develop.in.rs\/sr\/ntc-pro-tim\/super-team-agency\/","title":{"rendered":"Super team agency"},"content":{"rendered":"<div class=\"agency_left\">\r\n<h2>Kovanje novih<br \/> teniskih sampiona! <\/h2>\r\n<\/div>\r\n<div class=\"agency_right\">\r\n<img decoding=\"async\" loading=\"lazy\" src=\"\/wp-content\/uploads\/2022\/08\/Super-Team-logo.png\" alt=\"\" width=\"530\" height=\"180\" class=\"alignnone size-full wp-image-5136\" srcset=\"https:\/\/ntc.server.develop.in.rs\/wp-content\/uploads\/2022\/08\/Super-Team-logo.png 530w, https:\/\/ntc.server.develop.in.rs\/wp-content\/uploads\/2022\/08\/Super-Team-logo-300x102.png 300w\" sizes=\"(max-width: 530px) 100vw, 530px\" \/>\r\n<\/div>\r\n\r\n<p>Dok na terenu i u teretani igra\u010di postaju \u0161ampioni, sa NTC Super team agencijom, oni postaju prepoznatljiv brend. Na\u0161a misija je da igra\u010de transformi\u0161emo u medijski formirane figure, i \u201cpozicioniramo\u201d ih na tr\u017ei\u0161tu, kako bi veliki brendovi prepoznali njihovu vrednost.<\/p>\r\n\r\n<p>Zajedno sa teniserima i njihovim porodicama, kreira\u0107emo strategiju kreiranja brenda, ista\u0107i vrline koje tenisere \u010dine prepoznatljivim i iskoristiti njihove pozitivne osobine da stvorimo jak brend sa kojim \u0107e mnogi iz javnog \u017eivota \u017eeleti da budu povezani.<\/p>","protected":false},"excerpt":{"rendered":"<p>Kovanje novih teniskih sampiona! Dok na terenu i u teretani igra\u010di postaju \u0161ampioni, sa NTC Super team agencijom, oni postaju prepoznatljiv brend. Na\u0161a misija je da igra\u010de transformi\u0161emo u medijski formirane figure, i \u201cpozicioniramo\u201d ih na tr\u017ei\u0161tu, kako bi veliki brendovi prepoznali njihovu vrednost. Zajedno sa teniserima i njihovim porodicama, kreira\u0107emo strategiju kreiranja brenda, ista\u0107i [&hellip;]<\/p>\n","protected":false},"author":1,"featured_media":0,"parent":4136,"menu_order":0,"comment_status":"closed","ping_status":"closed","template":"template-notitle.php","meta":[],"godina":[],"acf":[],"_links":{"self":[{"href":"https:\/\/ntc.server.develop.in.rs\/sr\/wp-json\/wp\/v2\/pages\/4139"}],"collection":[{"href":"https:\/\/ntc.server.develop.in.rs\/sr\/wp-json\/wp\/v2\/pages"}],"about":[{"href":"https:\/\/ntc.server.develop.in.rs\/sr\/wp-json\/wp\/v2\/types\/page"}],"author":[{"embeddable":true,"href":"https:\/\/ntc.server.develop.in.rs\/sr\/wp-json\/wp\/v2\/users\/1"}],"replies":[{"embeddable":true,"href":"https:\/\/ntc.server.develop.in.rs\/sr\/wp-json\/wp\/v2\/comments?post=4139"}],"version-history":[{"count":7,"href":"https:\/\/ntc.server.develop.in.rs\/sr\/wp-json\/wp\/v2\/pages\/4139\/revisions"}],"predecessor-version":[{"id":6085,"href":"https:\/\/ntc.server.develop.in.rs\/sr\/wp-json\/wp\/v2\/pages\/4139\/revisions\/6085"}],"up":[{"embeddable":true,"href":"https:\/\/ntc.server.develop.in.rs\/sr\/wp-json\/wp\/v2\/pages\/4136"}],"wp:attachment":[{"href":"https:\/\/ntc.server.develop.in.rs\/sr\/wp-json\/wp\/v2\/media?parent=4139"}],"wp:term":[{"taxonomy":"godina","embeddable":true,"href":"https:\/\/ntc.server.develop.in.rs\/sr\/wp-json\/wp\/v2\/godina?post=4139"}],"curies":[{"name":"wp","href":"https:\/\/api.w.org\/{rel}","templated":true}]}}