{"id":4134,"date":"2022-06-22T19:16:01","date_gmt":"2022-06-22T19:16:01","guid":{"rendered":"https:\/\/www.beta.novaktenniscenter.com\/?page_id=4134"},"modified":"2022-12-06T14:53:25","modified_gmt":"2022-12-06T14:53:25","slug":"menadzment","status":"publish","type":"page","link":"https:\/\/ntc.server.develop.in.rs\/sr\/expertski-tim\/menadzment\/","title":{"rendered":"Menad\u017ement"},"content":{"rendered":"<div class=\"coaches\">\r\n\r\n\r\n<div class=\"coach\">\r\n\t<h3>Ana Jovanovi\u0107<\/h3>\r\n<img decoding=\"async\" loading=\"lazy\" src=\"\/wp-content\/uploads\/2022\/11\/Ana-Jovanovic.png\" width=\"243px\" height=\"243px\"\/>\r\n<h4>Sportski direktor<\/h4>\r\n<span>\r\n\t<img decoding=\"async\" loading=\"lazy\" src=\"\/wp-content\/themes\/novaktereni\/img\/b.png\" width=\"30px\" height=\"31px\"\/>\r\n\t<img decoding=\"async\" loading=\"lazy\" src=\"\/wp-content\/themes\/novaktereni\/img\/c.png\" width=\"30px\" height=\"31px\"\/>\r\n<\/span>\r\n<\/div>\r\n\r\n<div class=\"coach\">\r\n\t<h3>Zorica Jefti\u0107<\/h3>\r\n<img decoding=\"async\" loading=\"lazy\" src=\"\/wp-content\/uploads\/2022\/11\/Zorica-Jevtic.png\" width=\"243px\" height=\"243px\"\/>\r\n<h4>Operativni direktor<\/h4>\r\n<span>\r\n\t<img decoding=\"async\" loading=\"lazy\" src=\"\/wp-content\/themes\/novaktereni\/img\/b.png\" width=\"30px\" height=\"31px\"\/>\r\n\t<img decoding=\"async\" loading=\"lazy\" src=\"\/wp-content\/themes\/novaktereni\/img\/c.png\" width=\"30px\" height=\"31px\"\/>\r\n<\/span>\r\n<\/div>\r\n\r\n<div class=\"coach\">\r\n\t<h3>Milica \u0110oki\u0107<\/h3>\r\n<img decoding=\"async\" loading=\"lazy\" src=\"\/wp-content\/uploads\/2022\/11\/Milica-Djokic.png\" width=\"243px\" height=\"243px\"\/>\r\n<h4>Fizio kordinator<\/h4>\r\n<span>\r\n\t<img decoding=\"async\" loading=\"lazy\" src=\"\/wp-content\/themes\/novaktereni\/img\/b.png\" width=\"30px\" height=\"31px\"\/>\r\n\t<img decoding=\"async\" loading=\"lazy\" src=\"\/wp-content\/themes\/novaktereni\/img\/c.png\" width=\"30px\" height=\"31px\"\/>\r\n<\/span>\r\n<\/div>\r\n\r\n<div class=\"coach\">\r\n\t<h3>Branka Lukovi\u0107<\/h3>\r\n<img decoding=\"async\" loading=\"lazy\" src=\"\/wp-content\/uploads\/2022\/11\/Branka-Lukovic-1.png\" width=\"243px\" height=\"243px\"\/>\r\n<h4>Teniski kordinator<\/h4>\r\n<span>\r\n\t<img decoding=\"async\" loading=\"lazy\" src=\"\/wp-content\/themes\/novaktereni\/img\/b.png\" width=\"30px\" height=\"31px\"\/>\r\n\t<img decoding=\"async\" loading=\"lazy\" src=\"\/wp-content\/themes\/novaktereni\/img\/c.png\" width=\"30px\" height=\"31px\"\/>\r\n<\/span>\r\n<\/div>\r\n\r\n\r\n<\/div>\r\n\r\n\r\n","protected":false},"excerpt":{"rendered":"<p>Ana Jovanovi\u0107 Sportski direktor Zorica Jefti\u0107 Operativni direktor Milica \u0110oki\u0107 Fizio kordinator Branka Lukovi\u0107 Teniski kordinator<\/p>\n","protected":false},"author":1,"featured_media":0,"parent":4123,"menu_order":0,"comment_status":"closed","ping_status":"closed","template":"","meta":[],"godina":[],"acf":[],"_links":{"self":[{"href":"https:\/\/ntc.server.develop.in.rs\/sr\/wp-json\/wp\/v2\/pages\/4134"}],"collection":[{"href":"https:\/\/ntc.server.develop.in.rs\/sr\/wp-json\/wp\/v2\/pages"}],"about":[{"href":"https:\/\/ntc.server.develop.in.rs\/sr\/wp-json\/wp\/v2\/types\/page"}],"author":[{"embeddable":true,"href":"https:\/\/ntc.server.develop.in.rs\/sr\/wp-json\/wp\/v2\/users\/1"}],"replies":[{"embeddable":true,"href":"https:\/\/ntc.server.develop.in.rs\/sr\/wp-json\/wp\/v2\/comments?post=4134"}],"version-history":[{"count":7,"href":"https:\/\/ntc.server.develop.in.rs\/sr\/wp-json\/wp\/v2\/pages\/4134\/revisions"}],"predecessor-version":[{"id":6164,"href":"https:\/\/ntc.server.develop.in.rs\/sr\/wp-json\/wp\/v2\/pages\/4134\/revisions\/6164"}],"up":[{"embeddable":true,"href":"https:\/\/ntc.server.develop.in.rs\/sr\/wp-json\/wp\/v2\/pages\/4123"}],"wp:attachment":[{"href":"https:\/\/ntc.server.develop.in.rs\/sr\/wp-json\/wp\/v2\/media?parent=4134"}],"wp:term":[{"taxonomy":"godina","embeddable":true,"href":"https:\/\/ntc.server.develop.in.rs\/sr\/wp-json\/wp\/v2\/godina?post=4134"}],"curies":[{"name":"wp","href":"https:\/\/api.w.org\/{rel}","templated":true}]}}