{"id":4129,"date":"2022-06-22T19:15:26","date_gmt":"2022-06-22T19:15:26","guid":{"rendered":"https:\/\/www.beta.novaktenniscenter.com\/?page_id=4129"},"modified":"2022-11-20T16:44:29","modified_gmt":"2022-11-20T16:44:29","slug":"fitnes-tim","status":"publish","type":"page","link":"https:\/\/ntc.server.develop.in.rs\/sr\/expertski-tim\/fitnes-tim\/","title":{"rendered":"Fitnes tim"},"content":{"rendered":"<div class=\"coaches\">\r\n<p>Od trnja do zvezda \u2013 sa zvezdama!<\/p>\r\n\r\n<p>Da ne bismo tro\u0161ili previ\u0161e re\u010di na imena koja su svoj kredibilet dokazala na borili\u0161tima svih meridijana, iz Novak Tennis Centar fitness tima izdvajamo samo neke od legendi ko\u0161arka\u0161kih, teniskih i drugih terena:  Vasek Pospi\u0161il, Du\u0161an Lajovi\u0107, Milo\u0161 Raoni\u0107, Vladimir Radmanovi\u0107&#8230;i drugi stara\u0107e \u0107e o tome da fizi\u010dka sprema na\u0161eg polaznika bude pod budnim okom i na nivou koji se o\u010dekuje. <\/p>\r\n\r\n<div class=\"coach\">\r\n\t<h3><a href=\"\/sr\/expertski-tim\/fitnes-tim\/miljan-grbovic\/\">Miljan Grbovic\u0301<\/a><\/h3>\r\n<a href=\"\/sr\/expertski-tim\/fitnes-tim\/miljan-grbovic\/\"><img decoding=\"async\" loading=\"lazy\" src=\"\/wp-content\/uploads\/2022\/08\/Miljana-Grbovica-Head-of-gym.png\" width=\"243px\" height=\"243px\"\/><\/a>\r\n<h4>Glavni fitnes trener<\/h4>\r\n<span>\r\n\t<img decoding=\"async\" loading=\"lazy\" src=\"\/wp-content\/themes\/novaktereni\/img\/b.png\" width=\"30px\" height=\"31px\"\/>\r\n\t<img decoding=\"async\" loading=\"lazy\" src=\"\/wp-content\/themes\/novaktereni\/img\/c.png\" width=\"30px\" height=\"31px\"\/>\r\n<\/span>\r\n<\/div>\r\n\r\n<div class=\"coach\">\r\n\t<h3><a href=\"\/sr\/expertski-tim\/fitnes-tim\/milos-sokolovic\/\">Milo\u0161 Sokolovic<\/a><\/h3>\r\n<a href=\"\/sr\/expertski-tim\/fitnes-tim\/milos-sokolovic\/\"><img decoding=\"async\" loading=\"lazy\" src=\"\/wp-content\/uploads\/2022\/11\/Milos-Sokolovic.png\" width=\"243px\" height=\"243px\"\/><\/a>\r\n<h4>Fitnes trener<\/h4>\r\n<span>\r\n\t<img decoding=\"async\" loading=\"lazy\" src=\"\/wp-content\/themes\/novaktereni\/img\/b.png\" width=\"30px\" height=\"31px\"\/>\r\n\t<img decoding=\"async\" loading=\"lazy\" src=\"\/wp-content\/themes\/novaktereni\/img\/c.png\" width=\"30px\" height=\"31px\"\/>\r\n<\/span>\r\n<\/div>\r\n\r\n<div class=\"coach\">\r\n\t<h3><a href=\"\/sr\/expertski-tim\/fitnes-tim\/strahinja-tomovic\/\">Strahinja Tomovic<\/a><\/h3>\r\n<a href=\"\/sr\/expertski-tim\/fitnes-tim\/strahinja-tomovic\/\"><img decoding=\"async\" loading=\"lazy\" src=\"\/wp-content\/uploads\/2022\/11\/Strahinja-Tomovic.png\" width=\"243px\" height=\"243px\"\/><\/a>\r\n<h4>Fitnes trener<\/h4>\r\n<span>\r\n\t<img decoding=\"async\" loading=\"lazy\" src=\"\/wp-content\/themes\/novaktereni\/img\/b.png\" width=\"30px\" height=\"31px\"\/>\r\n\t<img decoding=\"async\" loading=\"lazy\" src=\"\/wp-content\/themes\/novaktereni\/img\/c.png\" width=\"30px\" height=\"31px\"\/>\r\n<\/span>\r\n<\/div>\r\n\r\n<div class=\"coach\">\r\n\t<h3><a href=\"\/sr\/expertski-tim\/fitnes-tim\/tamara-jelic\/\">Tamara Jelic<\/a><\/h3>\r\n<a href=\"\/sr\/expertski-tim\/fitnes-tim\/tamara-jelic\/\"><img decoding=\"async\" loading=\"lazy\" src=\"\/wp-content\/uploads\/2022\/11\/Tamara-Jelic.png\" width=\"243px\" height=\"243px\"\/><\/a>\r\n<h4>Fitnes trener<\/h4>\r\n<span>\r\n\t<img decoding=\"async\" loading=\"lazy\" src=\"\/wp-content\/themes\/novaktereni\/img\/b.png\" width=\"30px\" height=\"31px\"\/>\r\n\t<img decoding=\"async\" loading=\"lazy\" src=\"\/wp-content\/themes\/novaktereni\/img\/c.png\" width=\"30px\" height=\"31px\"\/>\r\n<\/span>\r\n<\/div>\r\n\r\n<div class=\"coach\">\r\n\t<h3><a href=\"\/sr\/expertski-tim\/fitnes-tim\/nemanja-todorovic\/\">Nemanja Todorovic<\/a><\/h3>\r\n<a href=\"\/sr\/expertski-tim\/fitnes-tim\/nemanja-todorovic\/\"><img decoding=\"async\" loading=\"lazy\" src=\"\/wp-content\/uploads\/2022\/11\/Nemanja-Todorovic.png\" width=\"243px\" height=\"243px\"\/><\/a>\r\n<h4>Fitnes trener<\/h4>\r\n<span>\r\n\t<img decoding=\"async\" loading=\"lazy\" src=\"\/wp-content\/themes\/novaktereni\/img\/b.png\" width=\"30px\" height=\"31px\"\/>\r\n\t<img decoding=\"async\" loading=\"lazy\" src=\"\/wp-content\/themes\/novaktereni\/img\/c.png\" width=\"30px\" height=\"31px\"\/>\r\n<\/span>\r\n<\/div>\r\n\r\n\r\n<div class=\"coach\">\r\n\t<h3><a href=\"\/sr\/expertski-tim\/teniski-treneri\/zoran-grbovic\/\">Zoran Grbovi\u0107<\/a><\/h3>\r\n<a href=\"\/sr\/expertski-tim\/teniski-treneri\/zoran-grbovic\/\"><img decoding=\"async\" loading=\"lazy\" src=\"\/wp-content\/uploads\/2022\/11\/Zoran-Grbovic.png\" width=\"243px\" height=\"243px\"\/><\/a>\r\n<h4>Fitnes trener<\/h4>\r\n<span>\r\n\t<img decoding=\"async\" loading=\"lazy\" src=\"\/wp-content\/themes\/novaktereni\/img\/b.png\" width=\"30px\" height=\"31px\"\/>\r\n\t<img decoding=\"async\" loading=\"lazy\" src=\"\/wp-content\/themes\/novaktereni\/img\/c.png\" width=\"30px\" height=\"31px\"\/>\r\n<\/span>\r\n<\/div>\r\n\r\n\r\n<\/div>","protected":false},"excerpt":{"rendered":"<p>Od trnja do zvezda \u2013 sa zvezdama! Da ne bismo tro\u0161ili previ\u0161e re\u010di na imena koja su svoj kredibilet dokazala na borili\u0161tima svih meridijana, iz Novak Tennis Centar fitness tima izdvajamo samo neke od legendi ko\u0161arka\u0161kih, teniskih i drugih terena: Vasek Pospi\u0161il, Du\u0161an Lajovi\u0107, Milo\u0161 Raoni\u0107, Vladimir Radmanovi\u0107&#8230;i drugi stara\u0107e \u0107e o tome da fizi\u010dka [&hellip;]<\/p>\n","protected":false},"author":1,"featured_media":0,"parent":4123,"menu_order":0,"comment_status":"closed","ping_status":"closed","template":"","meta":[],"godina":[],"acf":[],"_links":{"self":[{"href":"https:\/\/ntc.server.develop.in.rs\/sr\/wp-json\/wp\/v2\/pages\/4129"}],"collection":[{"href":"https:\/\/ntc.server.develop.in.rs\/sr\/wp-json\/wp\/v2\/pages"}],"about":[{"href":"https:\/\/ntc.server.develop.in.rs\/sr\/wp-json\/wp\/v2\/types\/page"}],"author":[{"embeddable":true,"href":"https:\/\/ntc.server.develop.in.rs\/sr\/wp-json\/wp\/v2\/users\/1"}],"replies":[{"embeddable":true,"href":"https:\/\/ntc.server.develop.in.rs\/sr\/wp-json\/wp\/v2\/comments?post=4129"}],"version-history":[{"count":12,"href":"https:\/\/ntc.server.develop.in.rs\/sr\/wp-json\/wp\/v2\/pages\/4129\/revisions"}],"predecessor-version":[{"id":5905,"href":"https:\/\/ntc.server.develop.in.rs\/sr\/wp-json\/wp\/v2\/pages\/4129\/revisions\/5905"}],"up":[{"embeddable":true,"href":"https:\/\/ntc.server.develop.in.rs\/sr\/wp-json\/wp\/v2\/pages\/4123"}],"wp:attachment":[{"href":"https:\/\/ntc.server.develop.in.rs\/sr\/wp-json\/wp\/v2\/media?parent=4129"}],"wp:term":[{"taxonomy":"godina","embeddable":true,"href":"https:\/\/ntc.server.develop.in.rs\/sr\/wp-json\/wp\/v2\/godina?post=4129"}],"curies":[{"name":"wp","href":"https:\/\/api.w.org\/{rel}","templated":true}]}}