{"id":4125,"date":"2022-06-22T19:14:33","date_gmt":"2022-06-22T19:14:33","guid":{"rendered":"https:\/\/www.beta.novaktenniscenter.com\/?page_id=4125"},"modified":"2022-12-05T15:57:31","modified_gmt":"2022-12-05T15:57:31","slug":"teniski-treneri","status":"publish","type":"page","link":"https:\/\/ntc.server.develop.in.rs\/sr\/expertski-tim\/teniski-treneri\/","title":{"rendered":"Teniski treneri"},"content":{"rendered":"<div class=\"coaches\">\r\n<p>Okolnost da je srpski, pa i regionalni tenis sa pojavom na\u0161ega asa zauzeo jedno od vode\u0107ih mesta svetskog tenisa, Novak Tennis Centar iskoristio je da okupi najbolja imena koja na\u0161, a samim tim i beli sport uop\u0161te ima. Treneri koji \u0107e vam biti na raspolaganju ne samo da ulivaju poverenje kao stru\u010dnjaci, oni su ljudi koji znaju kako se prenosi znanje, inspiri\u0161e igra\u010d i osvajaju trofeji \u2013 od Dejvis Kupa do Grend Slema.<\/p>\r\n<div class=\"coach\">\r\n\t<h3><a href=\"\/sr\/expertski-tim\/teniski-treneri\/viktor-troicki\/\">Viktor Troicki<\/a><\/h3>\r\n<a href=\"\/sr\/expertski-tim\/teniski-treneri\/viktor-troicki\/\"><img decoding=\"async\" loading=\"lazy\" src=\"\/wp-content\/uploads\/2022\/11\/Viktor-Troicki.png\" width=\"243px\" height=\"243px\"\/><\/a>\r\n<h4>Glavni trener<\/h4>\r\n<span>\r\n\t<img decoding=\"async\" loading=\"lazy\" src=\"\/wp-content\/themes\/novaktereni\/img\/b.png\" width=\"30px\" height=\"31px\"\/>\r\n\t<img decoding=\"async\" loading=\"lazy\" src=\"\/wp-content\/themes\/novaktereni\/img\/c.png\" width=\"30px\" height=\"31px\"\/>\r\n<\/span>\r\n<\/div>\r\n\r\n<div class=\"coach\">\r\n\t<h3><a href=\"\/sr\/expertski-tim\/teniski-treneri\/boris-bosnjakovic\/\">Boris Bo\u0161njakovi\u0107<\/a><\/h3>\r\n<a href=\"\/sr\/expertski-tim\/teniski-treneri\/boris-bosnjakovic\/\"><img decoding=\"async\" loading=\"lazy\" src=\"\/wp-content\/uploads\/2022\/11\/Boris-Bosnjakovic.png\" width=\"243px\" height=\"243px\"\/><\/a>\r\n<h4>Trener visokih performansi<\/h4>\r\n<span>\r\n\t<img decoding=\"async\" loading=\"lazy\" src=\"\/wp-content\/themes\/novaktereni\/img\/b.png\" width=\"30px\" height=\"31px\"\/>\r\n\t<img decoding=\"async\" loading=\"lazy\" src=\"\/wp-content\/themes\/novaktereni\/img\/c.png\" width=\"30px\" height=\"31px\"\/>\r\n<\/span>\r\n<\/div>\r\n\r\n<div class=\"coach\">\r\n\t<h3><a href=\"\/sr\/expertski-tim\/teniski-treneri\/ilija-bozoljac\/\">Ilija Bozoljac<\/a><\/h3>\r\n<a href=\"\/sr\/expertski-tim\/teniski-treneri\/ilija-bozoljac\/\"><img decoding=\"async\" loading=\"lazy\" src=\"\/wp-content\/uploads\/2022\/11\/Ilija-Bozoljac.png\" width=\"243px\" height=\"243px\"\/><\/a>\r\n<h4>Trener visokih performansi<\/h4>\r\n<span>\r\n\t<img decoding=\"async\" loading=\"lazy\" src=\"\/wp-content\/themes\/novaktereni\/img\/b.png\" width=\"30px\" height=\"31px\"\/>\r\n\t<img decoding=\"async\" loading=\"lazy\" src=\"\/wp-content\/themes\/novaktereni\/img\/c.png\" width=\"30px\" height=\"31px\"\/>\r\n<\/span>\r\n<\/div>\r\n\r\n<div class=\"coach\">\r\n\t<h3><a href=\"\/sr\/expertski-tim\/teniski-treneri\/ivan-bjelica\/\">Ivan Bjelica<\/a><\/h3>\r\n<a href=\"\/sr\/expertski-tim\/teniski-treneri\/ivan-bjelica\/\"><img decoding=\"async\" loading=\"lazy\" src=\"\/wp-content\/uploads\/2022\/11\/Ivan-Bjelica.png\" width=\"243px\" height=\"243px\"\/><\/a>\r\n<h4>Trener visokih performansi<\/h4>\r\n<span>\r\n\t<img decoding=\"async\" loading=\"lazy\" src=\"\/wp-content\/themes\/novaktereni\/img\/b.png\" width=\"30px\" height=\"31px\"\/>\r\n\t<img decoding=\"async\" loading=\"lazy\" src=\"\/wp-content\/themes\/novaktereni\/img\/c.png\" width=\"30px\" height=\"31px\"\/>\r\n<\/span>\r\n<\/div>\r\n\r\n<div class=\"coach\">\r\n\t<h3><a href=\"\/sr\/expertski-tim\/teniski-treneri\/veljko-radojicic\/\">Veljko Radoj\u010di\u0107<\/a><\/h3>\r\n <a href=\"\/sr\/expertski-tim\/teniski-treneri\/veljko-radojicic\/\"><img decoding=\"async\" loading=\"lazy\" src=\"\/wp-content\/uploads\/2022\/11\/Veljko-Radojicic.png\" width=\"243px\" height=\"243px\"\/><\/a>\r\n<h4>Trener visokih performansi<\/h4>\r\n<span>\r\n\t<img decoding=\"async\" loading=\"lazy\" src=\"\/wp-content\/themes\/novaktereni\/img\/b.png\" width=\"30px\" height=\"31px\"\/>\r\n\t<img decoding=\"async\" loading=\"lazy\" src=\"\/wp-content\/themes\/novaktereni\/img\/c.png\" width=\"30px\" height=\"31px\"\/>\r\n<\/span>\r\n<\/div>\r\n\r\n<div class=\"coach\">\r\n\t<h3><a href=\"\/sr\/expertski-tim\/teniski-treneri\/katarina-krneta\/\">Katarina Krneta<\/a><\/h3>\r\n<a href=\"\/sr\/expertski-tim\/teniski-treneri\/katarina-krneta\/\"><img decoding=\"async\" loading=\"lazy\" src=\"\/wp-content\/uploads\/2022\/11\/Katarina-Krneta.png\" width=\"243px\" height=\"243px\"\/><\/a>\r\n<h4>Trener visokih performansi<\/h4>\r\n<span>\r\n\t<img decoding=\"async\" loading=\"lazy\" src=\"\/wp-content\/themes\/novaktereni\/img\/b.png\" width=\"30px\" height=\"31px\"\/>\r\n\t<img decoding=\"async\" loading=\"lazy\" src=\"\/wp-content\/themes\/novaktereni\/img\/c.png\" width=\"30px\" height=\"31px\"\/>\r\n<\/span>\r\n<\/div>\r\n\r\n<div class=\"coach\">\r\n\t<h3><a href=\"\/sr\/expertski-tim\/teniski-treneri\/pavle-bulic\/\">Pavle Buli\u0107<\/a><\/h3>\r\n<a href=\"\/sr\/expertski-tim\/teniski-treneri\/pavle-bulic\/\"><img decoding=\"async\" loading=\"lazy\" src=\"\/wp-content\/uploads\/2022\/11\/Pavle-Bulic.png\" width=\"243px\" height=\"243px\"\/><\/a>\r\n<h4>Teniski trener<\/h4>\r\n<span>\r\n\t<img decoding=\"async\" loading=\"lazy\" src=\"\/wp-content\/themes\/novaktereni\/img\/b.png\" width=\"30px\" height=\"31px\"\/>\r\n\t<img decoding=\"async\" loading=\"lazy\" src=\"\/wp-content\/themes\/novaktereni\/img\/c.png\" width=\"30px\" height=\"31px\"\/>\r\n<\/span>\r\n<\/div>\r\n\r\n<div class=\"coach\">\r\n\t<h3><a href=\"\/sr\/expertski-tim\/teniski-treneri\/marko-pavlovic\/\">Marko Pavlovi\u0107<\/a><\/h3>\r\n<a href=\"\/sr\/expertski-tim\/teniski-treneri\/marko-pavlovic\/\"><img decoding=\"async\" loading=\"lazy\" src=\"\/wp-content\/uploads\/2022\/11\/Marko-Pavlovic.png\" width=\"243px\" height=\"243px\"\/><\/a>\r\n<h4>Teniski trener<\/h4>\r\n<span>\r\n\t<img decoding=\"async\" loading=\"lazy\" src=\"\/wp-content\/themes\/novaktereni\/img\/b.png\" width=\"30px\" height=\"31px\"\/>\r\n\t<img decoding=\"async\" loading=\"lazy\" src=\"\/wp-content\/themes\/novaktereni\/img\/c.png\" width=\"30px\" height=\"31px\"\/>\r\n<\/span>\r\n<\/div>\r\n\r\n<div class=\"coach\">\r\n\t<h3><a href=\"\/sr\/expertski-tim\/teniski-treneri\/aleksandar-slovic\/\">Aleksandar Slovi\u0107<\/a><\/h3>\r\n<a href=\"\/sr\/expertski-tim\/teniski-treneri\/aleksandar-slovic\/\"><img decoding=\"async\" loading=\"lazy\" src=\"\/wp-content\/uploads\/2022\/11\/Aleksandar-Slovic.png\" width=\"243px\" height=\"243px\"\/><\/a>\r\n<h4>Trener visokih performansi<\/h4>\r\n<span>\r\n\t<img decoding=\"async\" loading=\"lazy\" src=\"\/wp-content\/themes\/novaktereni\/img\/b.png\" width=\"30px\" height=\"31px\"\/>\r\n\t<img decoding=\"async\" loading=\"lazy\" src=\"\/wp-content\/themes\/novaktereni\/img\/c.png\" width=\"30px\" height=\"31px\"\/>\r\n<\/span>\r\n<\/div>\r\n\r\n<div class=\"coach\">\r\n\t<h3><a href=\"\/sr\/expertski-tim\/teniski-treneri\/borislav-borovic\/\">Borislav Borovi\u0107<\/a><\/h3>\r\n<a href=\"\/sr\/expertski-tim\/teniski-treneri\/borislav-borovic\/\"><img decoding=\"async\" loading=\"lazy\" src=\"\/wp-content\/uploads\/2022\/11\/Borislav-Borovic.png\" width=\"243px\" height=\"243px\"\/><\/a>\r\n<h4>Teniski trener<\/h4>\r\n<span>\r\n\t<img decoding=\"async\" loading=\"lazy\" src=\"\/wp-content\/themes\/novaktereni\/img\/b.png\" width=\"30px\" height=\"31px\"\/>\r\n\t<img decoding=\"async\" loading=\"lazy\" src=\"\/wp-content\/themes\/novaktereni\/img\/c.png\" width=\"30px\" height=\"31px\"\/>\r\n<\/span>\r\n<\/div>\r\n\r\n<div class=\"coach\">\r\n\t<h3><a href=\"\/sr\/expertski-tim\/teniski-treneri\/branislav-pralica\/\">Branislav Pralica<\/a><\/h3>\r\n<a href=\"\/sr\/expertski-tim\/teniski-treneri\/branislav-pralica\/\"><img decoding=\"async\" loading=\"lazy\" src=\"\/wp-content\/uploads\/2022\/11\/Branislav-Pralica.png\" width=\"243px\" height=\"243px\"\/><\/a>\r\n<h4>Teniski trener<\/h4>\r\n<span>\r\n\t<img decoding=\"async\" loading=\"lazy\" src=\"\/wp-content\/themes\/novaktereni\/img\/b.png\" width=\"30px\" height=\"31px\"\/>\r\n\t<img decoding=\"async\" loading=\"lazy\" src=\"\/wp-content\/themes\/novaktereni\/img\/c.png\" width=\"30px\" height=\"31px\"\/>\r\n<\/span>\r\n<\/div>\r\n\r\n<div class=\"coach\">\r\n\t<h3><a href=\"\/sr\/expertski-tim\/teniski-treneri\/darko-milosevic\/\">Darko Milo\u0161evi\u0107<\/a><\/h3>\r\n<a href=\"\/sr\/expertski-tim\/teniski-treneri\/darko-milosevic\/\"><img decoding=\"async\" loading=\"lazy\" src=\"\/wp-content\/uploads\/2022\/11\/Darko-Milosevic.png\" width=\"243px\" height=\"243px\"\/><\/a>\r\n<h4>Teniski trener<\/h4>\r\n<span>\r\n\t<img decoding=\"async\" loading=\"lazy\" src=\"\/wp-content\/themes\/novaktereni\/img\/b.png\" width=\"30px\" height=\"31px\"\/>\r\n\t<img decoding=\"async\" loading=\"lazy\" src=\"\/wp-content\/themes\/novaktereni\/img\/c.png\" width=\"30px\" height=\"31px\"\/>\r\n<\/span>\r\n<\/div>\r\n\r\n<div class=\"coach\">\r\n\t<h3><a href=\"\/sr\/expertski-tim\/teniski-treneri\/maja-hutalarovic\/\">Maja Hutalarovi\u0107<\/a><\/h3>\r\n<a href=\"\/sr\/expertski-tim\/teniski-treneri\/maja-hutalarovic\/\"><img decoding=\"async\" loading=\"lazy\" src=\"\/wp-content\/uploads\/2022\/11\/Maja-Hutalarovic.png\" width=\"243px\" height=\"243px\"\/><\/a>\r\n<h4>Teniski trener<\/h4>\r\n<span>\r\n\t<img decoding=\"async\" loading=\"lazy\" src=\"\/wp-content\/themes\/novaktereni\/img\/b.png\" width=\"30px\" height=\"31px\"\/>\r\n\t<img decoding=\"async\" loading=\"lazy\" src=\"\/wp-content\/themes\/novaktereni\/img\/c.png\" width=\"30px\" height=\"31px\"\/>\r\n<\/span>\r\n<\/div>\r\n\r\n<div class=\"coach\">\r\n\t<h3><a href=\"\/sr\/expertski-tim\/teniski-treneri\/maja-tosic\/\">Maja To\u0161i\u0107<\/a><\/h3>\r\n<a href=\"\/sr\/expertski-tim\/teniski-treneri\/maja-tosic\/\"><img decoding=\"async\" loading=\"lazy\" src=\"\/wp-content\/uploads\/2022\/11\/Maja-Tosic.png\" width=\"243px\" height=\"243px\"\/><\/a>\r\n<h4>Teniski trener<\/h4>\r\n<span>\r\n\t<img decoding=\"async\" loading=\"lazy\" src=\"\/wp-content\/themes\/novaktereni\/img\/b.png\" width=\"30px\" height=\"31px\"\/>\r\n\t<img decoding=\"async\" loading=\"lazy\" src=\"\/wp-content\/themes\/novaktereni\/img\/c.png\" width=\"30px\" height=\"31px\"\/>\r\n<\/span>\r\n<\/div>\r\n\r\n<div class=\"coach\">\r\n\t<h3><a href=\"\/sr\/expertski-tim\/teniski-treneri\/marko-sorovic\/\">Marko Sorovi\u0107<\/a><\/h3>\r\n<a href=\"\/sr\/expertski-tim\/teniski-treneri\/marko-sorovic\/\"><img decoding=\"async\" loading=\"lazy\" src=\"\/wp-content\/uploads\/2022\/11\/Marko-Sorovic.png\" width=\"243px\" height=\"243px\"\/><\/a>\r\n<h4>Teniski trener<\/h4>\r\n<span>\r\n\t<img decoding=\"async\" loading=\"lazy\" src=\"\/wp-content\/themes\/novaktereni\/img\/b.png\" width=\"30px\" height=\"31px\"\/>\r\n\t<img decoding=\"async\" loading=\"lazy\" src=\"\/wp-content\/themes\/novaktereni\/img\/c.png\" width=\"30px\" height=\"31px\"\/>\r\n<\/span>\r\n<\/div>\r\n\r\n<div class=\"coach\">\r\n\t<h3><a href=\"\/sr\/expertski-tim\/teniski-treneri\/robert-rac-sabo\/\">Robert Rac Sabo<\/a><\/h3>\r\n<a href=\"\/sr\/expertski-tim\/teniski-treneri\/robert-rac-sabo\/\"><img decoding=\"async\" loading=\"lazy\" src=\"\/wp-content\/uploads\/2022\/11\/Robert-Rac-Sabo.png\" width=\"243px\" height=\"243px\"\/><\/a>\r\n<h4>Teniski trener<\/h4>\r\n<span>\r\n\t<img decoding=\"async\" loading=\"lazy\" src=\"\/wp-content\/themes\/novaktereni\/img\/b.png\" width=\"30px\" height=\"31px\"\/>\r\n\t<img decoding=\"async\" loading=\"lazy\" src=\"\/wp-content\/themes\/novaktereni\/img\/c.png\" width=\"30px\" height=\"31px\"\/>\r\n<\/span>\r\n<\/div>\r\n\r\n<div class=\"coach\">\r\n\t<h3><a href=\"\/sr\/expertski-tim\/teniski-treneri\/vasilija-vojinovic\/\">Vasilija Vojinovi\u0107<\/a><\/h3>\r\n<a href=\"\/sr\/expertski-tim\/teniski-treneri\/vasilija-vojinovic\/\"><img decoding=\"async\" loading=\"lazy\" src=\"\/wp-content\/uploads\/2022\/11\/Vasilija-Vojinovic.png\" width=\"243px\" height=\"243px\"\/><\/a>\r\n<h4>Teniski trener<\/h4>\r\n<span>\r\n\t<img decoding=\"async\" loading=\"lazy\" src=\"\/wp-content\/themes\/novaktereni\/img\/b.png\" width=\"30px\" height=\"31px\"\/>\r\n\t<img decoding=\"async\" loading=\"lazy\" src=\"\/wp-content\/themes\/novaktereni\/img\/c.png\" width=\"30px\" height=\"31px\"\/>\r\n<\/span>\r\n<\/div>\r\n\r\n<!-- <div class=\"coach\">\r\n\t<h3><a href=\"\/sr\/expertski-tim\/teniski-treneri\/katarina-vranic\/\">Katarina Vrani\u0107<\/a><\/h3>\r\n<h4>Teniski trener<\/h4>\r\n<span>\r\n\t<img decoding=\"async\" loading=\"lazy\" src=\"\/wp-content\/themes\/novaktereni\/img\/b.png\" width=\"30px\" height=\"31px\"\/>\r\n\t<img decoding=\"async\" loading=\"lazy\" src=\"\/wp-content\/themes\/novaktereni\/img\/c.png\" width=\"30px\" height=\"31px\"\/>\r\n<\/span>\r\n<\/div> -->\r\n\r\n\r\n\r\n<\/div>","protected":false},"excerpt":{"rendered":"<p>Okolnost da je srpski, pa i regionalni tenis sa pojavom na\u0161ega asa zauzeo jedno od vode\u0107ih mesta svetskog tenisa, Novak Tennis Centar iskoristio je da okupi najbolja imena koja na\u0161, a samim tim i beli sport uop\u0161te ima. Treneri koji \u0107e vam biti na raspolaganju ne samo da ulivaju poverenje kao stru\u010dnjaci, oni su ljudi [&hellip;]<\/p>\n","protected":false},"author":1,"featured_media":0,"parent":4123,"menu_order":0,"comment_status":"closed","ping_status":"closed","template":"","meta":[],"godina":[],"acf":[],"_links":{"self":[{"href":"https:\/\/ntc.server.develop.in.rs\/sr\/wp-json\/wp\/v2\/pages\/4125"}],"collection":[{"href":"https:\/\/ntc.server.develop.in.rs\/sr\/wp-json\/wp\/v2\/pages"}],"about":[{"href":"https:\/\/ntc.server.develop.in.rs\/sr\/wp-json\/wp\/v2\/types\/page"}],"author":[{"embeddable":true,"href":"https:\/\/ntc.server.develop.in.rs\/sr\/wp-json\/wp\/v2\/users\/1"}],"replies":[{"embeddable":true,"href":"https:\/\/ntc.server.develop.in.rs\/sr\/wp-json\/wp\/v2\/comments?post=4125"}],"version-history":[{"count":15,"href":"https:\/\/ntc.server.develop.in.rs\/sr\/wp-json\/wp\/v2\/pages\/4125\/revisions"}],"predecessor-version":[{"id":6151,"href":"https:\/\/ntc.server.develop.in.rs\/sr\/wp-json\/wp\/v2\/pages\/4125\/revisions\/6151"}],"up":[{"embeddable":true,"href":"https:\/\/ntc.server.develop.in.rs\/sr\/wp-json\/wp\/v2\/pages\/4123"}],"wp:attachment":[{"href":"https:\/\/ntc.server.develop.in.rs\/sr\/wp-json\/wp\/v2\/media?parent=4125"}],"wp:term":[{"taxonomy":"godina","embeddable":true,"href":"https:\/\/ntc.server.develop.in.rs\/sr\/wp-json\/wp\/v2\/godina?post=4125"}],"curies":[{"name":"wp","href":"https:\/\/api.w.org\/{rel}","templated":true}]}}