{"id":4121,"date":"2022-06-22T19:13:42","date_gmt":"2022-06-22T19:13:42","guid":{"rendered":"https:\/\/www.beta.novaktenniscenter.com\/?page_id=4121"},"modified":"2022-12-04T11:31:30","modified_gmt":"2022-12-04T11:31:30","slug":"yoga","status":"publish","type":"page","link":"https:\/\/ntc.server.develop.in.rs\/sr\/programi\/yoga\/","title":{"rendered":"Zen Healing Zone"},"content":{"rendered":"<div class=\"fitness fitness_new\">\r\n<div class=\"facilities_pictures\">\r\n<h2 style=\"margin-top:80px\">Zen Healing Zone<\/h2>\r\n\r\n<h5>Osna\u017eite svoje telo i um i pru\u017eite im potreban mir. Hiljade godina ljudskog znanja o zdravlju ljudskog uma, tela i duha na jednom mestu.<\/h5>\r\n\r\n<div class=\"uk-scope\">\n\n    <div id=\"wk-grid06c\" class=\"uk-child-width-1-1 uk-child-width-1-2@s uk-child-width-1-2@m uk-child-width-1-2@l uk-child-width-1-2@xl uk-grid-small uk-grid-match \" uk-height-match=\"target: &gt; div &gt; .uk-panel, &gt; div &gt; .uk-card; row: true\" uk-grid  uk-scrollspy=\"cls: uk-animation-fade; target: &gt; div &gt; .uk-panel, &gt; div &gt; .uk-card; delay: 200\" uk-lightbox=\"container: .uk-gallery-container; toggle: a[data-js-lightbox]\">\n\n            \n        <div>\n        \n<div class=\"uk-panel\">\n\n    <div class=\"uk-inline-clip uk-transition-toggle \">\n\n        <img src=\"\/wp-content\/uploads\/2022\/12\/Yoga.jpg\" class=\"uk-transition-scale-up uk-transition-opaque\" alt=\"Yoga\">\n                <div class=\"uk-overlay uk-overlay-primary uk-position-cover uk-transition-fade\"><\/div>\n        \n        <div class=\"uk-overlay uk-position-cover uk-transition-fade uk-flex uk-flex-center uk-flex-middle uk-text-center uk-light\">\n            <div>\n\n                \n                                <div class=\"uk-margin-small\"><h2>Yoga<\/h2>\n\n<p>Upoznajte svoje telo sa na\u0161om yoga instruktorkom Nevenom \u0110ukanovi\u0107.\nKroz razli\u010dite stilove joge (hata, aerial, jin, vinyasa), pomognite svom telu da postigne celovitost sa umom i ose\u0107anjima.\nYoga \u010dasovi prilago\u0111eni su kako po\u010detnicima, tako i iskusnim ve\u017eba\u010dima.<\/p><\/div>\n                \n                                <div class=\"uk-grid uk-grid-small uk-flex-center uk-margin\" uk-grid>\n\n                    \n                                        <div><a  data-js-lightbox href=\"\/wp-content\/uploads\/2022\/12\/Yoga.jpg\" data-type=\"image\" data-caption=\"Yoga\"><\/a><\/div>\n                    \n                <\/div>\n                \n            <\/div>\n        <\/div>\n\n        \n    <\/div>\n\n<\/div>\n        <\/div>\n\n                    \n        <div>\n        \n<div class=\"uk-panel\">\n\n    <div class=\"uk-inline-clip uk-transition-toggle \">\n\n        <img src=\"\/wp-content\/uploads\/2022\/12\/Thai-i-relax-masaza.jpg\" class=\"uk-transition-scale-up uk-transition-opaque\" alt=\"Thai I Relax Masaza\">\n                <div class=\"uk-overlay uk-overlay-primary uk-position-cover uk-transition-fade\"><\/div>\n        \n        <div class=\"uk-overlay uk-position-cover uk-transition-fade uk-flex uk-flex-center uk-flex-middle uk-text-center uk-light\">\n            <div>\n\n                \n                                <div class=\"uk-margin-small\"><h2>Thai masa\u017ea<\/h2>\n\n<p>Yuri Morozov primeni\u0107e ove tehnike i koncepte stare preko 2500 godina da vas oporavi, opusti i pribli\u017ei va\u0161em unutra\u0161njem svetu.\nJedinstvena metoda masa\u017ee koja kombinuje masa\u017eu dubokog tkiva, tehnike istezanja, pritisak\nakupresurnih ta\u010daka i mobilizaciju zglobova.\nZbog integracije razli\u010ditih pristupa i tehnika, ova masa\u017ea mo\u017ee da pomogne pri ubla\u017eavanju\nbolova i krutosti u mi\u0161i\u0107ima, pro\u0161irenje obima pokretljivosti i fleksibilnosti zglobova, tretman povreda, smanjenje stresa, relaksacija.<\/p><\/div>\n                \n                                <div class=\"uk-grid uk-grid-small uk-flex-center uk-margin\" uk-grid>\n\n                    \n                                        <div><a  data-js-lightbox href=\"\/wp-content\/uploads\/2022\/12\/Thai-i-relax-masaza.jpg\" data-type=\"image\" data-caption=\"Thai I Relax Masaza\"><\/a><\/div>\n                    \n                <\/div>\n                \n            <\/div>\n        <\/div>\n\n        \n    <\/div>\n\n<\/div>\n        <\/div>\n\n                    \n        <div>\n        \n<div class=\"uk-panel\">\n\n    <div class=\"uk-inline-clip uk-transition-toggle \">\n\n        <img src=\"\/wp-content\/uploads\/2022\/12\/Gong-kupke.jpg\" class=\"uk-transition-scale-up uk-transition-opaque\" alt=\"Gong Kupke\">\n                <div class=\"uk-overlay uk-overlay-primary uk-position-cover uk-transition-fade\"><\/div>\n        \n        <div class=\"uk-overlay uk-position-cover uk-transition-fade uk-flex uk-flex-center uk-flex-middle uk-text-center uk-light\">\n            <div>\n\n                \n                                <div class=\"uk-margin-small\"><h2>Gong Kupka<\/h2>\n\n<p>Uplovite u zvu\u010dno isceljenje sa \u017darkom Ili\u0107em.\nZvuk gonga mo\u017ee izazvati duboke pozitivne promene u na\u0161em fizi\u010dkom, emotivnom i duhovnom\ntelu. Zvu\u010dne vibracije otvaraju, \u010diste i balansiraju energetske \u010dakre i osloba\u0111aju zaglavljenu energiju. Udahnite duboko i prepustite se iseljuju\u0107em zvuku gonga.<\/p><\/div>\n                \n                                <div class=\"uk-grid uk-grid-small uk-flex-center uk-margin\" uk-grid>\n\n                    \n                                        <div><a  data-js-lightbox href=\"\/wp-content\/uploads\/2022\/12\/Gong-kupke.jpg\" data-type=\"image\" data-caption=\"Gong Kupke\"><\/a><\/div>\n                    \n                <\/div>\n                \n            <\/div>\n        <\/div>\n\n        \n    <\/div>\n\n<\/div>\n        <\/div>\n\n                    \n        <div>\n        \n<div class=\"uk-panel\">\n\n    <div class=\"uk-inline-clip uk-transition-toggle \">\n\n        <img src=\"\/wp-content\/uploads\/2022\/12\/Spa.jpg\" class=\"uk-transition-scale-up uk-transition-opaque\" alt=\"Spa\">\n                <div class=\"uk-overlay uk-overlay-primary uk-position-cover uk-transition-fade\"><\/div>\n        \n        <div class=\"uk-overlay uk-position-cover uk-transition-fade uk-flex uk-flex-center uk-flex-middle uk-text-center uk-light\">\n            <div>\n\n                \n                                <div class=\"uk-margin-small\"><h2>Spa<\/h2>\n\n<p>U sklopu na\u0161e Zen Healing Zone mo\u017eete se opustiti u \u010darima Spa dela.\nPosle opu\u0161taju\u0107e Thai masa\u017ee ili Yoga \u010dasa, opustit se u slanoj sobi, parnom kupatilu ili finskoj sauni.<\/p><\/div>\n                \n                                <div class=\"uk-grid uk-grid-small uk-flex-center uk-margin\" uk-grid>\n\n                    \n                                        <div><a  data-js-lightbox href=\"\/wp-content\/uploads\/2022\/12\/Spa.jpg\" data-type=\"image\" data-caption=\"Spa\"><\/a><\/div>\n                    \n                <\/div>\n                \n            <\/div>\n        <\/div>\n\n        \n    <\/div>\n\n<\/div>\n        <\/div>\n\n                    \n        <div>\n        \n<div class=\"uk-panel\">\n\n    <div class=\"uk-inline-clip uk-transition-toggle \">\n\n        <img src=\"\/wp-content\/uploads\/2022\/12\/Kvantna-medicina.jpg\" class=\"uk-transition-scale-up uk-transition-opaque\" alt=\"Kvantna Medicina\">\n                <div class=\"uk-overlay uk-overlay-primary uk-position-cover uk-transition-fade\"><\/div>\n        \n        <div class=\"uk-overlay uk-position-cover uk-transition-fade uk-flex uk-flex-center uk-flex-middle uk-text-center uk-light\">\n            <div>\n\n                \n                                <div class=\"uk-margin-small\"><h2>Kvantna medicina<\/h2>\n\n<p>Dr Slavica Stefanovi\u0107, me\u0111u prvima je koji su uveli na ovim prostorima kvantnu mediicinu, test intolerancije i druge metode komplementarne medicine.\nSCIO ( Scientific Consciousness Interface Operation system) trenutno je najkompleksniji\nbiofeedback biorezonantni kompjuterski sistem napravljen na principima kvantne biofizike i\nholisti\u010dke medicine. SCIO omogu\u0107ava izuzetno \u0161irok izbor energetskih terapija koje se\nprimenjuju samostalno ili u kombinaciji.\nTerapija kvantene medicine je apsolutno ne\u0161kodljiva, bezbolna, traje oko sat vremena i radi se 2puta nedeljno.<\/p><\/div>\n                \n                                <div class=\"uk-grid uk-grid-small uk-flex-center uk-margin\" uk-grid>\n\n                    \n                                        <div><a  data-js-lightbox href=\"\/wp-content\/uploads\/2022\/12\/Kvantna-medicina.jpg\" data-type=\"image\" data-caption=\"Kvantna Medicina\"><\/a><\/div>\n                    \n                <\/div>\n                \n            <\/div>\n        <\/div>\n\n        \n    <\/div>\n\n<\/div>\n        <\/div>\n\n                    \n        <div>\n        \n<div class=\"uk-panel\">\n\n    <div class=\"uk-inline-clip uk-transition-toggle \">\n\n        <img src=\"\/wp-content\/uploads\/2022\/12\/Kapuera.jpg\" class=\"uk-transition-scale-up uk-transition-opaque\" alt=\"Kapuera\">\n                <div class=\"uk-overlay uk-overlay-primary uk-position-cover uk-transition-fade\"><\/div>\n        \n        <div class=\"uk-overlay uk-position-cover uk-transition-fade uk-flex uk-flex-center uk-flex-middle uk-text-center uk-light\">\n            <div>\n\n                \n                                <div class=\"uk-margin-small\"><h2>Capoeira<\/h2>\n\n<p>Marselo Santos je majstor kapuere, brazilske borila\u010dke ve\u0161tine zasnovane na brazilskoj kulturi gde su ritam, muzika i pokreti osnovna sredstva izra\u017eavanja. Ova borila\u010dka ve\u0161tina zato podse\u0107a na ples, a mo\u017ee se ve\u017ebati u svim uzrastima.\nSvake godine, Santos posec\u0301uje vi\u0161e od 20 zemalja \u0161irom sveta, delec\u0301i svoje znanje o kapueri kroz razli\u010dite radionice i seminare, a sada svoje znanje prenosi i vama.<\/p><\/div>\n                \n                                <div class=\"uk-grid uk-grid-small uk-flex-center uk-margin\" uk-grid>\n\n                    \n                                        <div><a  data-js-lightbox href=\"\/wp-content\/uploads\/2022\/12\/Kapuera.jpg\" data-type=\"image\" data-caption=\"Kapuera\"><\/a><\/div>\n                    \n                <\/div>\n                \n            <\/div>\n        <\/div>\n\n        \n    <\/div>\n\n<\/div>\n        <\/div>\n\n            \n    <\/div>\n\n\n\n<script>\n\n    (function(UIkit){\n\n        var $ = UIkit.util;\n\n        $.ready(function () {\n            if (!$.$('.uk-gallery-container')) {\n                $.append(document.body, '<div class=\"uk-scope uk-gallery-container\">');\n            }\n        });\n\n    })(window.UIkitwk || window.UIkit);\n\n<\/script>\n<\/div>\r\n<\/div>\r\n<!-- <div class=\"container\">\r\n\r\n<div class=\"accordion-body\">\r\n  <div class=\"accordion\">\r\n    <div class=\"container\">\r\n      <div class=\"label\">Mir u du\u0161i, vatra na terenu.<\/div>\r\n      <div class=\"content\"><p>Kao poseban aspekt novog, holisti\u010dkog pristupa sportu i \u017eivotu uop\u0161te i kao praksa koja postaje nezaobilazni deo rutine vrhunskih atleta \u0161irom sveta, \u010dasovi joge u Centru otvoreni su i za po\u010detnike, ali  i za iskusne ve\u017eba\u010de. Kroz razli\u010dite stilove ove drevne ve\u0161tine  - hata, aerial, jin, vinyasa \u2013 uz instruktorku joge Nevenu \u0110ukanovi\u0107 jo\u0161 bolje \u0107ete \u201e\u010duti\u201c svoje telo i pomo\u0107i mu da ostvari celovitost sa umom i ose\u0107anjima.<\/p>\r\n\r\n<\/div>\r\n    <\/div>\r\n  <\/div><\/div> -->\r\n<\/div>\r\n\r\n<\/div>","protected":false},"excerpt":{"rendered":"<p>Zen Healing Zone Osna\u017eite svoje telo i um i pru\u017eite im potreban mir. Hiljade godina ljudskog znanja o zdravlju ljudskog uma, tela i duha na jednom mestu.<\/p>\n","protected":false},"author":1,"featured_media":0,"parent":4108,"menu_order":0,"comment_status":"closed","ping_status":"closed","template":"template-facilities.php","meta":[],"godina":[],"acf":[],"_links":{"self":[{"href":"https:\/\/ntc.server.develop.in.rs\/sr\/wp-json\/wp\/v2\/pages\/4121"}],"collection":[{"href":"https:\/\/ntc.server.develop.in.rs\/sr\/wp-json\/wp\/v2\/pages"}],"about":[{"href":"https:\/\/ntc.server.develop.in.rs\/sr\/wp-json\/wp\/v2\/types\/page"}],"author":[{"embeddable":true,"href":"https:\/\/ntc.server.develop.in.rs\/sr\/wp-json\/wp\/v2\/users\/1"}],"replies":[{"embeddable":true,"href":"https:\/\/ntc.server.develop.in.rs\/sr\/wp-json\/wp\/v2\/comments?post=4121"}],"version-history":[{"count":15,"href":"https:\/\/ntc.server.develop.in.rs\/sr\/wp-json\/wp\/v2\/pages\/4121\/revisions"}],"predecessor-version":[{"id":6141,"href":"https:\/\/ntc.server.develop.in.rs\/sr\/wp-json\/wp\/v2\/pages\/4121\/revisions\/6141"}],"up":[{"embeddable":true,"href":"https:\/\/ntc.server.develop.in.rs\/sr\/wp-json\/wp\/v2\/pages\/4108"}],"wp:attachment":[{"href":"https:\/\/ntc.server.develop.in.rs\/sr\/wp-json\/wp\/v2\/media?parent=4121"}],"wp:term":[{"taxonomy":"godina","embeddable":true,"href":"https:\/\/ntc.server.develop.in.rs\/sr\/wp-json\/wp\/v2\/godina?post=4121"}],"curies":[{"name":"wp","href":"https:\/\/api.w.org\/{rel}","templated":true}]}}