{"id":4117,"date":"2022-06-22T19:12:42","date_gmt":"2022-06-22T19:12:42","guid":{"rendered":"https:\/\/www.beta.novaktenniscenter.com\/?page_id=4117"},"modified":"2022-09-28T20:52:55","modified_gmt":"2022-09-28T20:52:55","slug":"trening","status":"publish","type":"page","link":"https:\/\/ntc.server.develop.in.rs\/sr\/programi\/trening\/","title":{"rendered":"Trening"},"content":{"rendered":"<div class=\"fitness fitness_new\">\r\n<div class=\"facilities_pictures\">\r\n<div class=\"uk-scope\">\n\n    <div id=\"wk-grid9be\" class=\"uk-child-width-1-1 uk-child-width-1-2@s uk-child-width-1-2@m uk-child-width-1-2@l uk-child-width-1-2@xl uk-grid-small uk-grid-match \" uk-height-match=\"target: &gt; div &gt; .uk-panel, &gt; div &gt; .uk-card; row: true\" uk-grid  uk-scrollspy=\"cls: uk-animation-fade; target: &gt; div &gt; .uk-panel, &gt; div &gt; .uk-card; delay: 200\" uk-lightbox=\"container: .uk-gallery-container; toggle: a[data-js-lightbox]\">\n\n            \n        <div>\n        \n<div class=\"uk-panel\">\n\n    \n        <div class=\"uk-inline-clip uk-transition-toggle \">\n\n            <img src=\"\/wp-content\/uploads\/2022\/09\/Training_img_1.jpg\" class=\"uk-transition-scale-up uk-transition-opaque\" alt=\"Training Img 1\">\n            \n                        <div class=\"uk-overlay uk-overlay-primary uk-position-cover uk-transition-fade\"><\/div>\n            \n            \n                                                                        <a class=\"uk-position-cover\" data-js-lightbox href=\"\/wp-content\/uploads\/2022\/09\/Training_img_1.jpg\" data-type=\"image\" data-caption=\"Training Img 1\"><\/a>\n                                                \n        <\/div>\n\n    \n            <div class=\"uk-grid-small uk-flex-middle\" uk-grid>\n\n            \n            <div class=\"uk-width-auto\">\n\n                <div class=\"uk-grid uk-grid-small\" uk-grid>\n\n                    \n                                        <div><a  data-js-lightbox href=\"\/wp-content\/uploads\/2022\/09\/Training_img_1.jpg\" data-type=\"image\" data-caption=\"Training Img 1\"><\/a><\/div>\n                    \n                <\/div>\n\n            <\/div>\n\n        <\/div>\n    \n    \n<\/div>\n        <\/div>\n\n                    \n        <div>\n        \n<div class=\"uk-panel\">\n\n    \n        <div class=\"uk-inline-clip uk-transition-toggle \">\n\n            <img src=\"\/wp-content\/uploads\/2022\/09\/Training_img_2.jpg\" class=\"uk-transition-scale-up uk-transition-opaque\" alt=\"Training Img 2\">\n            \n                        <div class=\"uk-overlay uk-overlay-primary uk-position-cover uk-transition-fade\"><\/div>\n            \n            \n                                                                        <a class=\"uk-position-cover\" data-js-lightbox href=\"\/wp-content\/uploads\/2022\/09\/Training_img_2.jpg\" data-type=\"image\" data-caption=\"Training Img 2\"><\/a>\n                                                \n        <\/div>\n\n    \n            <div class=\"uk-grid-small uk-flex-middle\" uk-grid>\n\n            \n            <div class=\"uk-width-auto\">\n\n                <div class=\"uk-grid uk-grid-small\" uk-grid>\n\n                    \n                                        <div><a  data-js-lightbox href=\"\/wp-content\/uploads\/2022\/09\/Training_img_2.jpg\" data-type=\"image\" data-caption=\"Training Img 2\"><\/a><\/div>\n                    \n                <\/div>\n\n            <\/div>\n\n        <\/div>\n    \n    \n<\/div>\n        <\/div>\n\n                    \n        <div>\n        \n<div class=\"uk-panel\">\n\n    \n        <div class=\"uk-inline-clip uk-transition-toggle \">\n\n            <img src=\"\/wp-content\/uploads\/2022\/09\/Training_img_3.jpg\" class=\"uk-transition-scale-up uk-transition-opaque\" alt=\"Training Img 3\">\n            \n                        <div class=\"uk-overlay uk-overlay-primary uk-position-cover uk-transition-fade\"><\/div>\n            \n            \n                                                                        <a class=\"uk-position-cover\" data-js-lightbox href=\"\/wp-content\/uploads\/2022\/09\/Training_img_3.jpg\" data-type=\"image\" data-caption=\"Training Img 3\"><\/a>\n                                                \n        <\/div>\n\n    \n            <div class=\"uk-grid-small uk-flex-middle\" uk-grid>\n\n            \n            <div class=\"uk-width-auto\">\n\n                <div class=\"uk-grid uk-grid-small\" uk-grid>\n\n                    \n                                        <div><a  data-js-lightbox href=\"\/wp-content\/uploads\/2022\/09\/Training_img_3.jpg\" data-type=\"image\" data-caption=\"Training Img 3\"><\/a><\/div>\n                    \n                <\/div>\n\n            <\/div>\n\n        <\/div>\n    \n    \n<\/div>\n        <\/div>\n\n                    \n        <div>\n        \n<div class=\"uk-panel\">\n\n    \n        <div class=\"uk-inline-clip uk-transition-toggle \">\n\n            <img src=\"\/wp-content\/uploads\/2022\/09\/Training_img_4.jpg\" class=\"uk-transition-scale-up uk-transition-opaque\" alt=\"Training Img 4\">\n            \n                        <div class=\"uk-overlay uk-overlay-primary uk-position-cover uk-transition-fade\"><\/div>\n            \n            \n                                                                        <a class=\"uk-position-cover\" data-js-lightbox href=\"\/wp-content\/uploads\/2022\/09\/Training_img_4.jpg\" data-type=\"image\" data-caption=\"Training Img 4\"><\/a>\n                                                \n        <\/div>\n\n    \n            <div class=\"uk-grid-small uk-flex-middle\" uk-grid>\n\n            \n            <div class=\"uk-width-auto\">\n\n                <div class=\"uk-grid uk-grid-small\" uk-grid>\n\n                    \n                                        <div><a  data-js-lightbox href=\"\/wp-content\/uploads\/2022\/09\/Training_img_4.jpg\" data-type=\"image\" data-caption=\"Training Img 4\"><\/a><\/div>\n                    \n                <\/div>\n\n            <\/div>\n\n        <\/div>\n    \n    \n<\/div>\n        <\/div>\n\n                    \n        <div>\n        \n<div class=\"uk-panel\">\n\n    \n        <div class=\"uk-inline-clip uk-transition-toggle \">\n\n            <img src=\"\/wp-content\/uploads\/2022\/09\/Training_img_5.jpg\" class=\"uk-transition-scale-up uk-transition-opaque\" alt=\"Training Img 5\">\n            \n                        <div class=\"uk-overlay uk-overlay-primary uk-position-cover uk-transition-fade\"><\/div>\n            \n            \n                                                                        <a class=\"uk-position-cover\" data-js-lightbox href=\"\/wp-content\/uploads\/2022\/09\/Training_img_5.jpg\" data-type=\"image\" data-caption=\"Training Img 5\"><\/a>\n                                                \n        <\/div>\n\n    \n            <div class=\"uk-grid-small uk-flex-middle\" uk-grid>\n\n            \n            <div class=\"uk-width-auto\">\n\n                <div class=\"uk-grid uk-grid-small\" uk-grid>\n\n                    \n                                        <div><a  data-js-lightbox href=\"\/wp-content\/uploads\/2022\/09\/Training_img_5.jpg\" data-type=\"image\" data-caption=\"Training Img 5\"><\/a><\/div>\n                    \n                <\/div>\n\n            <\/div>\n\n        <\/div>\n    \n    \n<\/div>\n        <\/div>\n\n                    \n        <div>\n        \n<div class=\"uk-panel\">\n\n    \n        <div class=\"uk-inline-clip uk-transition-toggle \">\n\n            <img src=\"\/wp-content\/uploads\/2022\/09\/Training_img_6.jpg\" class=\"uk-transition-scale-up uk-transition-opaque\" alt=\"Training Img 6\">\n            \n                        <div class=\"uk-overlay uk-overlay-primary uk-position-cover uk-transition-fade\"><\/div>\n            \n            \n                                                                        <a class=\"uk-position-cover\" data-js-lightbox href=\"\/wp-content\/uploads\/2022\/09\/Training_img_6.jpg\" data-type=\"image\" data-caption=\"Training Img 6\"><\/a>\n                                                \n        <\/div>\n\n    \n            <div class=\"uk-grid-small uk-flex-middle\" uk-grid>\n\n            \n            <div class=\"uk-width-auto\">\n\n                <div class=\"uk-grid uk-grid-small\" uk-grid>\n\n                    \n                                        <div><a  data-js-lightbox href=\"\/wp-content\/uploads\/2022\/09\/Training_img_6.jpg\" data-type=\"image\" data-caption=\"Training Img 6\"><\/a><\/div>\n                    \n                <\/div>\n\n            <\/div>\n\n        <\/div>\n    \n    \n<\/div>\n        <\/div>\n\n            \n    <\/div>\n\n\n\n<script>\n\n    (function(UIkit){\n\n        var $ = UIkit.util;\n\n        $.ready(function () {\n            if (!$.$('.uk-gallery-container')) {\n                $.append(document.body, '<div class=\"uk-scope uk-gallery-container\">');\n            }\n        });\n\n    })(window.UIkitwk || window.UIkit);\n\n<\/script>\n<\/div>\r\n<\/div>\r\n<div class=\"container\">\r\n<div class=\"accordion-body\">\r\n  <div class=\"accordion\">\r\n    <div class=\"container\">\r\n      <div class=\"label\">Najbolji sa najboljima.<\/div>\r\n      <div class=\"content\"><p>Najve\u0107a imena srpskog i svetskog tenisa, Novakovi saradnici i kolege iz reprezentacije koji su sa na\u0161im \u0161ampionom u protekle dve decenije pro\u0161li sve \u0161to se u tenisu i sportu mo\u017ee pro\u0107i, \u010dine srce trenerskog tima koji vas \u010deka na  terenima Centra. Oni vam ne\u0107e samo preneti znanja i pomo\u0107i da usavr\u0161ite tenisku ve\u0161tinu. Dosledno ideji u koju na\u0161 osniva\u010d veruje, na\u0161i treneri \u0107e biti posve\u0107eni ideji da svaki polaznik u sebi probudi i afrimi\u0161e ono najbolje u svakom smislu \u2013 ba\u0161 ono \u0161to sutra, na terenu, pravi razliku izme\u0111u pobednika, \u0161ampiona i velikog \u0161ampiona.<\/p>\r\n\r\n<\/div>\r\n    <\/div>\r\n  <\/div><\/div>\r\n<\/div>\r\n\r\n<\/div>","protected":false},"excerpt":{"rendered":"<p>Najbolji sa najboljima. Najve\u0107a imena srpskog i svetskog tenisa, Novakovi saradnici i kolege iz reprezentacije koji su sa na\u0161im \u0161ampionom u protekle dve decenije pro\u0161li sve \u0161to se u tenisu i sportu mo\u017ee pro\u0107i, \u010dine srce trenerskog tima koji vas \u010deka na terenima Centra. Oni vam ne\u0107e samo preneti znanja i pomo\u0107i da usavr\u0161ite tenisku [&hellip;]<\/p>\n","protected":false},"author":1,"featured_media":0,"parent":4108,"menu_order":0,"comment_status":"closed","ping_status":"closed","template":"template-facilities.php","meta":[],"godina":[],"acf":[],"_links":{"self":[{"href":"https:\/\/ntc.server.develop.in.rs\/sr\/wp-json\/wp\/v2\/pages\/4117"}],"collection":[{"href":"https:\/\/ntc.server.develop.in.rs\/sr\/wp-json\/wp\/v2\/pages"}],"about":[{"href":"https:\/\/ntc.server.develop.in.rs\/sr\/wp-json\/wp\/v2\/types\/page"}],"author":[{"embeddable":true,"href":"https:\/\/ntc.server.develop.in.rs\/sr\/wp-json\/wp\/v2\/users\/1"}],"replies":[{"embeddable":true,"href":"https:\/\/ntc.server.develop.in.rs\/sr\/wp-json\/wp\/v2\/comments?post=4117"}],"version-history":[{"count":6,"href":"https:\/\/ntc.server.develop.in.rs\/sr\/wp-json\/wp\/v2\/pages\/4117\/revisions"}],"predecessor-version":[{"id":5765,"href":"https:\/\/ntc.server.develop.in.rs\/sr\/wp-json\/wp\/v2\/pages\/4117\/revisions\/5765"}],"up":[{"embeddable":true,"href":"https:\/\/ntc.server.develop.in.rs\/sr\/wp-json\/wp\/v2\/pages\/4108"}],"wp:attachment":[{"href":"https:\/\/ntc.server.develop.in.rs\/sr\/wp-json\/wp\/v2\/media?parent=4117"}],"wp:term":[{"taxonomy":"godina","embeddable":true,"href":"https:\/\/ntc.server.develop.in.rs\/sr\/wp-json\/wp\/v2\/godina?post=4117"}],"curies":[{"name":"wp","href":"https:\/\/api.w.org\/{rel}","templated":true}]}}