{"id":4115,"date":"2022-06-22T19:12:31","date_gmt":"2022-06-22T19:12:31","guid":{"rendered":"https:\/\/www.beta.novaktenniscenter.com\/?page_id=4115"},"modified":"2022-12-02T17:08:40","modified_gmt":"2022-12-02T17:08:40","slug":"nutricija","status":"publish","type":"page","link":"https:\/\/ntc.server.develop.in.rs\/sr\/programi\/nutricija\/","title":{"rendered":"Nutricija"},"content":{"rendered":"<div class=\"fitness fitness_new\">\r\n<div class=\"facilities_pictures\">\r\n<div class=\"uk-scope\">\n\n    <div id=\"wk-griddfa\" class=\"uk-child-width-1-1 uk-child-width-1-2@s uk-child-width-1-2@m uk-child-width-1-2@l uk-child-width-1-2@xl uk-grid-small uk-grid-match \" uk-height-match=\"target: &gt; div &gt; .uk-panel, &gt; div &gt; .uk-card; row: true\" uk-grid  uk-scrollspy=\"cls: uk-animation-fade; target: &gt; div &gt; .uk-panel, &gt; div &gt; .uk-card; delay: 200\" uk-lightbox=\"container: .uk-gallery-container; toggle: a[data-js-lightbox]\">\n\n            \n        <div>\n        \n<div class=\"uk-panel\">\n\n    \n        <div class=\"uk-inline-clip uk-transition-toggle \">\n\n            <img src=\"\/wp-content\/uploads\/2022\/09\/Nutrition_img_1.jpg\" class=\"uk-transition-scale-up uk-transition-opaque\" alt=\"Nutrition Img 1\">\n            \n                        <div class=\"uk-overlay uk-overlay-primary uk-position-cover uk-transition-fade\"><\/div>\n            \n            \n                                                                        <a class=\"uk-position-cover\" data-js-lightbox href=\"\/wp-content\/uploads\/2022\/09\/Nutrition_img_1.jpg\" data-type=\"image\" data-caption=\"Nutrition Img 1\"><\/a>\n                                                \n        <\/div>\n\n    \n            <div class=\"uk-grid-small uk-flex-middle\" uk-grid>\n\n            \n            <div class=\"uk-width-auto\">\n\n                <div class=\"uk-grid uk-grid-small\" uk-grid>\n\n                    \n                                        <div><a  data-js-lightbox href=\"\/wp-content\/uploads\/2022\/09\/Nutrition_img_1.jpg\" data-type=\"image\" data-caption=\"Nutrition Img 1\"><\/a><\/div>\n                    \n                <\/div>\n\n            <\/div>\n\n        <\/div>\n    \n    \n<\/div>\n        <\/div>\n\n                    \n        <div>\n        \n<div class=\"uk-panel\">\n\n    \n        <div class=\"uk-inline-clip uk-transition-toggle \">\n\n            <img src=\"\/wp-content\/uploads\/2022\/09\/Nutrition_img_2.jpg\" class=\"uk-transition-scale-up uk-transition-opaque\" alt=\"Nutrition Img 2\">\n            \n                        <div class=\"uk-overlay uk-overlay-primary uk-position-cover uk-transition-fade\"><\/div>\n            \n            \n                                                                        <a class=\"uk-position-cover\" data-js-lightbox href=\"\/wp-content\/uploads\/2022\/09\/Nutrition_img_2.jpg\" data-type=\"image\" data-caption=\"Nutrition Img 2\"><\/a>\n                                                \n        <\/div>\n\n    \n            <div class=\"uk-grid-small uk-flex-middle\" uk-grid>\n\n            \n            <div class=\"uk-width-auto\">\n\n                <div class=\"uk-grid uk-grid-small\" uk-grid>\n\n                    \n                                        <div><a  data-js-lightbox href=\"\/wp-content\/uploads\/2022\/09\/Nutrition_img_2.jpg\" data-type=\"image\" data-caption=\"Nutrition Img 2\"><\/a><\/div>\n                    \n                <\/div>\n\n            <\/div>\n\n        <\/div>\n    \n    \n<\/div>\n        <\/div>\n\n                    \n        <div>\n        \n<div class=\"uk-panel\">\n\n    \n        <div class=\"uk-inline-clip uk-transition-toggle \">\n\n            <img src=\"\/wp-content\/uploads\/2022\/09\/Nutrition_img_3.jpg\" class=\"uk-transition-scale-up uk-transition-opaque\" alt=\"Nutrition Img 3\">\n            \n                        <div class=\"uk-overlay uk-overlay-primary uk-position-cover uk-transition-fade\"><\/div>\n            \n            \n                                                                        <a class=\"uk-position-cover\" data-js-lightbox href=\"\/wp-content\/uploads\/2022\/09\/Nutrition_img_3.jpg\" data-type=\"image\" data-caption=\"Nutrition Img 3\"><\/a>\n                                                \n        <\/div>\n\n    \n            <div class=\"uk-grid-small uk-flex-middle\" uk-grid>\n\n            \n            <div class=\"uk-width-auto\">\n\n                <div class=\"uk-grid uk-grid-small\" uk-grid>\n\n                    \n                                        <div><a  data-js-lightbox href=\"\/wp-content\/uploads\/2022\/09\/Nutrition_img_3.jpg\" data-type=\"image\" data-caption=\"Nutrition Img 3\"><\/a><\/div>\n                    \n                <\/div>\n\n            <\/div>\n\n        <\/div>\n    \n    \n<\/div>\n        <\/div>\n\n                    \n        <div>\n        \n<div class=\"uk-panel\">\n\n    \n        <div class=\"uk-inline-clip uk-transition-toggle \">\n\n            <img src=\"\/wp-content\/uploads\/2022\/12\/nutrition.jpg\" class=\"uk-transition-scale-up uk-transition-opaque\" alt=\"Nutrition Img 4\">\n            \n                        <div class=\"uk-overlay uk-overlay-primary uk-position-cover uk-transition-fade\"><\/div>\n            \n            \n                                                                        <a class=\"uk-position-cover\" data-js-lightbox href=\"\/wp-content\/uploads\/2022\/12\/nutrition.jpg\" data-type=\"image\" data-caption=\"Nutrition Img 4\"><\/a>\n                                                \n        <\/div>\n\n    \n            <div class=\"uk-grid-small uk-flex-middle\" uk-grid>\n\n            \n            <div class=\"uk-width-auto\">\n\n                <div class=\"uk-grid uk-grid-small\" uk-grid>\n\n                    \n                                        <div><a  data-js-lightbox href=\"\/wp-content\/uploads\/2022\/12\/nutrition.jpg\" data-type=\"image\" data-caption=\"Nutrition Img 4\"><\/a><\/div>\n                    \n                <\/div>\n\n            <\/div>\n\n        <\/div>\n    \n    \n<\/div>\n        <\/div>\n\n                    \n        <div>\n        \n<div class=\"uk-panel\">\n\n    \n        <div class=\"uk-inline-clip uk-transition-toggle \">\n\n            <img src=\"\/wp-content\/uploads\/2022\/09\/Nutrition_img_5.jpg\" class=\"uk-transition-scale-up uk-transition-opaque\" alt=\"Nutrition Img 5\">\n            \n                        <div class=\"uk-overlay uk-overlay-primary uk-position-cover uk-transition-fade\"><\/div>\n            \n            \n                                                                        <a class=\"uk-position-cover\" data-js-lightbox href=\"\/wp-content\/uploads\/2022\/09\/Nutrition_img_5.jpg\" data-type=\"image\" data-caption=\"Nutrition Img 5\"><\/a>\n                                                \n        <\/div>\n\n    \n            <div class=\"uk-grid-small uk-flex-middle\" uk-grid>\n\n            \n            <div class=\"uk-width-auto\">\n\n                <div class=\"uk-grid uk-grid-small\" uk-grid>\n\n                    \n                                        <div><a  data-js-lightbox href=\"\/wp-content\/uploads\/2022\/09\/Nutrition_img_5.jpg\" data-type=\"image\" data-caption=\"Nutrition Img 5\"><\/a><\/div>\n                    \n                <\/div>\n\n            <\/div>\n\n        <\/div>\n    \n    \n<\/div>\n        <\/div>\n\n                    \n        <div>\n        \n<div class=\"uk-panel\">\n\n    \n        <div class=\"uk-inline-clip uk-transition-toggle \">\n\n            <img src=\"\/wp-content\/uploads\/2022\/12\/nutrition-slika-poslednja.jpg\" class=\"uk-transition-scale-up uk-transition-opaque\" alt=\"Nutrition Slika Poslednja\">\n            \n                        <div class=\"uk-overlay uk-overlay-primary uk-position-cover uk-transition-fade\"><\/div>\n            \n            \n                                                                        <a class=\"uk-position-cover\" data-js-lightbox href=\"\/wp-content\/uploads\/2022\/12\/nutrition-slika-poslednja.jpg\" data-type=\"image\" data-caption=\"Nutrition Slika Poslednja\"><\/a>\n                                                \n        <\/div>\n\n    \n            <div class=\"uk-grid-small uk-flex-middle\" uk-grid>\n\n            \n            <div class=\"uk-width-auto\">\n\n                <div class=\"uk-grid uk-grid-small\" uk-grid>\n\n                    \n                                        <div><a  data-js-lightbox href=\"\/wp-content\/uploads\/2022\/12\/nutrition-slika-poslednja.jpg\" data-type=\"image\" data-caption=\"Nutrition Slika Poslednja\"><\/a><\/div>\n                    \n                <\/div>\n\n            <\/div>\n\n        <\/div>\n    \n    \n<\/div>\n        <\/div>\n\n            \n    <\/div>\n\n\n\n<script>\n\n    (function(UIkit){\n\n        var $ = UIkit.util;\n\n        $.ready(function () {\n            if (!$.$('.uk-gallery-container')) {\n                $.append(document.body, '<div class=\"uk-scope uk-gallery-container\">');\n            }\n        });\n\n    })(window.UIkitwk || window.UIkit);\n\n<\/script>\n<\/div>\r\n<\/div>\r\n<div class=\"container\">\r\n\r\n<div class=\"accordion-body\">\r\n  <div class=\"accordion\">\r\n    <div class=\"container\">\r\n      <div class=\"label\">Mo\u0107 novog pristupa<\/div>\r\n      <div class=\"content\"><p>Mo\u017eda i najspecifi\u010dnija novina od mnogih koju je veliki \u0161ampion doneo i  sportu i druga\u010dijem razumevanju tela i pona\u0161anja jednog atelete je upravo ono \u0161to sportista unosi u telo kroz &#8211; ishranu.  Bezmalo revolucionarnan, poseban i holisti\u010dki pristup nije samo put prema pobedama, nego i ka zdravlju. Bez pa\u017eljivo kreiranog plana ishrane izosta\u0107e i rezultati najvi\u0161eg reda. Bilo da su ti rezultati vezani za profesionalni sport ili za svakodnevni \u017eivot, NTC je tu da vam pomogne da kroz druga\u010diju i pa\u017eljivo osmi\u0161ljenu dijetu postignete puni unutra\u0161nji balans.<\/p>\r\n\r\n<\/div>\r\n    <\/div>\r\n  <\/div><\/div>\r\n<\/div>\r\n\r\n<\/div>","protected":false},"excerpt":{"rendered":"<p>Mo\u0107 novog pristupa Mo\u017eda i najspecifi\u010dnija novina od mnogih koju je veliki \u0161ampion doneo i sportu i druga\u010dijem razumevanju tela i pona\u0161anja jednog atelete je upravo ono \u0161to sportista unosi u telo kroz &#8211; ishranu. Bezmalo revolucionarnan, poseban i holisti\u010dki pristup nije samo put prema pobedama, nego i ka zdravlju. Bez pa\u017eljivo kreiranog plana ishrane [&hellip;]<\/p>\n","protected":false},"author":1,"featured_media":0,"parent":4108,"menu_order":0,"comment_status":"closed","ping_status":"closed","template":"template-facilities.php","meta":[],"godina":[],"acf":[],"_links":{"self":[{"href":"https:\/\/ntc.server.develop.in.rs\/sr\/wp-json\/wp\/v2\/pages\/4115"}],"collection":[{"href":"https:\/\/ntc.server.develop.in.rs\/sr\/wp-json\/wp\/v2\/pages"}],"about":[{"href":"https:\/\/ntc.server.develop.in.rs\/sr\/wp-json\/wp\/v2\/types\/page"}],"author":[{"embeddable":true,"href":"https:\/\/ntc.server.develop.in.rs\/sr\/wp-json\/wp\/v2\/users\/1"}],"replies":[{"embeddable":true,"href":"https:\/\/ntc.server.develop.in.rs\/sr\/wp-json\/wp\/v2\/comments?post=4115"}],"version-history":[{"count":7,"href":"https:\/\/ntc.server.develop.in.rs\/sr\/wp-json\/wp\/v2\/pages\/4115\/revisions"}],"predecessor-version":[{"id":6123,"href":"https:\/\/ntc.server.develop.in.rs\/sr\/wp-json\/wp\/v2\/pages\/4115\/revisions\/6123"}],"up":[{"embeddable":true,"href":"https:\/\/ntc.server.develop.in.rs\/sr\/wp-json\/wp\/v2\/pages\/4108"}],"wp:attachment":[{"href":"https:\/\/ntc.server.develop.in.rs\/sr\/wp-json\/wp\/v2\/media?parent=4115"}],"wp:term":[{"taxonomy":"godina","embeddable":true,"href":"https:\/\/ntc.server.develop.in.rs\/sr\/wp-json\/wp\/v2\/godina?post=4115"}],"curies":[{"name":"wp","href":"https:\/\/api.w.org\/{rel}","templated":true}]}}