{"id":4110,"date":"2022-06-22T19:11:34","date_gmt":"2022-06-22T19:11:34","guid":{"rendered":"https:\/\/www.beta.novaktenniscenter.com\/?page_id=4110"},"modified":"2022-09-28T20:49:34","modified_gmt":"2022-09-28T20:49:34","slug":"skola-tenisa","status":"publish","type":"page","link":"https:\/\/ntc.server.develop.in.rs\/sr\/programi\/skola-tenisa\/","title":{"rendered":"\u0160kola tenisa"},"content":{"rendered":"<div class=\"fitness fitness_new\">\r\n<div class=\"facilities_pictures\">\r\n<div class=\"uk-scope\">\n\n    <div id=\"wk-grid84e\" class=\"uk-child-width-1-1 uk-child-width-1-2@s uk-child-width-1-2@m uk-child-width-1-2@l uk-child-width-1-2@xl uk-grid-small uk-grid-match \" uk-height-match=\"target: &gt; div &gt; .uk-panel, &gt; div &gt; .uk-card; row: true\" uk-grid  uk-scrollspy=\"cls: uk-animation-fade; target: &gt; div &gt; .uk-panel, &gt; div &gt; .uk-card; delay: 200\" uk-lightbox=\"container: .uk-gallery-container; toggle: a[data-js-lightbox]\">\n\n            \n        <div>\n        \n<div class=\"uk-panel\">\n\n    \n        <div class=\"uk-inline-clip uk-transition-toggle \">\n\n            <img src=\"\/wp-content\/uploads\/2022\/09\/Tennis_School_img_1.jpg\" class=\"uk-transition-scale-up uk-transition-opaque\" alt=\"Tennis School Img 1\">\n            \n                        <div class=\"uk-overlay uk-overlay-primary uk-position-cover uk-transition-fade\"><\/div>\n            \n            \n                                                                        <a class=\"uk-position-cover\" data-js-lightbox href=\"\/wp-content\/uploads\/2022\/09\/Tennis_School_img_1.jpg\" data-type=\"image\" data-caption=\"Tennis School Img 1\"><\/a>\n                                                \n        <\/div>\n\n    \n            <div class=\"uk-grid-small uk-flex-middle\" uk-grid>\n\n            \n            <div class=\"uk-width-auto\">\n\n                <div class=\"uk-grid uk-grid-small\" uk-grid>\n\n                    \n                                        <div><a  data-js-lightbox href=\"\/wp-content\/uploads\/2022\/09\/Tennis_School_img_1.jpg\" data-type=\"image\" data-caption=\"Tennis School Img 1\"><\/a><\/div>\n                    \n                <\/div>\n\n            <\/div>\n\n        <\/div>\n    \n    \n<\/div>\n        <\/div>\n\n                    \n        <div>\n        \n<div class=\"uk-panel\">\n\n    \n        <div class=\"uk-inline-clip uk-transition-toggle \">\n\n            <img src=\"\/wp-content\/uploads\/2022\/09\/Tennis_School_img_2.jpg\" class=\"uk-transition-scale-up uk-transition-opaque\" alt=\"Tennis School Img 2\">\n            \n                        <div class=\"uk-overlay uk-overlay-primary uk-position-cover uk-transition-fade\"><\/div>\n            \n            \n                                                                        <a class=\"uk-position-cover\" data-js-lightbox href=\"\/wp-content\/uploads\/2022\/09\/Tennis_School_img_2.jpg\" data-type=\"image\" data-caption=\"Tennis School Img 2\"><\/a>\n                                                \n        <\/div>\n\n    \n            <div class=\"uk-grid-small uk-flex-middle\" uk-grid>\n\n            \n            <div class=\"uk-width-auto\">\n\n                <div class=\"uk-grid uk-grid-small\" uk-grid>\n\n                    \n                                        <div><a  data-js-lightbox href=\"\/wp-content\/uploads\/2022\/09\/Tennis_School_img_2.jpg\" data-type=\"image\" data-caption=\"Tennis School Img 2\"><\/a><\/div>\n                    \n                <\/div>\n\n            <\/div>\n\n        <\/div>\n    \n    \n<\/div>\n        <\/div>\n\n                    \n        <div>\n        \n<div class=\"uk-panel\">\n\n    \n        <div class=\"uk-inline-clip uk-transition-toggle \">\n\n            <img src=\"\/wp-content\/uploads\/2022\/09\/Tennis_School_img_3.jpg\" class=\"uk-transition-scale-up uk-transition-opaque\" alt=\"Tennis School Img 3\">\n            \n                        <div class=\"uk-overlay uk-overlay-primary uk-position-cover uk-transition-fade\"><\/div>\n            \n            \n                                                                        <a class=\"uk-position-cover\" data-js-lightbox href=\"\/wp-content\/uploads\/2022\/09\/Tennis_School_img_3.jpg\" data-type=\"image\" data-caption=\"Tennis School Img 3\"><\/a>\n                                                \n        <\/div>\n\n    \n            <div class=\"uk-grid-small uk-flex-middle\" uk-grid>\n\n            \n            <div class=\"uk-width-auto\">\n\n                <div class=\"uk-grid uk-grid-small\" uk-grid>\n\n                    \n                                        <div><a  data-js-lightbox href=\"\/wp-content\/uploads\/2022\/09\/Tennis_School_img_3.jpg\" data-type=\"image\" data-caption=\"Tennis School Img 3\"><\/a><\/div>\n                    \n                <\/div>\n\n            <\/div>\n\n        <\/div>\n    \n    \n<\/div>\n        <\/div>\n\n                    \n        <div>\n        \n<div class=\"uk-panel\">\n\n    \n        <div class=\"uk-inline-clip uk-transition-toggle \">\n\n            <img src=\"\/wp-content\/uploads\/2022\/09\/Tennis_School_img_4.jpg\" class=\"uk-transition-scale-up uk-transition-opaque\" alt=\"Tennis School Img 4\">\n            \n                        <div class=\"uk-overlay uk-overlay-primary uk-position-cover uk-transition-fade\"><\/div>\n            \n            \n                                                                        <a class=\"uk-position-cover\" data-js-lightbox href=\"\/wp-content\/uploads\/2022\/09\/Tennis_School_img_4.jpg\" data-type=\"image\" data-caption=\"Tennis School Img 4\"><\/a>\n                                                \n        <\/div>\n\n    \n            <div class=\"uk-grid-small uk-flex-middle\" uk-grid>\n\n            \n            <div class=\"uk-width-auto\">\n\n                <div class=\"uk-grid uk-grid-small\" uk-grid>\n\n                    \n                                        <div><a  data-js-lightbox href=\"\/wp-content\/uploads\/2022\/09\/Tennis_School_img_4.jpg\" data-type=\"image\" data-caption=\"Tennis School Img 4\"><\/a><\/div>\n                    \n                <\/div>\n\n            <\/div>\n\n        <\/div>\n    \n    \n<\/div>\n        <\/div>\n\n            \n    <\/div>\n\n\n\n<script>\n\n    (function(UIkit){\n\n        var $ = UIkit.util;\n\n        $.ready(function () {\n            if (!$.$('.uk-gallery-container')) {\n                $.append(document.body, '<div class=\"uk-scope uk-gallery-container\">');\n            }\n        });\n\n    })(window.UIkitwk || window.UIkit);\n\n<\/script>\n<\/div>\r\n<\/div>\r\n<div class=\"container\">\r\n\r\n<div class=\"accordion-body\">\r\n  <div class=\"accordion\">\r\n    <div class=\"container\">\r\n      <div class=\"label\">Mali veliki koraci<\/div>\r\n      <div class=\"content\"><p>Uprkos intenzivnom, ponekad efikasnom, ali i preranom uplivu tehnologije, ambicije i uop\u0161te industrije u sport, za devoj\u010dice i de\u010dake uzrasta od 5 do 12 godina tenis mora pre svega da bude \u2013 igra u kojoj se u\u017eiva! Tako dete nau\u010di da prvo voli, a tek onda usavr\u0161ava sport. Sto pedeset razigranih mali\u0161ana u Novak Tennis Centru idu putevima \u0161ampiona \u2013 bez obzira na to ho\u0107e li se jednog dana ostvariti kao teniski ili asovi u nekom drugom \u017eivotnom polju.<\/p>\r\n\r\n<\/div>\r\n    <\/div>\r\n  <\/div><\/div>\r\n<\/div>\r\n\r\n<\/div>","protected":false},"excerpt":{"rendered":"<p>Mali veliki koraci Uprkos intenzivnom, ponekad efikasnom, ali i preranom uplivu tehnologije, ambicije i uop\u0161te industrije u sport, za devoj\u010dice i de\u010dake uzrasta od 5 do 12 godina tenis mora pre svega da bude \u2013 igra u kojoj se u\u017eiva! Tako dete nau\u010di da prvo voli, a tek onda usavr\u0161ava sport. Sto pedeset razigranih mali\u0161ana [&hellip;]<\/p>\n","protected":false},"author":1,"featured_media":0,"parent":4108,"menu_order":0,"comment_status":"closed","ping_status":"closed","template":"template-facilities.php","meta":[],"godina":[],"acf":[],"_links":{"self":[{"href":"https:\/\/ntc.server.develop.in.rs\/sr\/wp-json\/wp\/v2\/pages\/4110"}],"collection":[{"href":"https:\/\/ntc.server.develop.in.rs\/sr\/wp-json\/wp\/v2\/pages"}],"about":[{"href":"https:\/\/ntc.server.develop.in.rs\/sr\/wp-json\/wp\/v2\/types\/page"}],"author":[{"embeddable":true,"href":"https:\/\/ntc.server.develop.in.rs\/sr\/wp-json\/wp\/v2\/users\/1"}],"replies":[{"embeddable":true,"href":"https:\/\/ntc.server.develop.in.rs\/sr\/wp-json\/wp\/v2\/comments?post=4110"}],"version-history":[{"count":5,"href":"https:\/\/ntc.server.develop.in.rs\/sr\/wp-json\/wp\/v2\/pages\/4110\/revisions"}],"predecessor-version":[{"id":5757,"href":"https:\/\/ntc.server.develop.in.rs\/sr\/wp-json\/wp\/v2\/pages\/4110\/revisions\/5757"}],"up":[{"embeddable":true,"href":"https:\/\/ntc.server.develop.in.rs\/sr\/wp-json\/wp\/v2\/pages\/4108"}],"wp:attachment":[{"href":"https:\/\/ntc.server.develop.in.rs\/sr\/wp-json\/wp\/v2\/media?parent=4110"}],"wp:term":[{"taxonomy":"godina","embeddable":true,"href":"https:\/\/ntc.server.develop.in.rs\/sr\/wp-json\/wp\/v2\/godina?post=4110"}],"curies":[{"name":"wp","href":"https:\/\/api.w.org\/{rel}","templated":true}]}}