{"id":4104,"date":"2022-06-22T19:10:39","date_gmt":"2022-06-22T19:10:39","guid":{"rendered":"https:\/\/www.beta.novaktenniscenter.com\/?page_id=4104"},"modified":"2022-09-28T20:47:47","modified_gmt":"2022-09-28T20:47:47","slug":"igraliste","status":"publish","type":"page","link":"https:\/\/ntc.server.develop.in.rs\/sr\/prostorije-centra\/igraliste\/","title":{"rendered":"Igrali\u0161te"},"content":{"rendered":"<div class=\"fitness fitness_new\">\r\n<div class=\"facilities_pictures\">\r\n<div class=\"uk-scope\">\n\n    <div id=\"wk-grided0\" class=\"uk-child-width-1-1 uk-child-width-1-2@s uk-child-width-1-2@m uk-child-width-1-2@l uk-child-width-1-2@xl uk-grid-small uk-grid-match \" uk-height-match=\"target: &gt; div &gt; .uk-panel, &gt; div &gt; .uk-card; row: true\" uk-grid  uk-scrollspy=\"cls: uk-animation-fade; target: &gt; div &gt; .uk-panel, &gt; div &gt; .uk-card; delay: 200\" uk-lightbox=\"container: .uk-gallery-container; toggle: a[data-js-lightbox]\">\n\n            \n        <div>\n        \n<div class=\"uk-panel\">\n\n    \n        <div class=\"uk-inline-clip uk-transition-toggle \">\n\n            <img src=\"\/wp-content\/uploads\/2022\/09\/Playground_img_1.jpg\" class=\"uk-transition-scale-up uk-transition-opaque\" alt=\"Playground Img 1\">\n            \n                        <div class=\"uk-overlay uk-overlay-primary uk-position-cover uk-transition-fade\"><\/div>\n            \n            \n                                                                        <a class=\"uk-position-cover\" data-js-lightbox href=\"\/wp-content\/uploads\/2022\/09\/Playground_img_1.jpg\" data-type=\"image\" data-caption=\"Playground Img 1\"><\/a>\n                                                \n        <\/div>\n\n    \n            <div class=\"uk-grid-small uk-flex-middle\" uk-grid>\n\n            \n            <div class=\"uk-width-auto\">\n\n                <div class=\"uk-grid uk-grid-small\" uk-grid>\n\n                    \n                                        <div><a  data-js-lightbox href=\"\/wp-content\/uploads\/2022\/09\/Playground_img_1.jpg\" data-type=\"image\" data-caption=\"Playground Img 1\"><\/a><\/div>\n                    \n                <\/div>\n\n            <\/div>\n\n        <\/div>\n    \n    \n<\/div>\n        <\/div>\n\n                    \n        <div>\n        \n<div class=\"uk-panel\">\n\n    \n        <div class=\"uk-inline-clip uk-transition-toggle \">\n\n            <img src=\"\/wp-content\/uploads\/2022\/09\/Playground_img_2.jpg\" class=\"uk-transition-scale-up uk-transition-opaque\" alt=\"Playground Img 2\">\n            \n                        <div class=\"uk-overlay uk-overlay-primary uk-position-cover uk-transition-fade\"><\/div>\n            \n            \n                                                                        <a class=\"uk-position-cover\" data-js-lightbox href=\"\/wp-content\/uploads\/2022\/09\/Playground_img_2.jpg\" data-type=\"image\" data-caption=\"Playground Img 2\"><\/a>\n                                                \n        <\/div>\n\n    \n            <div class=\"uk-grid-small uk-flex-middle\" uk-grid>\n\n            \n            <div class=\"uk-width-auto\">\n\n                <div class=\"uk-grid uk-grid-small\" uk-grid>\n\n                    \n                                        <div><a  data-js-lightbox href=\"\/wp-content\/uploads\/2022\/09\/Playground_img_2.jpg\" data-type=\"image\" data-caption=\"Playground Img 2\"><\/a><\/div>\n                    \n                <\/div>\n\n            <\/div>\n\n        <\/div>\n    \n    \n<\/div>\n        <\/div>\n\n                    \n        <div>\n        \n<div class=\"uk-panel\">\n\n    \n        <div class=\"uk-inline-clip uk-transition-toggle \">\n\n            <img src=\"\/wp-content\/uploads\/2022\/09\/Playground_img_3.jpg\" class=\"uk-transition-scale-up uk-transition-opaque\" alt=\"Playground Img 3\">\n            \n                        <div class=\"uk-overlay uk-overlay-primary uk-position-cover uk-transition-fade\"><\/div>\n            \n            \n                                                                        <a class=\"uk-position-cover\" data-js-lightbox href=\"\/wp-content\/uploads\/2022\/09\/Playground_img_3.jpg\" data-type=\"image\" data-caption=\"Playground Img 3\"><\/a>\n                                                \n        <\/div>\n\n    \n            <div class=\"uk-grid-small uk-flex-middle\" uk-grid>\n\n            \n            <div class=\"uk-width-auto\">\n\n                <div class=\"uk-grid uk-grid-small\" uk-grid>\n\n                    \n                                        <div><a  data-js-lightbox href=\"\/wp-content\/uploads\/2022\/09\/Playground_img_3.jpg\" data-type=\"image\" data-caption=\"Playground Img 3\"><\/a><\/div>\n                    \n                <\/div>\n\n            <\/div>\n\n        <\/div>\n    \n    \n<\/div>\n        <\/div>\n\n                    \n        <div>\n        \n<div class=\"uk-panel\">\n\n    \n        <div class=\"uk-inline-clip uk-transition-toggle \">\n\n            <img src=\"\/wp-content\/uploads\/2022\/09\/Playground_img_4.jpg\" class=\"uk-transition-scale-up uk-transition-opaque\" alt=\"Playground Img 4\">\n            \n                        <div class=\"uk-overlay uk-overlay-primary uk-position-cover uk-transition-fade\"><\/div>\n            \n            \n                                                                        <a class=\"uk-position-cover\" data-js-lightbox href=\"\/wp-content\/uploads\/2022\/09\/Playground_img_4.jpg\" data-type=\"image\" data-caption=\"Playground Img 4\"><\/a>\n                                                \n        <\/div>\n\n    \n            <div class=\"uk-grid-small uk-flex-middle\" uk-grid>\n\n            \n            <div class=\"uk-width-auto\">\n\n                <div class=\"uk-grid uk-grid-small\" uk-grid>\n\n                    \n                                        <div><a  data-js-lightbox href=\"\/wp-content\/uploads\/2022\/09\/Playground_img_4.jpg\" data-type=\"image\" data-caption=\"Playground Img 4\"><\/a><\/div>\n                    \n                <\/div>\n\n            <\/div>\n\n        <\/div>\n    \n    \n<\/div>\n        <\/div>\n\n            \n    <\/div>\n\n\n\n<script>\n\n    (function(UIkit){\n\n        var $ = UIkit.util;\n\n        $.ready(function () {\n            if (!$.$('.uk-gallery-container')) {\n                $.append(document.body, '<div class=\"uk-scope uk-gallery-container\">');\n            }\n        });\n\n    })(window.UIkitwk || window.UIkit);\n\n<\/script>\n<\/div>\r\n<\/div>\r\n<div class=\"container\">\r\n<div class=\"accordion-body\">\r\n  <div class=\"accordion\">\r\n    <div class=\"container\">\r\n      <div class=\"label\">Tri, \u010detiri \u2013 NTC!<\/div>\r\n      <div class=\"content\"><p>Za najmla\u0111e, a i one malo starije \u2013 u Novak TC, sve po\u010dinje i zavr\u0161ava upravo igrom! Okru\u017eeno zelenilom, u\u0161u\u0161kanim ku\u0107icama, trampolinom, toboganom i velikom povr\u0161inom, de\u010dje igrali\u0161te je mesto gde dete slobodno tr\u010di, usavr\u0161ava motoriku dok se igra, vozi rolere, u\u017eiva i upoznaje se. Sa sobom ili drugom decom. Dok sa roditeljima \u010deka ili dok ga \u010dekaju. Na kraju dana, sve je igra.<\/p>\r\n\r\n<\/div>\r\n    <\/div>\r\n  <\/div><\/div>\r\n<\/div>\r\n\r\n<\/div>","protected":false},"excerpt":{"rendered":"<p>Tri, \u010detiri \u2013 NTC! Za najmla\u0111e, a i one malo starije \u2013 u Novak TC, sve po\u010dinje i zavr\u0161ava upravo igrom! Okru\u017eeno zelenilom, u\u0161u\u0161kanim ku\u0107icama, trampolinom, toboganom i velikom povr\u0161inom, de\u010dje igrali\u0161te je mesto gde dete slobodno tr\u010di, usavr\u0161ava motoriku dok se igra, vozi rolere, u\u017eiva i upoznaje se. Sa sobom ili drugom decom. Dok [&hellip;]<\/p>\n","protected":false},"author":1,"featured_media":0,"parent":4094,"menu_order":0,"comment_status":"closed","ping_status":"closed","template":"template-facilities.php","meta":[],"godina":[],"acf":[],"_links":{"self":[{"href":"https:\/\/ntc.server.develop.in.rs\/sr\/wp-json\/wp\/v2\/pages\/4104"}],"collection":[{"href":"https:\/\/ntc.server.develop.in.rs\/sr\/wp-json\/wp\/v2\/pages"}],"about":[{"href":"https:\/\/ntc.server.develop.in.rs\/sr\/wp-json\/wp\/v2\/types\/page"}],"author":[{"embeddable":true,"href":"https:\/\/ntc.server.develop.in.rs\/sr\/wp-json\/wp\/v2\/users\/1"}],"replies":[{"embeddable":true,"href":"https:\/\/ntc.server.develop.in.rs\/sr\/wp-json\/wp\/v2\/comments?post=4104"}],"version-history":[{"count":6,"href":"https:\/\/ntc.server.develop.in.rs\/sr\/wp-json\/wp\/v2\/pages\/4104\/revisions"}],"predecessor-version":[{"id":5753,"href":"https:\/\/ntc.server.develop.in.rs\/sr\/wp-json\/wp\/v2\/pages\/4104\/revisions\/5753"}],"up":[{"embeddable":true,"href":"https:\/\/ntc.server.develop.in.rs\/sr\/wp-json\/wp\/v2\/pages\/4094"}],"wp:attachment":[{"href":"https:\/\/ntc.server.develop.in.rs\/sr\/wp-json\/wp\/v2\/media?parent=4104"}],"wp:term":[{"taxonomy":"godina","embeddable":true,"href":"https:\/\/ntc.server.develop.in.rs\/sr\/wp-json\/wp\/v2\/godina?post=4104"}],"curies":[{"name":"wp","href":"https:\/\/api.w.org\/{rel}","templated":true}]}}