{"id":4102,"date":"2022-06-22T19:10:20","date_gmt":"2022-06-22T19:10:20","guid":{"rendered":"https:\/\/www.beta.novaktenniscenter.com\/?page_id=4102"},"modified":"2022-09-28T20:41:36","modified_gmt":"2022-09-28T20:41:36","slug":"restoran","status":"publish","type":"page","link":"https:\/\/ntc.server.develop.in.rs\/sr\/prostorije-centra\/restoran\/","title":{"rendered":"Restoran"},"content":{"rendered":"<div class=\"fitness fitness_new\">\r\n<div class=\"facilities_pictures\">\r\n<div class=\"uk-scope\">\n\n    <div id=\"wk-grid7a1\" class=\"uk-child-width-1-1 uk-child-width-1-2@s uk-child-width-1-2@m uk-child-width-1-2@l uk-child-width-1-2@xl uk-grid-small uk-grid-match \" uk-height-match=\"target: &gt; div &gt; .uk-panel, &gt; div &gt; .uk-card; row: true\" uk-grid  uk-scrollspy=\"cls: uk-animation-fade; target: &gt; div &gt; .uk-panel, &gt; div &gt; .uk-card; delay: 200\" uk-lightbox=\"container: .uk-gallery-container; toggle: a[data-js-lightbox]\">\n\n            \n        <div>\n        \n<div class=\"uk-panel\">\n\n    \n        <div class=\"uk-inline-clip uk-transition-toggle \">\n\n            <img src=\"\/wp-content\/uploads\/2022\/09\/Restaurant_img_1.jpg\" class=\"uk-transition-scale-up uk-transition-opaque\" alt=\"Restaurant Img 1\">\n            \n                        <div class=\"uk-overlay uk-overlay-primary uk-position-cover uk-transition-fade\"><\/div>\n            \n            \n                                                                        <a class=\"uk-position-cover\" data-js-lightbox href=\"\/wp-content\/uploads\/2022\/09\/Restaurant_img_1.jpg\" data-type=\"image\" data-caption=\"Restaurant Img 1\"><\/a>\n                                                \n        <\/div>\n\n    \n            <div class=\"uk-grid-small uk-flex-middle\" uk-grid>\n\n            \n            <div class=\"uk-width-auto\">\n\n                <div class=\"uk-grid uk-grid-small\" uk-grid>\n\n                    \n                                        <div><a  data-js-lightbox href=\"\/wp-content\/uploads\/2022\/09\/Restaurant_img_1.jpg\" data-type=\"image\" data-caption=\"Restaurant Img 1\"><\/a><\/div>\n                    \n                <\/div>\n\n            <\/div>\n\n        <\/div>\n    \n    \n<\/div>\n        <\/div>\n\n                    \n        <div>\n        \n<div class=\"uk-panel\">\n\n    \n        <div class=\"uk-inline-clip uk-transition-toggle \">\n\n            <img src=\"\/wp-content\/uploads\/2022\/10\/Restaurant_img_2-copy-1.jpg\" class=\"uk-transition-scale-up uk-transition-opaque\" alt=\"Restaurant Img 2 Copy (1)\">\n            \n                        <div class=\"uk-overlay uk-overlay-primary uk-position-cover uk-transition-fade\"><\/div>\n            \n            \n                                                                        <a class=\"uk-position-cover\" data-js-lightbox href=\"\/wp-content\/uploads\/2022\/10\/Restaurant_img_2-copy-1.jpg\" data-type=\"image\" data-caption=\"Restaurant Img 2 Copy (1)\"><\/a>\n                                                \n        <\/div>\n\n    \n            <div class=\"uk-grid-small uk-flex-middle\" uk-grid>\n\n            \n            <div class=\"uk-width-auto\">\n\n                <div class=\"uk-grid uk-grid-small\" uk-grid>\n\n                    \n                                        <div><a  data-js-lightbox href=\"\/wp-content\/uploads\/2022\/10\/Restaurant_img_2-copy-1.jpg\" data-type=\"image\" data-caption=\"Restaurant Img 2 Copy (1)\"><\/a><\/div>\n                    \n                <\/div>\n\n            <\/div>\n\n        <\/div>\n    \n    \n<\/div>\n        <\/div>\n\n                    \n        <div>\n        \n<div class=\"uk-panel\">\n\n    \n        <div class=\"uk-inline-clip uk-transition-toggle \">\n\n            <img src=\"\/wp-content\/uploads\/2022\/09\/Restaurant_img_3.jpg\" class=\"uk-transition-scale-up uk-transition-opaque\" alt=\"Restaurant Img 3\">\n            \n                        <div class=\"uk-overlay uk-overlay-primary uk-position-cover uk-transition-fade\"><\/div>\n            \n            \n                                                                        <a class=\"uk-position-cover\" data-js-lightbox href=\"\/wp-content\/uploads\/2022\/09\/Restaurant_img_3.jpg\" data-type=\"image\" data-caption=\"Restaurant Img 3\"><\/a>\n                                                \n        <\/div>\n\n    \n            <div class=\"uk-grid-small uk-flex-middle\" uk-grid>\n\n            \n            <div class=\"uk-width-auto\">\n\n                <div class=\"uk-grid uk-grid-small\" uk-grid>\n\n                    \n                                        <div><a  data-js-lightbox href=\"\/wp-content\/uploads\/2022\/09\/Restaurant_img_3.jpg\" data-type=\"image\" data-caption=\"Restaurant Img 3\"><\/a><\/div>\n                    \n                <\/div>\n\n            <\/div>\n\n        <\/div>\n    \n    \n<\/div>\n        <\/div>\n\n                    \n        <div>\n        \n<div class=\"uk-panel\">\n\n    \n        <div class=\"uk-inline-clip uk-transition-toggle \">\n\n            <img src=\"\/wp-content\/uploads\/2022\/09\/Restaurant_img_4.jpg\" class=\"uk-transition-scale-up uk-transition-opaque\" alt=\"Restaurant Img 4\">\n            \n                        <div class=\"uk-overlay uk-overlay-primary uk-position-cover uk-transition-fade\"><\/div>\n            \n            \n                                                                        <a class=\"uk-position-cover\" data-js-lightbox href=\"\/wp-content\/uploads\/2022\/09\/Restaurant_img_4.jpg\" data-type=\"image\" data-caption=\"Restaurant Img 4\"><\/a>\n                                                \n        <\/div>\n\n    \n            <div class=\"uk-grid-small uk-flex-middle\" uk-grid>\n\n            \n            <div class=\"uk-width-auto\">\n\n                <div class=\"uk-grid uk-grid-small\" uk-grid>\n\n                    \n                                        <div><a  data-js-lightbox href=\"\/wp-content\/uploads\/2022\/09\/Restaurant_img_4.jpg\" data-type=\"image\" data-caption=\"Restaurant Img 4\"><\/a><\/div>\n                    \n                <\/div>\n\n            <\/div>\n\n        <\/div>\n    \n    \n<\/div>\n        <\/div>\n\n            \n    <\/div>\n\n\n\n<script>\n\n    (function(UIkit){\n\n        var $ = UIkit.util;\n\n        $.ready(function () {\n            if (!$.$('.uk-gallery-container')) {\n                $.append(document.body, '<div class=\"uk-scope uk-gallery-container\">');\n            }\n        });\n\n    })(window.UIkitwk || window.UIkit);\n\n<\/script>\n<\/div>\r\n<\/div>\r\n<div class=\"container\">\r\n\r\n<div class=\"accordion-body\">\r\n  <div class=\"accordion\">\r\n    <div class=\"container\">\r\n      <div class=\"label\">Ukus pobede.<\/div>\r\n      <div class=\"content\"><p>Novak TC ne otvara samo apetit i glad za trofejima &#8211; u  restoranu na\u0161eg Centra kuhinja je ume\u0161ala prste i po ukusu gastronoma i sladokusaca. Dobro do\u0161li.<\/p>\r\n\r\n<\/div>\r\n    <\/div>\r\n  <\/div><\/div>\r\n<\/div>\r\n\r\n<\/div>","protected":false},"excerpt":{"rendered":"<p>Ukus pobede. Novak TC ne otvara samo apetit i glad za trofejima &#8211; u restoranu na\u0161eg Centra kuhinja je ume\u0161ala prste i po ukusu gastronoma i sladokusaca. Dobro do\u0161li.<\/p>\n","protected":false},"author":1,"featured_media":0,"parent":4094,"menu_order":0,"comment_status":"closed","ping_status":"closed","template":"template-facilities.php","meta":[],"godina":[],"acf":[],"_links":{"self":[{"href":"https:\/\/ntc.server.develop.in.rs\/sr\/wp-json\/wp\/v2\/pages\/4102"}],"collection":[{"href":"https:\/\/ntc.server.develop.in.rs\/sr\/wp-json\/wp\/v2\/pages"}],"about":[{"href":"https:\/\/ntc.server.develop.in.rs\/sr\/wp-json\/wp\/v2\/types\/page"}],"author":[{"embeddable":true,"href":"https:\/\/ntc.server.develop.in.rs\/sr\/wp-json\/wp\/v2\/users\/1"}],"replies":[{"embeddable":true,"href":"https:\/\/ntc.server.develop.in.rs\/sr\/wp-json\/wp\/v2\/comments?post=4102"}],"version-history":[{"count":6,"href":"https:\/\/ntc.server.develop.in.rs\/sr\/wp-json\/wp\/v2\/pages\/4102\/revisions"}],"predecessor-version":[{"id":5737,"href":"https:\/\/ntc.server.develop.in.rs\/sr\/wp-json\/wp\/v2\/pages\/4102\/revisions\/5737"}],"up":[{"embeddable":true,"href":"https:\/\/ntc.server.develop.in.rs\/sr\/wp-json\/wp\/v2\/pages\/4094"}],"wp:attachment":[{"href":"https:\/\/ntc.server.develop.in.rs\/sr\/wp-json\/wp\/v2\/media?parent=4102"}],"wp:term":[{"taxonomy":"godina","embeddable":true,"href":"https:\/\/ntc.server.develop.in.rs\/sr\/wp-json\/wp\/v2\/godina?post=4102"}],"curies":[{"name":"wp","href":"https:\/\/api.w.org\/{rel}","templated":true}]}}