{"id":4096,"date":"2022-06-22T19:09:15","date_gmt":"2022-06-22T19:09:15","guid":{"rendered":"https:\/\/www.beta.novaktenniscenter.com\/?page_id=4096"},"modified":"2022-12-05T15:50:51","modified_gmt":"2022-12-05T15:50:51","slug":"tereni","status":"publish","type":"page","link":"https:\/\/ntc.server.develop.in.rs\/sr\/prostorije-centra\/tereni\/","title":{"rendered":"Tereni"},"content":{"rendered":"<div class=\"fitness fitness_new\">\r\n<div class=\"facilities_pictures\"><div class=\"uk-scope\">\n\n    <div id=\"wk-gridbb3\" class=\"uk-child-width-1-1 uk-child-width-1-2@s uk-child-width-1-2@m uk-child-width-1-2@l uk-child-width-1-2@xl uk-grid-match \" uk-height-match=\"target: &gt; div &gt; .uk-panel, &gt; div &gt; .uk-card; row: true\" uk-grid  uk-scrollspy=\"cls: uk-animation-fade; target: &gt; div &gt; .uk-panel, &gt; div &gt; .uk-card; delay: 200\" uk-lightbox=\"container: .uk-gallery-container; toggle: a[data-js-lightbox]\">\n\n            \n        <div>\n        \n<div class=\"uk-panel\">\n\n    \n        <div class=\"uk-inline-clip uk-transition-toggle \">\n\n            <img src=\"\/wp-content\/uploads\/2022\/09\/Courts_img_1.jpg\" class=\"uk-transition-scale-up uk-transition-opaque\" alt=\"Courts Img 1\">\n            \n                        <div class=\"uk-overlay uk-overlay-primary uk-position-cover uk-transition-fade\"><\/div>\n            \n            \n                                                                        <a class=\"uk-position-cover\" data-js-lightbox href=\"\/wp-content\/uploads\/2022\/09\/Courts_img_1.jpg\" data-type=\"image\" data-caption=\"Courts Img 1\"><\/a>\n                                                \n        <\/div>\n\n    \n            <div class=\"uk-grid-small uk-flex-middle\" uk-grid>\n\n            \n            <div class=\"uk-width-auto\">\n\n                <div class=\"uk-grid uk-grid-small\" uk-grid>\n\n                    \n                                        <div><a  data-js-lightbox href=\"\/wp-content\/uploads\/2022\/09\/Courts_img_1.jpg\" data-type=\"image\" data-caption=\"Courts Img 1\"><\/a><\/div>\n                    \n                <\/div>\n\n            <\/div>\n\n        <\/div>\n    \n    \n<\/div>\n        <\/div>\n\n                    \n        <div>\n        \n<div class=\"uk-panel\">\n\n    \n        <div class=\"uk-inline-clip uk-transition-toggle \">\n\n            <img src=\"\/wp-content\/uploads\/2022\/09\/Courts_img_2.jpg\" class=\"uk-transition-scale-up uk-transition-opaque\" alt=\"Courts Img 2\">\n            \n                        <div class=\"uk-overlay uk-overlay-primary uk-position-cover uk-transition-fade\"><\/div>\n            \n            \n                                                                        <a class=\"uk-position-cover\" data-js-lightbox href=\"\/wp-content\/uploads\/2022\/09\/Courts_img_2.jpg\" data-type=\"image\" data-caption=\"Courts Img 2\"><\/a>\n                                                \n        <\/div>\n\n    \n            <div class=\"uk-grid-small uk-flex-middle\" uk-grid>\n\n            \n            <div class=\"uk-width-auto\">\n\n                <div class=\"uk-grid uk-grid-small\" uk-grid>\n\n                    \n                                        <div><a  data-js-lightbox href=\"\/wp-content\/uploads\/2022\/09\/Courts_img_2.jpg\" data-type=\"image\" data-caption=\"Courts Img 2\"><\/a><\/div>\n                    \n                <\/div>\n\n            <\/div>\n\n        <\/div>\n    \n    \n<\/div>\n        <\/div>\n\n                    \n        <div>\n        \n<div class=\"uk-panel\">\n\n    \n        <div class=\"uk-inline-clip uk-transition-toggle \">\n\n            <img src=\"\/wp-content\/uploads\/2022\/09\/Courts_img_3.jpg\" class=\"uk-transition-scale-up uk-transition-opaque\" alt=\"Courts Img 3\">\n            \n                        <div class=\"uk-overlay uk-overlay-primary uk-position-cover uk-transition-fade\"><\/div>\n            \n            \n                                                                        <a class=\"uk-position-cover\" data-js-lightbox href=\"\/wp-content\/uploads\/2022\/09\/Courts_img_3.jpg\" data-type=\"image\" data-caption=\"Courts Img 3\"><\/a>\n                                                \n        <\/div>\n\n    \n            <div class=\"uk-grid-small uk-flex-middle\" uk-grid>\n\n            \n            <div class=\"uk-width-auto\">\n\n                <div class=\"uk-grid uk-grid-small\" uk-grid>\n\n                    \n                                        <div><a  data-js-lightbox href=\"\/wp-content\/uploads\/2022\/09\/Courts_img_3.jpg\" data-type=\"image\" data-caption=\"Courts Img 3\"><\/a><\/div>\n                    \n                <\/div>\n\n            <\/div>\n\n        <\/div>\n    \n    \n<\/div>\n        <\/div>\n\n                    \n        <div>\n        \n<div class=\"uk-panel\">\n\n    \n        <div class=\"uk-inline-clip uk-transition-toggle \">\n\n            <img src=\"\/wp-content\/uploads\/2022\/09\/Courts_img_4.jpg\" class=\"uk-transition-scale-up uk-transition-opaque\" alt=\"Courts Img 4\">\n            \n                        <div class=\"uk-overlay uk-overlay-primary uk-position-cover uk-transition-fade\"><\/div>\n            \n            \n                                                                        <a class=\"uk-position-cover\" data-js-lightbox href=\"\/wp-content\/uploads\/2022\/09\/Courts_img_4.jpg\" data-type=\"image\" data-caption=\"Courts Img 4\"><\/a>\n                                                \n        <\/div>\n\n    \n            <div class=\"uk-grid-small uk-flex-middle\" uk-grid>\n\n            \n            <div class=\"uk-width-auto\">\n\n                <div class=\"uk-grid uk-grid-small\" uk-grid>\n\n                    \n                                        <div><a  data-js-lightbox href=\"\/wp-content\/uploads\/2022\/09\/Courts_img_4.jpg\" data-type=\"image\" data-caption=\"Courts Img 4\"><\/a><\/div>\n                    \n                <\/div>\n\n            <\/div>\n\n        <\/div>\n    \n    \n<\/div>\n        <\/div>\n\n                    \n        <div>\n        \n<div class=\"uk-panel\">\n\n    \n        <div class=\"uk-inline-clip uk-transition-toggle \">\n\n            <img src=\"\/wp-content\/uploads\/2022\/09\/Courts_img_5.jpg\" class=\"uk-transition-scale-up uk-transition-opaque\" alt=\"Courts Img 5\">\n            \n                        <div class=\"uk-overlay uk-overlay-primary uk-position-cover uk-transition-fade\"><\/div>\n            \n            \n                                                                        <a class=\"uk-position-cover\" data-js-lightbox href=\"\/wp-content\/uploads\/2022\/09\/Courts_img_5.jpg\" data-type=\"image\" data-caption=\"Courts Img 5\"><\/a>\n                                                \n        <\/div>\n\n    \n            <div class=\"uk-grid-small uk-flex-middle\" uk-grid>\n\n            \n            <div class=\"uk-width-auto\">\n\n                <div class=\"uk-grid uk-grid-small\" uk-grid>\n\n                    \n                                        <div><a  data-js-lightbox href=\"\/wp-content\/uploads\/2022\/09\/Courts_img_5.jpg\" data-type=\"image\" data-caption=\"Courts Img 5\"><\/a><\/div>\n                    \n                <\/div>\n\n            <\/div>\n\n        <\/div>\n    \n    \n<\/div>\n        <\/div>\n\n                    \n        <div>\n        \n<div class=\"uk-panel\">\n\n    \n        <div class=\"uk-inline-clip uk-transition-toggle \">\n\n            <img src=\"\/wp-content\/uploads\/2022\/09\/Courts_img_6.jpg\" class=\"uk-transition-scale-up uk-transition-opaque\" alt=\"Courts Img 6\">\n            \n                        <div class=\"uk-overlay uk-overlay-primary uk-position-cover uk-transition-fade\"><\/div>\n            \n            \n                                                                        <a class=\"uk-position-cover\" data-js-lightbox href=\"\/wp-content\/uploads\/2022\/09\/Courts_img_6.jpg\" data-type=\"image\" data-caption=\"Courts Img 6\"><\/a>\n                                                \n        <\/div>\n\n    \n            <div class=\"uk-grid-small uk-flex-middle\" uk-grid>\n\n            \n            <div class=\"uk-width-auto\">\n\n                <div class=\"uk-grid uk-grid-small\" uk-grid>\n\n                    \n                                        <div><a  data-js-lightbox href=\"\/wp-content\/uploads\/2022\/09\/Courts_img_6.jpg\" data-type=\"image\" data-caption=\"Courts Img 6\"><\/a><\/div>\n                    \n                <\/div>\n\n            <\/div>\n\n        <\/div>\n    \n    \n<\/div>\n        <\/div>\n\n            \n    <\/div>\n\n\n\n<script>\n\n    (function(UIkit){\n\n        var $ = UIkit.util;\n\n        $.ready(function () {\n            if (!$.$('.uk-gallery-container')) {\n                $.append(document.body, '<div class=\"uk-scope uk-gallery-container\">');\n            }\n        });\n\n    })(window.UIkitwk || window.UIkit);\n\n<\/script>\n<\/div><\/div>\r\n<div class=\"container\">\r\n<div class=\"accordion-body\">\r\n<div class=\"accordion\">\r\n<div class=\"container\">\r\n<div class=\"label\">\u0160ljaka koja \u0161ljaka.<\/div>\r\n<div class=\"content\">\r\n<p class=\"p1\">Na\u0161i tereni su opremljeni savremenim podlogama koje se koriste na najve\u0107im turnirima.<\/p>\r\n<p class=\"p1\"><b>NTC tereni sa \u0161ljlakom<\/b> koriste Cremonini vi\u0161eslojnu crvenu sljaku koja se koristi i na Rolan Garosu. Cremonini \u0161ljaka sastoji se iz vi\u0161e slojeva:<\/p>\r\n<p class=\"p1\">Donji sloj \u2013 zbog svoje postojanosti pru\u017ea efektivnu podlogu za gornje slojeve; kreiran tako da mu je potrebno minimalno kva\u0161enje, a u slu\u010daju ki\u0161e efektivno odliva vi\u0161ak vode.<\/p>\r\n<p class=\"p1\">Teniski podsloj (sredi\u0161nji sloj) \u2013 glavna komponenta terena sa \u0161ljakom. Obezbe\u0111uje elasti\u010dnost, kompaktnost i efektivno odlivanje vi\u0161ka vode; ovaj sloj Cremonini \u0161ljaci daje rasko\u0161nu crvenu boju.<\/p>\r\n<p class=\"p1\">Teniski gornji sloj \u2013 sastoji se od pa\u017eljivo odabrane crvene cigle, bez imalo ne\u010disto\u0107a; poznat kao \u201cnajcrveniji\u201d na tr\u017ei\u0161tu.<\/p>\r\n<p class=\"p1\">Vetrootporni teniski gornji sloj \u2013 iste boje i sastava kao Cremonini gornji sloj, ali sa ve\u0107om veli\u010dinom zrna koja garantuje bolju postojanost na terenu, u slu\u010daju ki\u0161e i vetra.<\/p>\r\n<p class=\"p1\">Na\u0161i tereni su opremljeni savremenim podlogama koje se koriste na najve\u0107im turnirima.<\/p>\r\n<p class=\"p1\"><b>Vi\u0161eslojna tvrda podloga DecoTurf<\/b> je trajna i postojana i zahteva minimalno odr\u017eavanje. Kreirana je od vi\u0161e slojeva gumenih granula zbog \u010dega podloga \u201cdi\u0161e\u201d.<span class=\"Apple-converted-space\">\u00a0<\/span><\/p>\r\n<p class=\"p1\">Zbog meko\u0107e koju stvaraju njeni slojevi, DecoTurf podloga smanjuje pritisak na kolena i zglobove u igri, smanjuju\u0107i rizik od povrede igra\u010da.<\/p>\r\n<p class=\"p1\">Akrilna boja podloge je jako izdr\u017eljiva, ne pokazuju\u0107i promene usled vremenskih uslova i UV zra\u010denja, tako da godinama ostaje potpuno nepromenjena.<\/p>\r\n<p class=\"p1\">Podloga je kreirana od recikliranih materijala, a koristi se na najve\u0107im svetskim turnirima \u2013 zvani\u010dna je podloga na US Open-u od 1978., a primenjuju je i turniri u Dubaiju, Montrealu, Sinsinatiju, Pekingu, \u0160angaju, kao i mnogi Dejvis kup me\u010devi.<\/p>\r\n\r\n<\/div>\r\n<\/div>\r\n<\/div>\r\n<\/div>\r\n<\/div>\r\n<\/div>","protected":false},"excerpt":{"rendered":"<p>\u0160ljaka koja \u0161ljaka. Na\u0161i tereni su opremljeni savremenim podlogama koje se koriste na najve\u0107im turnirima. NTC tereni sa \u0161ljlakom koriste Cremonini vi\u0161eslojnu crvenu sljaku koja se koristi i na Rolan Garosu. Cremonini \u0161ljaka sastoji se iz vi\u0161e slojeva: Donji sloj \u2013 zbog svoje postojanosti pru\u017ea efektivnu podlogu za gornje slojeve; kreiran tako da mu je [&hellip;]<\/p>\n","protected":false},"author":1,"featured_media":0,"parent":4094,"menu_order":0,"comment_status":"closed","ping_status":"closed","template":"template-facilities.php","meta":[],"godina":[],"acf":[],"_links":{"self":[{"href":"https:\/\/ntc.server.develop.in.rs\/sr\/wp-json\/wp\/v2\/pages\/4096"}],"collection":[{"href":"https:\/\/ntc.server.develop.in.rs\/sr\/wp-json\/wp\/v2\/pages"}],"about":[{"href":"https:\/\/ntc.server.develop.in.rs\/sr\/wp-json\/wp\/v2\/types\/page"}],"author":[{"embeddable":true,"href":"https:\/\/ntc.server.develop.in.rs\/sr\/wp-json\/wp\/v2\/users\/1"}],"replies":[{"embeddable":true,"href":"https:\/\/ntc.server.develop.in.rs\/sr\/wp-json\/wp\/v2\/comments?post=4096"}],"version-history":[{"count":11,"href":"https:\/\/ntc.server.develop.in.rs\/sr\/wp-json\/wp\/v2\/pages\/4096\/revisions"}],"predecessor-version":[{"id":6146,"href":"https:\/\/ntc.server.develop.in.rs\/sr\/wp-json\/wp\/v2\/pages\/4096\/revisions\/6146"}],"up":[{"embeddable":true,"href":"https:\/\/ntc.server.develop.in.rs\/sr\/wp-json\/wp\/v2\/pages\/4094"}],"wp:attachment":[{"href":"https:\/\/ntc.server.develop.in.rs\/sr\/wp-json\/wp\/v2\/media?parent=4096"}],"wp:term":[{"taxonomy":"godina","embeddable":true,"href":"https:\/\/ntc.server.develop.in.rs\/sr\/wp-json\/wp\/v2\/godina?post=4096"}],"curies":[{"name":"wp","href":"https:\/\/api.w.org\/{rel}","templated":true}]}}