{"id":4090,"date":"2022-06-22T19:08:31","date_gmt":"2022-06-22T19:08:31","guid":{"rendered":"https:\/\/www.beta.novaktenniscenter.com\/?page_id=4090"},"modified":"2022-08-11T12:49:40","modified_gmt":"2022-08-11T12:49:40","slug":"pravilnici","status":"publish","type":"page","link":"https:\/\/ntc.server.develop.in.rs\/sr\/o-nama\/pravilnici\/","title":{"rendered":"Pravilnici"},"content":{"rendered":"<div class=\"coach_policy\">\r\n<h2 class=\"center\"> Primenom odgovaraju\u0107eg sportskog pona\u0161anja ostvari\u0107emo iskreno, zdravo i prijatano sportsko okru\u017eenje. Za sve nejasno\u0107e i probleme koji se budu javili u njegovoj primeni pravilnika, roditelji treba da se obrate odgovornom licu. Vrlo je va\u017eno da budete svesni da se deca pona\u0161aju druga\u010dije kada ste Vi prisutni, zato nam je jako bitno da nam dozvolite da dobijemo njihovo poverenje i treniramo sa njima bez Va\u0161eg prisustva. <\/h2>\r\n<div class=\"ul_wrapper\">\r\n<ul>\r\n \t<li><strong>1.<\/strong>Samo trener i dete\/igrac mogu da budu na terenu\/teretani za vreme treninga. Centar nala\u017ee da roditelji\/staratelji i \u010dlanovi porodice ne ulaze na teniski teren  i teretanu za vreme treneninga da bi se trenerima obezbedio kvalitetniji rad sa detetom\/igracem.<\/li>\r\n \t<li><strong>2.<\/strong>Po\u0161tujte i uva\u017eavajte trenere svoga deteta, trudite se da sa njima nikada ne razgovarate za vreme treninga ili takmi\u010denja i nikada u prisustvu deteta, ve\u0107 na dogovorenom mestu.\r\n<\/li>\r\n<li><strong>3.<\/strong>Ukoliko imate sugestije, konstruktivnu kritiku i zamerke na rad trenera, tim \u201cNovak Tenis Centra\u201d je tu da Vas saslu\u0161a i uva\u017ei Va\u0161e mi\u0161ljenje.\u2028<\/li>\r\n<\/ul>\r\n<ul>\r\n<li><strong>4.<\/strong>Roditeljima\/starateljima \u0107e biti dozvoljeno da prisustvuju jednom treningu nedeljno, radi uvida u na\u010din rada i to isklju\u010divo u prisustvu i dogovoru sa trenerom.\r\n<\/li>\t\t\r\n \t<li><strong>5.<\/strong>PFizi\u010dki kontakt ili pretnja u okviru \u201cNovak Tenis Centra\u201d, \u0107e biti najstro\u017ee sankcionisana u vidu  zabrane prisustva roditelja\/staratelja \u201cNovak Tenis Centru\u201d<\/li>\r\n \t<li><strong>6.<\/strong>Verbalna komunikacija roditelja\/staratelja, \u010dlanova porodice sa detetom\/igracem i trenerom za vreme treninga nije dozvoljena osim u posebnim okolnostima\/potrebama.<\/li>\r\n<\/ul>\r\n<ul>\r\n \t<li><strong>7.<\/strong>Roditelji\/staratelji ne smeju u razgovoru sa detetom da naru\u0161avaju autoritet trenera, ve\u0107 ako postoji bilo kakav vid nezadovoljstva to izlo\u017ee na sastanku sa odgovornim ili glavnim trenerom.<\/li>\r\n<li><strong>8.<\/strong>Centar \u0107e prezentovati roditeljima\/starateljima plan rada i razvoja deteta i u skladu sa tim, pru\u017eati uvid u postignut napredak na svim poljima ili uvoditi eventualne promene u programu i na\u010dinu rada, uz mogu\u0107u sugestiju roditelja.  <\/li>\r\n \t<li><strong>9.<\/strong> Komunikacija sa trenerima van radnog vremena se ne praktikuje, osim u dogovoru sa trenerom, isklju\u010divo po potrebi i samo u vanrednim okolnostima. Po\u0161tujte privatnost trenera Va\u0161eg deteta, kao sto \u0107e i trener po\u0161tovati privatnost Vas i Va\u0161e porodice.<\/li>\r\n<\/ul>\r\n<ul>\r\n<li><strong>10.<\/strong>Molimo Vas da pla\u0107anja vr\u0161ite na vreme, u suprotnom, ka\u0161njenjem rizikujete mesto u \u201cNovak Tenis Centru\u201d kao i diskontinuitet treninga Va\u0161eg deteta<\/li>\r\n<li><strong>11.<\/strong>Svako dete tokom nedelje \u0107e igrati sa decom slabijeg, istog ili ja\u010deg ranga.<\/li>\r\n\r\n<li><strong>12.<\/strong>Centar \u0107e, kroz specijano osmi\u0161ljenje radionice i edukativne programe koje se preporucuju roditeljima radi boljeg uvida u potencijalne izazove na putu profesionalnog sporta i tako pru\u017eiti podr\u0161ku roditeljima\/starateljima u razumevanju njihove uloge.<\/li>\r\n \r\n<li>Napomena: U slucaju povreda pravilnika &#8211; menad\u017ement izdaje sankciju u skladu sa tim<\/li>\r\n<\/ul>\r\n<\/div>\r\n<\/div>","protected":false},"excerpt":{"rendered":"<p>Primenom odgovaraju\u0107eg sportskog pona\u0161anja ostvari\u0107emo iskreno, zdravo i prijatano sportsko okru\u017eenje. Za sve nejasno\u0107e i probleme koji se budu javili u njegovoj primeni pravilnika, roditelji treba da se obrate odgovornom licu. Vrlo je va\u017eno da budete svesni da se deca pona\u0161aju druga\u010dije kada ste Vi prisutni, zato nam je jako bitno da nam dozvolite da [&hellip;]<\/p>\n","protected":false},"author":1,"featured_media":0,"parent":21,"menu_order":0,"comment_status":"closed","ping_status":"closed","template":"","meta":[],"godina":[],"acf":[],"_links":{"self":[{"href":"https:\/\/ntc.server.develop.in.rs\/sr\/wp-json\/wp\/v2\/pages\/4090"}],"collection":[{"href":"https:\/\/ntc.server.develop.in.rs\/sr\/wp-json\/wp\/v2\/pages"}],"about":[{"href":"https:\/\/ntc.server.develop.in.rs\/sr\/wp-json\/wp\/v2\/types\/page"}],"author":[{"embeddable":true,"href":"https:\/\/ntc.server.develop.in.rs\/sr\/wp-json\/wp\/v2\/users\/1"}],"replies":[{"embeddable":true,"href":"https:\/\/ntc.server.develop.in.rs\/sr\/wp-json\/wp\/v2\/comments?post=4090"}],"version-history":[{"count":4,"href":"https:\/\/ntc.server.develop.in.rs\/sr\/wp-json\/wp\/v2\/pages\/4090\/revisions"}],"predecessor-version":[{"id":5389,"href":"https:\/\/ntc.server.develop.in.rs\/sr\/wp-json\/wp\/v2\/pages\/4090\/revisions\/5389"}],"up":[{"embeddable":true,"href":"https:\/\/ntc.server.develop.in.rs\/sr\/wp-json\/wp\/v2\/pages\/21"}],"wp:attachment":[{"href":"https:\/\/ntc.server.develop.in.rs\/sr\/wp-json\/wp\/v2\/media?parent=4090"}],"wp:term":[{"taxonomy":"godina","embeddable":true,"href":"https:\/\/ntc.server.develop.in.rs\/sr\/wp-json\/wp\/v2\/godina?post=4090"}],"curies":[{"name":"wp","href":"https:\/\/api.w.org\/{rel}","templated":true}]}}