{"id":4088,"date":"2022-06-22T19:08:17","date_gmt":"2022-06-22T19:08:17","guid":{"rendered":"https:\/\/www.beta.novaktenniscenter.com\/?page_id=4088"},"modified":"2022-12-05T15:52:19","modified_gmt":"2022-12-05T15:52:19","slug":"misija-i-vizija","status":"publish","type":"page","link":"https:\/\/ntc.server.develop.in.rs\/sr\/o-nama\/misija-i-vizija\/","title":{"rendered":"Misija i Vizija"},"content":{"rendered":"<div class=\"wrapper\">\r\n<div class=\"left_col\"><img decoding=\"async\" loading=\"lazy\" class=\"alignnone size-full wp-image-5143\" src=\"\/wp-content\/uploads\/2022\/08\/Mission_Vision_Novak.jpg\" alt=\"\" width=\"825\" height=\"621\" srcset=\"https:\/\/ntc.server.develop.in.rs\/wp-content\/uploads\/2022\/08\/Mission_Vision_Novak.jpg 825w, https:\/\/ntc.server.develop.in.rs\/wp-content\/uploads\/2022\/08\/Mission_Vision_Novak-300x226.jpg 300w, https:\/\/ntc.server.develop.in.rs\/wp-content\/uploads\/2022\/08\/Mission_Vision_Novak-768x578.jpg 768w\" sizes=\"(max-width: 825px) 100vw, 825px\" \/><\/div>\r\n<div class=\"right_col\">\r\n<ul>\r\n \t<li><strong> Novak Tenis Centar u svom radu sprovodi misiju i viziju jedinstvenog holisti\u010dkog pristupa pripremi i razvoju mladih sportista. Na\u0161a pa\u017enja usmerena je na kako trena\u017eni proces, tako i na edukativne i vrednosne aspekte karaktera svakog pojedinca u okviru centra. <\/strong><\/li>\r\n \t<li>Pristup i na\u010din rada koji u centru \u017eelimo da negujemo se zasnivaju na \u017eivotnim vrednostima, volji i \u017eelji za napretkom i li\u010dnim razvojem na svim poljima.<\/li>\r\n \t<li>Imamo podr\u0161ku najve\u0107ih svetskih stru\u010dnjaka, koji prenose svoje znanje i iskustvo. Svoj sistem na\u0161i stru\u010dnjaci implementiraju kroz edukativne sadr\u017eaje, kao i najsavremeniju tehniku, ma\u0161ine i ure\u0111aje. Tako stvaramo ambijent i uslove za razvoj svakog pojedinca koji ima \u017eelju da radi na sebi i sa nama deli iste vrednosti i ciljeve.<\/li>\r\n \t<li>Na\u0161a filozofija je da stvaramo \u201c\u0160ampione \u017eivota\u201d, koji \u0107e svojim zalaganjem i trudom do\u0107i do svojih jedinsvenih ciljeva i rezultata i dosti\u0107i maksimum svojih potencijala. Krajnji cilj? Razvoj na\u0161ih sportista u zadovoljne i ostvarene li\u010dnosti, kako na profesionalnom tako i na li\u010dnom planu.<\/li>\r\n<\/ul>\r\n<\/div>\r\n<\/div>","protected":false},"excerpt":{"rendered":"<p>Novak Tenis Centar u svom radu sprovodi misiju i viziju jedinstvenog holisti\u010dkog pristupa pripremi i razvoju mladih sportista. Na\u0161a pa\u017enja usmerena je na kako trena\u017eni proces, tako i na edukativne i vrednosne aspekte karaktera svakog pojedinca u okviru centra. Pristup i na\u010din rada koji u centru \u017eelimo da negujemo se zasnivaju na \u017eivotnim vrednostima, volji [&hellip;]<\/p>\n","protected":false},"author":1,"featured_media":0,"parent":21,"menu_order":0,"comment_status":"closed","ping_status":"closed","template":"template-fullwidth.php","meta":[],"godina":[],"acf":[],"_links":{"self":[{"href":"https:\/\/ntc.server.develop.in.rs\/sr\/wp-json\/wp\/v2\/pages\/4088"}],"collection":[{"href":"https:\/\/ntc.server.develop.in.rs\/sr\/wp-json\/wp\/v2\/pages"}],"about":[{"href":"https:\/\/ntc.server.develop.in.rs\/sr\/wp-json\/wp\/v2\/types\/page"}],"author":[{"embeddable":true,"href":"https:\/\/ntc.server.develop.in.rs\/sr\/wp-json\/wp\/v2\/users\/1"}],"replies":[{"embeddable":true,"href":"https:\/\/ntc.server.develop.in.rs\/sr\/wp-json\/wp\/v2\/comments?post=4088"}],"version-history":[{"count":6,"href":"https:\/\/ntc.server.develop.in.rs\/sr\/wp-json\/wp\/v2\/pages\/4088\/revisions"}],"predecessor-version":[{"id":6148,"href":"https:\/\/ntc.server.develop.in.rs\/sr\/wp-json\/wp\/v2\/pages\/4088\/revisions\/6148"}],"up":[{"embeddable":true,"href":"https:\/\/ntc.server.develop.in.rs\/sr\/wp-json\/wp\/v2\/pages\/21"}],"wp:attachment":[{"href":"https:\/\/ntc.server.develop.in.rs\/sr\/wp-json\/wp\/v2\/media?parent=4088"}],"wp:term":[{"taxonomy":"godina","embeddable":true,"href":"https:\/\/ntc.server.develop.in.rs\/sr\/wp-json\/wp\/v2\/godina?post=4088"}],"curies":[{"name":"wp","href":"https:\/\/api.w.org\/{rel}","templated":true}]}}