{"id":21,"date":"2019-07-21T17:47:36","date_gmt":"2019-07-21T17:47:36","guid":{"rendered":"http:\/\/novak.develop.in.rs\/?page_id=21"},"modified":"2022-06-22T19:07:57","modified_gmt":"2022-06-22T19:07:57","slug":"o-nama","status":"publish","type":"page","link":"https:\/\/ntc.server.develop.in.rs\/sr\/o-nama\/","title":{"rendered":"O nama"},"content":{"rendered":"<div class=\"wrapper\">\r\n<div class=\"left\"><img decoding=\"async\" class=\"\" src=\"\/wp-content\/uploads\/2019\/08\/MG_0462-1.jpg\" \/><\/div>\r\n<div class=\"right\">\r\n<p>Teniski centar Novak se nalazi na Dor\u0107olu, u sklopu Sportskog centra \u201cMilan Gale Mu\u0161katirovi\u0107\u201d, sa predivnim okru\u017eenjem Kalemegdana i kulom Neboj\u0161a, kao i u\u0161\u0107e dveju reka, Save u Dunav.<\/p>\r\n<p>Teniski centar Novak iza sebe ima zna\u010dajnu istoriju, jer se ba\u0161 na terenima na\u0161eg centra, po prvi put 2009. godine, u Srbiji odr\u017eava jedan ATP turnir. Zahvaljuju\u0107i tom turniru Beograd i Srbija dobijaju svoje mesto na teniskoj mapi u svetu.<\/p>\r\n<p>Zahvaljuju\u0107i svojoj velikoj raznovrsnosti, koji uklju\u010duju teniske terene, fudbalski teren, trofejnu sobu, unutra\u0161nji i spoljni kafi\u0107 sa ba\u0161tom, kao i de\u010dije igrali\u0161te, smatramo da Teniski Centra Novak pru\u017ea idealne sportske, kao i porodi\u010dne, uslove za aktivnost i opu\u0161tanje u sjajnom okru\u017eenju, sa puno zelenila i predivnim pogledom. Posetite nas i otkrijte sami&#8230;<\/p>\r\n<p>Pored fantasti\u010dnog ambijenta tokom ove letnje sezone za Vas smo pripremili i neverovatne ponude !<\/p>\r\n<p>Iskoriste ovu sjajnu priliku da igrate i u\u017eivate u na\u0161em prelepom kompleksu. Za sve dodatne informacije kontaktirajte info pult Teniskog centra Novak.<\/p>\r\n<h3 style=\"color: #a9c160;margin-top:40px;\">Termini:<\/h3>\r\n<p>Pored fantasti\u010dnog ambijenta tokom ove\u00a0letnje sezone\u00a0za Vas smo pripremili i neverovatne ponude!<\/p>\r\n<p>Iskoriste ovu sjajnu priliku da igrate i u\u017eivate u na\u0161em prelepom kompleksu.<\/p>\r\n<p>Za sve dodatne informacije kontaktirajte info pult Teniskog centra Novak.<\/p>\r\n\r\n<div class=\"small_slider\"><div class=\"uk-scope\">\n\n    <div id=\"wk-gridc1b\" class=\"uk-child-width-1-1 uk-child-width-1-2@s uk-child-width-1-3@m uk-child-width-1-3@l uk-child-width-1-4@xl uk-grid-match \" uk-height-match=\"target: &gt; div &gt; .uk-panel, &gt; div &gt; .uk-card; row: true\" uk-grid  uk-lightbox=\"container: .uk-gallery-container; toggle: a[data-js-lightbox]\">\n\n            \n        <div>\n        \n<div class=\"uk-panel\">\n\n    \n        <div class=\"uk-inline-clip uk-transition-toggle \">\n\n            <img src=\"https:\/\/ntc.server.develop.in.rs\/wp-admin\/admin-ajax.php?p=image&amp;w=&amp;h=160&amp;strategy=&amp;file=wp-content%2Fuploads%2F2019%2F08%2FMG_0438-min.jpg&amp;hash=0fc20710b8e2ac4d708d408c08cd1d59&amp;action=widgetkit\" class=\"uk-transition-scale uk-transition-opaque\" height=\"160\">\n            \n                        <div class=\"uk-overlay uk-overlay-primary uk-position-cover uk-transition-fade\"><\/div>\n            \n                            <div class=\"uk-position-center uk-light\">\n                    <span class=\"uk-transition-fade\" uk-overlay-icon><\/span>\n                <\/div>\n            \n                                                                        <a class=\"uk-position-cover\" data-js-lightbox href=\"\/wp-content\/uploads\/2019\/08\/MG_0438-min.jpg\" data-type=\"image\" ><\/a>\n                                                \n        <\/div>\n\n    \n    \n        \n        \n    \n    \n<\/div>\n        <\/div>\n\n                    \n        <div>\n        \n<div class=\"uk-panel\">\n\n    \n        <div class=\"uk-inline-clip uk-transition-toggle \">\n\n            <img src=\"https:\/\/ntc.server.develop.in.rs\/wp-admin\/admin-ajax.php?p=image&amp;w=&amp;h=160&amp;strategy=&amp;file=wp-content%2Fuploads%2F2019%2F08%2FMG_0443-min.jpg&amp;hash=bab27ea1844528c4c7f1e67265cd0578&amp;action=widgetkit\" class=\"uk-transition-scale uk-transition-opaque\" height=\"160\">\n            \n                        <div class=\"uk-overlay uk-overlay-primary uk-position-cover uk-transition-fade\"><\/div>\n            \n                            <div class=\"uk-position-center uk-light\">\n                    <span class=\"uk-transition-fade\" uk-overlay-icon><\/span>\n                <\/div>\n            \n                                                                        <a class=\"uk-position-cover\" data-js-lightbox href=\"\/wp-content\/uploads\/2019\/08\/MG_0443-min.jpg\" data-type=\"image\" ><\/a>\n                                                \n        <\/div>\n\n    \n    \n        \n        \n    \n    \n<\/div>\n        <\/div>\n\n                    \n        <div>\n        \n<div class=\"uk-panel\">\n\n    \n        <div class=\"uk-inline-clip uk-transition-toggle \">\n\n            <img src=\"https:\/\/ntc.server.develop.in.rs\/wp-admin\/admin-ajax.php?p=image&amp;w=&amp;h=160&amp;strategy=&amp;file=wp-content%2Fuploads%2F2019%2F08%2FMG_0445-min.jpg&amp;hash=624aced39237ee8cad0a2ee8a98aac7b&amp;action=widgetkit\" class=\"uk-transition-scale uk-transition-opaque\" height=\"160\">\n            \n                        <div class=\"uk-overlay uk-overlay-primary uk-position-cover uk-transition-fade\"><\/div>\n            \n                            <div class=\"uk-position-center uk-light\">\n                    <span class=\"uk-transition-fade\" uk-overlay-icon><\/span>\n                <\/div>\n            \n                                                                        <a class=\"uk-position-cover\" data-js-lightbox href=\"\/wp-content\/uploads\/2019\/08\/MG_0445-min.jpg\" data-type=\"image\" ><\/a>\n                                                \n        <\/div>\n\n    \n    \n        \n        \n    \n    \n<\/div>\n        <\/div>\n\n                    \n        <div>\n        \n<div class=\"uk-panel\">\n\n    \n        <div class=\"uk-inline-clip uk-transition-toggle \">\n\n            <img src=\"https:\/\/ntc.server.develop.in.rs\/wp-admin\/admin-ajax.php?p=image&amp;w=&amp;h=160&amp;strategy=&amp;file=wp-content%2Fuploads%2F2019%2F08%2FMG_0464-min.jpg&amp;hash=925c3cdbb19f5ab0f0911820fba3935c&amp;action=widgetkit\" class=\"uk-transition-scale uk-transition-opaque\" height=\"160\">\n            \n                        <div class=\"uk-overlay uk-overlay-primary uk-position-cover uk-transition-fade\"><\/div>\n            \n                            <div class=\"uk-position-center uk-light\">\n                    <span class=\"uk-transition-fade\" uk-overlay-icon><\/span>\n                <\/div>\n            \n                                                                        <a class=\"uk-position-cover\" data-js-lightbox href=\"\/wp-content\/uploads\/2019\/08\/MG_0464-min.jpg\" data-type=\"image\" ><\/a>\n                                                \n        <\/div>\n\n    \n    \n        \n        \n    \n    \n<\/div>\n        <\/div>\n\n            \n    <\/div>\n\n\n\n<script>\n\n    (function(UIkit){\n\n        var $ = UIkit.util;\n\n        $.ready(function () {\n            if (!$.$('.uk-gallery-container')) {\n                $.append(document.body, '<div class=\"uk-scope uk-gallery-container\">');\n            }\n        });\n\n    })(window.UIkitwk || window.UIkit);\n\n<\/script>\n<\/div><\/div>\r\n<\/div>\r\n<\/div>\r\n<!-- \/wp:html -->","protected":false},"excerpt":{"rendered":"<p>Teniski centar Novak se nalazi na Dor\u0107olu, u sklopu Sportskog centra \u201cMilan Gale Mu\u0161katirovi\u0107\u201d, sa predivnim okru\u017eenjem Kalemegdana i kulom Neboj\u0161a, kao i u\u0161\u0107e dveju reka, Save u Dunav. Teniski centar Novak iza sebe ima zna\u010dajnu istoriju, jer se ba\u0161 na terenima na\u0161eg centra, po prvi put 2009. godine, u Srbiji odr\u017eava jedan ATP turnir. [&hellip;]<\/p>\n","protected":false},"author":1,"featured_media":1333,"parent":0,"menu_order":0,"comment_status":"closed","ping_status":"closed","template":"","meta":[],"godina":[],"acf":[],"_links":{"self":[{"href":"https:\/\/ntc.server.develop.in.rs\/sr\/wp-json\/wp\/v2\/pages\/21"}],"collection":[{"href":"https:\/\/ntc.server.develop.in.rs\/sr\/wp-json\/wp\/v2\/pages"}],"about":[{"href":"https:\/\/ntc.server.develop.in.rs\/sr\/wp-json\/wp\/v2\/types\/page"}],"author":[{"embeddable":true,"href":"https:\/\/ntc.server.develop.in.rs\/sr\/wp-json\/wp\/v2\/users\/1"}],"replies":[{"embeddable":true,"href":"https:\/\/ntc.server.develop.in.rs\/sr\/wp-json\/wp\/v2\/comments?post=21"}],"version-history":[{"count":25,"href":"https:\/\/ntc.server.develop.in.rs\/sr\/wp-json\/wp\/v2\/pages\/21\/revisions"}],"predecessor-version":[{"id":1135,"href":"https:\/\/ntc.server.develop.in.rs\/sr\/wp-json\/wp\/v2\/pages\/21\/revisions\/1135"}],"wp:featuredmedia":[{"embeddable":true,"href":"https:\/\/ntc.server.develop.in.rs\/sr\/wp-json\/wp\/v2\/media\/1333"}],"wp:attachment":[{"href":"https:\/\/ntc.server.develop.in.rs\/sr\/wp-json\/wp\/v2\/media?parent=21"}],"wp:term":[{"taxonomy":"godina","embeddable":true,"href":"https:\/\/ntc.server.develop.in.rs\/sr\/wp-json\/wp\/v2\/godina?post=21"}],"curies":[{"name":"wp","href":"https:\/\/api.w.org\/{rel}","templated":true}]}}